{"id":1116,"date":"2022-07-08T17:38:54","date_gmt":"2022-07-08T13:38:54","guid":{"rendered":"https:\/\/parlapharma.com\/?page_id=1116"},"modified":"2023-10-11T09:12:53","modified_gmt":"2023-10-11T05:12:53","slug":"appilication-form","status":"publish","type":"page","link":"https:\/\/parlapharma.com\/az\/appilication-form\/","title":{"rendered":"M\u00fcraci\u0259t Formas\u0131"},"content":{"rendered":"<div data-elementor-type=\"wp-page\" data-elementor-id=\"1116\" class=\"elementor elementor-1116\" data-elementor-post-type=\"page\">\n\t\t\t\t\t\t<section class=\"elementor-section elementor-top-section elementor-element elementor-element-75ec1e0e elementor-section-boxed elementor-section-height-default elementor-section-height-default\" data-id=\"75ec1e0e\" data-element_type=\"section\" data-settings=\"{&quot;background_background&quot;:&quot;classic&quot;}\">\n\t\t\t\t\t\t\t<div class=\"elementor-background-overlay\"><\/div>\n\t\t\t\t\t\t\t<div class=\"elementor-container elementor-column-gap-default\">\n\t\t\t\t\t<div class=\"elementor-column elementor-col-100 elementor-top-column elementor-element elementor-element-4ba7e3c7\" data-id=\"4ba7e3c7\" data-element_type=\"column\">\n\t\t\t<div class=\"elementor-widget-wrap elementor-element-populated\">\n\t\t\t\t\t\t<div class=\"elementor-element elementor-element-27fbb479 elementor-icon-list--layout-inline elementor-align-center elementor-mobile-align-center elementor-list-item-link-full_width elementor-widget elementor-widget-icon-list\" data-id=\"27fbb479\" data-element_type=\"widget\" data-widget_type=\"icon-list.default\">\n\t\t\t\t<div class=\"elementor-widget-container\">\n\t\t\t\t\t\t\t<ul class=\"elementor-icon-list-items elementor-inline-items\">\n\t\t\t\t\t\t\t<li class=\"elementor-icon-list-item elementor-inline-item\">\n\t\t\t\t\t\t\t\t\t\t\t<a href=\"https:\/\/parlapharma.com\/az\/careeres\/\">\n\n\t\t\t\t\t\t\t\t\t\t\t<span class=\"elementor-icon-list-text\">Karyera<\/span>\n\t\t\t\t\t\t\t\t\t\t\t<\/a>\n\t\t\t\t\t\t\t\t\t<\/li>\n\t\t\t\t\t\t\t\t<li class=\"elementor-icon-list-item elementor-inline-item\">\n\t\t\t\t\t\t\t\t\t\t\t<a href=\"https:\/\/parlapharma.com\/az\/appilication-form\/\">\n\n\t\t\t\t\t\t\t\t\t\t\t\t<span class=\"elementor-icon-list-icon\">\n\t\t\t\t\t\t\t<svg aria-hidden=\"true\" class=\"e-font-icon-svg e-fas-chevron-right\" viewbox=\"0 0 320 512\" xmlns=\"http:\/\/www.w3.org\/2000\/svg\"><path d=\"M285.476 272.971L91.132 467.314c-9.373 9.373-24.569 9.373-33.941 0l-22.667-22.667c-9.357-9.357-9.375-24.522-.04-33.901L188.505 256 34.484 101.255c-9.335-9.379-9.317-24.544.04-33.901l22.667-22.667c9.373-9.373 24.569-9.373 33.941 0L285.475 239.03c9.373 9.372 9.373 24.568.001 33.941z\"><\/path><\/svg>\t\t\t\t\t\t<\/span>\n\t\t\t\t\t\t\t\t\t\t<span class=\"elementor-icon-list-text\">Application Form<\/span>\n\t\t\t\t\t\t\t\t\t\t\t<\/a>\n\t\t\t\t\t\t\t\t\t<\/li>\n\t\t\t\t\t\t<\/ul>\n\t\t\t\t\t\t<\/div>\n\t\t\t\t<\/div>\n\t\t\t\t\t<\/div>\n\t\t<\/div>\n\t\t\t\t\t<\/div>\n\t\t<\/section>\n\t\t<div class=\"elementor-element elementor-element-9bb4798 e-flex e-con-boxed e-con e-parent\" data-id=\"9bb4798\" data-element_type=\"container\">\n\t\t\t\t\t<div class=\"e-con-inner\">\n\t\t\t\t<div class=\"elementor-element elementor-element-e6aaf99 elementor-widget elementor-widget-heading\" data-id=\"e6aaf99\" data-element_type=\"widget\" data-widget_type=\"heading.default\">\n\t\t\t\t<div class=\"elementor-widget-container\">\n\t\t\t\t\t<h2 class=\"elementor-heading-title elementor-size-default\">M\u00fcraci\u0259t Formas\u0131<\/h2>\t\t\t\t<\/div>\n\t\t\t\t<\/div>\n\t\t\t\t\t<\/div>\n\t\t\t\t<\/div>\n\t\t<div class=\"elementor-element elementor-element-470db7a e-flex e-con-boxed e-con e-parent\" data-id=\"470db7a\" data-element_type=\"container\">\n\t\t\t\t\t<div class=\"e-con-inner\">\n\t\t\t\t<div class=\"elementor-element elementor-element-bac60c1 elementor-widget elementor-widget-text-editor\" data-id=\"bac60c1\" data-element_type=\"widget\" data-widget_type=\"text-editor.default\">\n\t\t\t\t<div class=\"elementor-widget-container\">\n\t\t\t\t\t\t\t\t\t<h4 class=\"ParlaLogo AboutUsSlidersContent\"><span style=\"color: #0c4465;\"><strong>Biziml\u0259 i\u015fl\u0259m\u0259y\u0259 maraq g\u00f6st\u0259rdiyiniz \u00fc\u00e7\u00fcn t\u0259\u015f\u0259kk\u00fcr edirik. Siz\u0259 uy\u011f\u00fcn m\u00f6vcud i\u015f imkanlar\u0131 \u00fc\u00e7\u00fcn vakansiyalar b\u00f6lm\u0259miz\u0259 ba\u015f \u00e7\u0259kin v\u0259 \u0130\u015f \u00fc\u00e7\u00fcn M\u00fcraci\u0259t Formas\u0131n\u0131 doldurmaqla \u0259riz\u0259nizi biz\u0259 g\u00f6nd\u0259rin.<\/strong><\/span><\/h4>\t\t\t\t\t\t\t\t<\/div>\n\t\t\t\t<\/div>\n\t\t\t\t\t<\/div>\n\t\t\t\t<\/div>\n\t\t<div class=\"elementor-element elementor-element-5445365 e-flex e-con-boxed e-con e-parent\" data-id=\"5445365\" data-element_type=\"container\">\n\t\t\t\t\t<div class=\"e-con-inner\">\n\t\t\t\t<div class=\"elementor-element elementor-element-d8b5e82 elementor-widget elementor-widget-wpforms\" data-id=\"d8b5e82\" data-element_type=\"widget\" data-widget_type=\"wpforms.default\">\n\t\t\t\t<div class=\"elementor-widget-container\">\n\t\t\t\t\t<div class=\"wpforms-container\" id=\"wpforms-1434\"><form id=\"wpforms-form-1434\" class=\"wpforms-validate wpforms-form wpforms-ajax-form\" data-formid=\"1434\" method=\"post\" enctype=\"multipart\/form-data\" action=\"\/az\/wp-json\/wp\/v2\/pages\/1116\" data-token=\"e138f8cc7bd25234efc948166e56dc58\" data-token-time=\"1776387555\" data-trp-original-action=\"\/az\/wp-json\/wp\/v2\/pages\/1116\"><noscript class=\"wpforms-error-noscript\">Please enable JavaScript in your browser to complete this form.<\/noscript><div class=\"wpforms-field-container\"><div id=\"wpforms-1434-field_1-container\" class=\"wpforms-field wpforms-field-name\" data-field-id=\"1\"><label class=\"wpforms-field-label\">AD, soyad <span class=\"wpforms-required-label\">*<\/span><\/label><div class=\"wpforms-field-row wpforms-field-medium\"><div class=\"wpforms-field-row-block wpforms-first wpforms-one-half\"><input type=\"text\" id=\"wpforms-1434-field_1\" class=\"wpforms-field-name-first wpforms-field-required\" name=\"wpforms[fields][1][first]\" required><label for=\"wpforms-1434-field_1\" class=\"wpforms-field-sublabel after\">First<\/label><\/div><div class=\"wpforms-field-row-block wpforms-one-half\"><input type=\"text\" id=\"wpforms-1434-field_1-last\" class=\"wpforms-field-name-last wpforms-field-required\" name=\"wpforms[fields][1][last]\" required><label for=\"wpforms-1434-field_1-last\" class=\"wpforms-field-sublabel after\">Last<\/label><\/div><\/div><\/div><div id=\"wpforms-1434-field_6-container\" class=\"wpforms-field wpforms-field-number\" data-field-id=\"6\"><label class=\"wpforms-field-label\" for=\"wpforms-1434-field_6\">Telefon<\/label><input type=\"number\" id=\"wpforms-1434-field_6\" class=\"wpforms-field-medium\" name=\"wpforms[fields][6]\" step=\"any\" ><\/div><div id=\"wpforms-1434-field_2-container\" class=\"wpforms-field wpforms-field-email\" data-field-id=\"2\"><label class=\"wpforms-field-label\" for=\"wpforms-1434-field_2\">Email <span class=\"wpforms-required-label\">*<\/span><\/label><input type=\"email\" id=\"wpforms-1434-field_2\" class=\"wpforms-field-medium wpforms-field-required\" name=\"wpforms[fields][2]\" spellcheck=\"false\" required><\/div><div id=\"wpforms-1434-field_5-container\" class=\"wpforms-field wpforms-field-textarea\" data-field-id=\"5\"><label class=\"wpforms-field-label\" for=\"wpforms-1434-field_5\">Mesaj\u0131n\u0131z<\/label><textarea id=\"wpforms-1434-field_5\" class=\"wpforms-field-medium\" name=\"wpforms[fields][5]\" ><\/textarea><\/div><\/div><!-- .wpforms-field-container --><div class=\"wpforms-submit-container\" ><input type=\"hidden\" name=\"wpforms[id]\" value=\"1434\"><input type=\"hidden\" name=\"page_title\" value=\"\"><input type=\"hidden\" name=\"page_url\" value=\"https:\/\/parlapharma.com\/az\/wp-json\/wp\/v2\/pages\/1116\"><input type=\"hidden\" name=\"url_referer\" value=\"\"><button type=\"submit\" name=\"wpforms[submit]\" id=\"wpforms-submit-1434\" class=\"wpforms-submit\" data-alt-text=\"Sending...\" data-submit-text=\"Submit\" aria-live=\"assertive\" value=\"wpforms-submit\">G\u00f6nd\u0259r<\/button><img decoding=\"async\" src=\"https:\/\/parlapharma.com\/wp-content\/plugins\/wpforms-lite\/assets\/images\/submit-spin.svg\" class=\"wpforms-submit-spinner\" style=\"display: none;\" width=\"26\" height=\"26\" alt=\"Loading\"><\/div><input type=\"hidden\" name=\"trp-form-language\" value=\"az\"\/><\/form><\/div>  <!-- .wpforms-container -->\t\t\t\t<\/div>\n\t\t\t\t<\/div>\n\t\t\t\t\t<\/div>\n\t\t\t\t<\/div>\n\t\t\t\t<\/div>","protected":false},"excerpt":{"rendered":"<p>Careers Application Form Application form Thank you for your interest in working with us. Please check our vacancies section for available job opportunities that meet your criteria and send your application by filling out the Job Application Form. Please enable JavaScript in your browser to complete this form.Name *FirstLastNumbersEmail *Paragraph Text Submit<\/p>","protected":false},"author":1,"featured_media":0,"parent":0,"menu_order":0,"comment_status":"closed","ping_status":"closed","template":"","meta":{"site-sidebar-layout":"no-sidebar","site-content-layout":"page-builder","ast-site-content-layout":"default","site-content-style":"default","site-sidebar-style":"default","ast-global-header-display":"","ast-banner-title-visibility":"","ast-main-header-display":"","ast-hfb-above-header-display":"","ast-hfb-below-header-display":"","ast-hfb-mobile-header-display":"","site-post-title":"disabled","ast-breadcrumbs-content":"","ast-featured-img":"disabled","footer-sml-layout":"","ast-disable-related-posts":"","theme-transparent-header-meta":"","adv-header-id-meta":"","stick-header-meta":"","header-above-stick-meta":"","header-main-stick-meta":"","header-below-stick-meta":"","astra-migrate-meta-layouts":"default","ast-page-background-enabled":"default","ast-page-background-meta":{"desktop":{"background-color":"","background-image":"","background-repeat":"repeat","background-position":"center center","background-size":"auto","background-attachment":"scroll","background-type":"","background-media":"","overlay-type":"","overlay-color":"","overlay-opacity":"","overlay-gradient":""},"tablet":{"background-color":"","background-image":"","background-repeat":"repeat","background-position":"center center","background-size":"auto","background-attachment":"scroll","background-type":"","background-media":"","overlay-type":"","overlay-color":"","overlay-opacity":"","overlay-gradient":""},"mobile":{"background-color":"","background-image":"","background-repeat":"repeat","background-position":"center center","background-size":"auto","background-attachment":"scroll","background-type":"","background-media":"","overlay-type":"","overlay-color":"","overlay-opacity":"","overlay-gradient":""}},"ast-content-background-meta":{"desktop":{"background-color":"var(--ast-global-color-5)","background-image":"","background-repeat":"repeat","background-position":"center center","background-size":"auto","background-attachment":"scroll","background-type":"","background-media":"","overlay-type":"","overlay-color":"","overlay-opacity":"","overlay-gradient":""},"tablet":{"background-color":"var(--ast-global-color-5)","background-image":"","background-repeat":"repeat","background-position":"center center","background-size":"auto","background-attachment":"scroll","background-type":"","background-media":"","overlay-type":"","overlay-color":"","overlay-opacity":"","overlay-gradient":""},"mobile":{"background-color":"var(--ast-global-color-5)","background-image":"","background-repeat":"repeat","background-position":"center center","background-size":"auto","background-attachment":"scroll","background-type":"","background-media":"","overlay-type":"","overlay-color":"","overlay-opacity":"","overlay-gradient":""}},"footnotes":""},"class_list":["post-1116","page","type-page","status-publish","hentry"],"yoast_head":"<!-- This site is optimized with the Yoast SEO plugin v26.5 - https:\/\/yoast.com\/wordpress\/plugins\/seo\/ -->\n<title>Application form - Parlapharmaceuticals<\/title>\n<meta name=\"description\" content=\"application form Application form Parlapharmaceuticals Application form Application form Application form Application form Parlapharmaceuticals work at parla-vacancies\" \/>\n<meta name=\"robots\" content=\"index, follow, max-snippet:-1, max-image-preview:large, max-video-preview:-1\" \/>\n<link rel=\"canonical\" href=\"https:\/\/parlapharma.com\/az\/appilication-form\/\" \/>\n<meta property=\"og:locale\" content=\"az_AZ\" \/>\n<meta property=\"og:type\" content=\"article\" \/>\n<meta property=\"og:title\" content=\"Application form - Parlapharmaceuticals\" \/>\n<meta property=\"og:description\" content=\"application form Application form Parlapharmaceuticals Application form Application form Application form Application form Parlapharmaceuticals work at parla-vacancies\" \/>\n<meta property=\"og:url\" content=\"https:\/\/parlapharma.com\/az\/appilication-form\/\" \/>\n<meta property=\"og:site_name\" content=\"Parlapharmaceuticals\" \/>\n<meta property=\"article:publisher\" content=\"https:\/\/www.facebook.com\/parlapharma\/\" \/>\n<meta property=\"article:modified_time\" content=\"2023-10-11T05:12:53+00:00\" \/>\n<meta property=\"og:image\" content=\"https:\/\/parlapharma.com\/wp-content\/plugins\/wpforms-lite\/assets\/images\/submit-spin.svg\" \/>\n<meta name=\"twitter:card\" content=\"summary_large_image\" \/>\n<meta name=\"twitter:label1\" content=\"Est. reading time\" \/>\n\t<meta name=\"twitter:data1\" content=\"1 minute\" \/>\n<script type=\"application\/ld+json\" class=\"yoast-schema-graph\">{\"@context\":\"https:\/\/schema.org\",\"@graph\":[{\"@type\":[\"WebPage\",\"MedicalWebPage\"],\"@id\":\"https:\/\/parlapharma.com\/appilication-form\/\",\"url\":\"https:\/\/parlapharma.com\/appilication-form\/\",\"name\":\"Application form - Parlapharmaceuticals\",\"isPartOf\":{\"@id\":\"https:\/\/parlapharma.com\/#website\"},\"primaryImageOfPage\":{\"@id\":\"https:\/\/parlapharma.com\/appilication-form\/#primaryimage\"},\"image\":{\"@id\":\"https:\/\/parlapharma.com\/appilication-form\/#primaryimage\"},\"thumbnailUrl\":\"https:\/\/parlapharma.com\/wp-content\/plugins\/wpforms-lite\/assets\/images\/submit-spin.svg\",\"datePublished\":\"2022-07-08T13:38:54+00:00\",\"dateModified\":\"2023-10-11T05:12:53+00:00\",\"description\":\"application form Application form Parlapharmaceuticals Application form Application form Application form Application form Parlapharmaceuticals work at parla-vacancies\",\"breadcrumb\":{\"@id\":\"https:\/\/parlapharma.com\/appilication-form\/#breadcrumb\"},\"inLanguage\":\"az\",\"potentialAction\":[{\"@type\":\"ReadAction\",\"target\":[\"https:\/\/parlapharma.com\/appilication-form\/\"]}]},{\"@type\":\"ImageObject\",\"inLanguage\":\"az\",\"@id\":\"https:\/\/parlapharma.com\/appilication-form\/#primaryimage\",\"url\":\"https:\/\/parlapharma.com\/wp-content\/plugins\/wpforms-lite\/assets\/images\/submit-spin.svg\",\"contentUrl\":\"https:\/\/parlapharma.com\/wp-content\/plugins\/wpforms-lite\/assets\/images\/submit-spin.svg\"},{\"@type\":\"BreadcrumbList\",\"@id\":\"https:\/\/parlapharma.com\/appilication-form\/#breadcrumb\",\"itemListElement\":[{\"@type\":\"ListItem\",\"position\":1,\"name\":\"Home\",\"item\":\"https:\/\/parlapharma.com\/\"},{\"@type\":\"ListItem\",\"position\":2,\"name\":\"Application form\"}]},{\"@type\":\"WebSite\",\"@id\":\"https:\/\/parlapharma.com\/#website\",\"url\":\"https:\/\/parlapharma.com\/\",\"name\":\"Parlapharmaceuticals\",\"description\":\"Pharmaceuticals site\",\"publisher\":{\"@id\":\"https:\/\/parlapharma.com\/#organization\"},\"potentialAction\":[{\"@type\":\"SearchAction\",\"target\":{\"@type\":\"EntryPoint\",\"urlTemplate\":\"https:\/\/parlapharma.com\/?s={search_term_string}\"},\"query-input\":{\"@type\":\"PropertyValueSpecification\",\"valueRequired\":true,\"valueName\":\"search_term_string\"}}],\"inLanguage\":\"az\"},{\"@type\":\"Organization\",\"@id\":\"https:\/\/parlapharma.com\/#organization\",\"name\":\"Parlapharmaceuticlas\",\"url\":\"https:\/\/parlapharma.com\/\",\"logo\":{\"@type\":\"ImageObject\",\"inLanguage\":\"az\",\"@id\":\"https:\/\/parlapharma.com\/#\/schema\/logo\/image\/\",\"url\":\"https:\/\/parlapharma.com\/wp-content\/uploads\/2022\/07\/LOGO-Big-1.png\",\"contentUrl\":\"https:\/\/parlapharma.com\/wp-content\/uploads\/2022\/07\/LOGO-Big-1.png\",\"width\":6890,\"height\":3776,\"caption\":\"Parlapharmaceuticlas\"},\"image\":{\"@id\":\"https:\/\/parlapharma.com\/#\/schema\/logo\/image\/\"},\"sameAs\":[\"https:\/\/www.facebook.com\/parlapharma\/\",\"https:\/\/www.instagram.com\/parlapharma\/\",\"https:\/\/www.youtube.com\/channel\/UCeGsUOlyz-DgZFruHcz39gQ\"]}]}<\/script>\n<!-- \/ Yoast SEO plugin. -->","yoast_head_json":{"title":"Application form - Parlapharmaceuticals","description":"application form Application form Parlapharmaceuticals Application form Application form Application form Application form Parlapharmaceuticals work at parla-vacancies","robots":{"index":"index","follow":"follow","max-snippet":"max-snippet:-1","max-image-preview":"max-image-preview:large","max-video-preview":"max-video-preview:-1"},"canonical":"https:\/\/parlapharma.com\/az\/appilication-form\/","og_locale":"az_AZ","og_type":"article","og_title":"Application form - Parlapharmaceuticals","og_description":"application form Application form Parlapharmaceuticals Application form Application form Application form Application form Parlapharmaceuticals work at parla-vacancies","og_url":"https:\/\/parlapharma.com\/az\/appilication-form\/","og_site_name":"Parlapharmaceuticals","article_publisher":"https:\/\/www.facebook.com\/parlapharma\/","article_modified_time":"2023-10-11T05:12:53+00:00","og_image":[{"url":"https:\/\/parlapharma.com\/wp-content\/plugins\/wpforms-lite\/assets\/images\/submit-spin.svg","type":"","width":"","height":""}],"twitter_card":"summary_large_image","twitter_misc":{"Est. reading time":"1 minute"},"schema":{"@context":"https:\/\/schema.org","@graph":[{"@type":["WebPage","MedicalWebPage"],"@id":"https:\/\/parlapharma.com\/appilication-form\/","url":"https:\/\/parlapharma.com\/appilication-form\/","name":"Application form - Parlapharmaceuticals","isPartOf":{"@id":"https:\/\/parlapharma.com\/#website"},"primaryImageOfPage":{"@id":"https:\/\/parlapharma.com\/appilication-form\/#primaryimage"},"image":{"@id":"https:\/\/parlapharma.com\/appilication-form\/#primaryimage"},"thumbnailUrl":"https:\/\/parlapharma.com\/wp-content\/plugins\/wpforms-lite\/assets\/images\/submit-spin.svg","datePublished":"2022-07-08T13:38:54+00:00","dateModified":"2023-10-11T05:12:53+00:00","description":"application form Application form Parlapharmaceuticals Application form Application form Application form Application form Parlapharmaceuticals work at parla-vacancies","breadcrumb":{"@id":"https:\/\/parlapharma.com\/appilication-form\/#breadcrumb"},"inLanguage":"az","potentialAction":[{"@type":"ReadAction","target":["https:\/\/parlapharma.com\/appilication-form\/"]}]},{"@type":"ImageObject","inLanguage":"az","@id":"https:\/\/parlapharma.com\/appilication-form\/#primaryimage","url":"https:\/\/parlapharma.com\/wp-content\/plugins\/wpforms-lite\/assets\/images\/submit-spin.svg","contentUrl":"https:\/\/parlapharma.com\/wp-content\/plugins\/wpforms-lite\/assets\/images\/submit-spin.svg"},{"@type":"BreadcrumbList","@id":"https:\/\/parlapharma.com\/appilication-form\/#breadcrumb","itemListElement":[{"@type":"ListItem","position":1,"name":"Home","item":"https:\/\/parlapharma.com\/"},{"@type":"ListItem","position":2,"name":"Application form"}]},{"@type":"WebSite","@id":"https:\/\/parlapharma.com\/#website","url":"https:\/\/parlapharma.com\/","name":"Parlapharmaceuticals","description":"Pharmaceuticals site","publisher":{"@id":"https:\/\/parlapharma.com\/#organization"},"potentialAction":[{"@type":"SearchAction","target":{"@type":"EntryPoint","urlTemplate":"https:\/\/parlapharma.com\/?s={search_term_string}"},"query-input":{"@type":"PropertyValueSpecification","valueRequired":true,"valueName":"search_term_string"}}],"inLanguage":"az"},{"@type":"Organization","@id":"https:\/\/parlapharma.com\/#organization","name":"Parlapharmaceuticlas","url":"https:\/\/parlapharma.com\/","logo":{"@type":"ImageObject","inLanguage":"az","@id":"https:\/\/parlapharma.com\/#\/schema\/logo\/image\/","url":"https:\/\/parlapharma.com\/wp-content\/uploads\/2022\/07\/LOGO-Big-1.png","contentUrl":"https:\/\/parlapharma.com\/wp-content\/uploads\/2022\/07\/LOGO-Big-1.png","width":6890,"height":3776,"caption":"Parlapharmaceuticlas"},"image":{"@id":"https:\/\/parlapharma.com\/#\/schema\/logo\/image\/"},"sameAs":["https:\/\/www.facebook.com\/parlapharma\/","https:\/\/www.instagram.com\/parlapharma\/","https:\/\/www.youtube.com\/channel\/UCeGsUOlyz-DgZFruHcz39gQ"]}]}},"jetpack_sharing_enabled":true,"_links":{"self":[{"href":"https:\/\/parlapharma.com\/az\/wp-json\/wp\/v2\/pages\/1116","targetHints":{"allow":["GET"]}}],"collection":[{"href":"https:\/\/parlapharma.com\/az\/wp-json\/wp\/v2\/pages"}],"about":[{"href":"https:\/\/parlapharma.com\/az\/wp-json\/wp\/v2\/types\/page"}],"author":[{"embeddable":true,"href":"https:\/\/parlapharma.com\/az\/wp-json\/wp\/v2\/users\/1"}],"replies":[{"embeddable":true,"href":"https:\/\/parlapharma.com\/az\/wp-json\/wp\/v2\/comments?post=1116"}],"version-history":[{"count":32,"href":"https:\/\/parlapharma.com\/az\/wp-json\/wp\/v2\/pages\/1116\/revisions"}],"predecessor-version":[{"id":4876,"href":"https:\/\/parlapharma.com\/az\/wp-json\/wp\/v2\/pages\/1116\/revisions\/4876"}],"wp:attachment":[{"href":"https:\/\/parlapharma.com\/az\/wp-json\/wp\/v2\/media?parent=1116"}],"curies":[{"name":"wp","href":"https:\/\/api.w.org\/{rel}","templated":true}]}}