{"id":1147,"date":"2022-07-13T17:15:35","date_gmt":"2022-07-13T13:15:35","guid":{"rendered":"https:\/\/parlapharma.com\/?page_id=1147"},"modified":"2023-10-04T10:04:16","modified_gmt":"2023-10-04T06:04:16","slug":"2nd-all-republic-conference-of-pharmacists","status":"publish","type":"page","link":"https:\/\/parlapharma.com\/az\/2nd-all-republic-conference-of-pharmacists\/","title":{"rendered":"\u018fcza\u00e7\u0131lar\u0131n 2-ci \u00dcmumrespub-lika konfrans\u0131"},"content":{"rendered":"<div data-elementor-type=\"wp-page\" data-elementor-id=\"1147\" class=\"elementor elementor-1147\" data-elementor-post-type=\"page\">\n\t\t\t\t\t\t<section class=\"elementor-section elementor-top-section elementor-element elementor-element-4740a1cf elementor-section-boxed elementor-section-height-default elementor-section-height-default\" data-id=\"4740a1cf\" data-element_type=\"section\" data-settings=\"{&quot;background_background&quot;:&quot;classic&quot;}\">\n\t\t\t\t\t\t\t<div class=\"elementor-background-overlay\"><\/div>\n\t\t\t\t\t\t\t<div class=\"elementor-container elementor-column-gap-default\">\n\t\t\t\t\t<div class=\"elementor-column elementor-col-100 elementor-top-column elementor-element elementor-element-1aae391a\" data-id=\"1aae391a\" data-element_type=\"column\">\n\t\t\t<div class=\"elementor-widget-wrap elementor-element-populated\">\n\t\t\t\t\t\t<div class=\"elementor-element elementor-element-17027243 elementor-icon-list--layout-inline elementor-align-center elementor-mobile-align-center elementor-list-item-link-full_width elementor-widget elementor-widget-icon-list\" data-id=\"17027243\" data-element_type=\"widget\" data-widget_type=\"icon-list.default\">\n\t\t\t\t<div class=\"elementor-widget-container\">\n\t\t\t\t\t\t\t<ul class=\"elementor-icon-list-items elementor-inline-items\">\n\t\t\t\t\t\t\t<li class=\"elementor-icon-list-item elementor-inline-item\">\n\t\t\t\t\t\t\t\t\t\t\t<a href=\"https:\/\/parlapharma.com\/az\/\">\n\n\t\t\t\t\t\t\t\t\t\t\t<span class=\"elementor-icon-list-text\">\u018fsas s\u0259hif\u0259<\/span>\n\t\t\t\t\t\t\t\t\t\t\t<\/a>\n\t\t\t\t\t\t\t\t\t<\/li>\n\t\t\t\t\t\t\t\t<li class=\"elementor-icon-list-item elementor-inline-item\">\n\t\t\t\t\t\t\t\t\t\t\t<a href=\"https:\/\/parlapharma.com\/az\/news-events\/\">\n\n\t\t\t\t\t\t\t\t\t\t\t\t<span class=\"elementor-icon-list-icon\">\n\t\t\t\t\t\t\t<svg aria-hidden=\"true\" class=\"e-font-icon-svg e-fas-chevron-right\" viewbox=\"0 0 320 512\" xmlns=\"http:\/\/www.w3.org\/2000\/svg\"><path d=\"M285.476 272.971L91.132 467.314c-9.373 9.373-24.569 9.373-33.941 0l-22.667-22.667c-9.357-9.357-9.375-24.522-.04-33.901L188.505 256 34.484 101.255c-9.335-9.379-9.317-24.544.04-33.901l22.667-22.667c9.373-9.373 24.569-9.373 33.941 0L285.475 239.03c9.373 9.372 9.373 24.568.001 33.941z\"><\/path><\/svg>\t\t\t\t\t\t<\/span>\n\t\t\t\t\t\t\t\t\t\t<span class=\"elementor-icon-list-text\">X\u0259b\u0259rl\u0259r<\/span>\n\t\t\t\t\t\t\t\t\t\t\t<\/a>\n\t\t\t\t\t\t\t\t\t<\/li>\n\t\t\t\t\t\t<\/ul>\n\t\t\t\t\t\t<\/div>\n\t\t\t\t<\/div>\n\t\t\t\t\t<\/div>\n\t\t<\/div>\n\t\t\t\t\t<\/div>\n\t\t<\/section>\n\t\t<div class=\"elementor-element elementor-element-41d9974 e-flex e-con-boxed e-con e-parent\" data-id=\"41d9974\" data-element_type=\"container\">\n\t\t\t\t\t<div class=\"e-con-inner\">\n\t\t\t\t<div class=\"elementor-element elementor-element-c167556 elementor-widget elementor-widget-text-editor\" data-id=\"c167556\" data-element_type=\"widget\" data-widget_type=\"text-editor.default\">\n\t\t\t\t<div class=\"elementor-widget-container\">\n\t\t\t\t\t\t\t\t\t<h5 style=\"text-align: left;\"><span style=\"color: #0c4465;\"><strong>Oktyabr\u0131n 1-d\u0259 \u00f6lk\u0259 \u0259cza\u00e7\u0131lar\u0131n\u0131n 2-ci \u00dcmumrespublika konfrans\u0131 ba\u015f tutub. T\u0259dbird\u0259 d\u00f6vl\u0259t v\u0259 \u00f6z\u0259l qurumlar\u0131n n\u00fcmay\u0259nd\u0259l\u0259ri, yerli v\u0259 xarici \u0259cza\u00e7\u0131l\u0131q \u015firk\u0259tl\u0259ri, o c\u00fcml\u0259d\u0259n praktik, elmi-t\u0259dqiqat v\u0259 t\u0259dris sah\u0259sind\u0259 f\u0259aliyy\u0259t g\u00f6st\u0259r\u0259n \u0259cza\u00e7\u0131lar i\u015ftirak edibl\u0259r. T\u0259dbird\u0259 Parla Pharmaceuticals \u015firk\u0259tinin direktoru Arash Nosrati Heravi da \u00e7\u0131x\u0131\u015f edib v\u0259 o, yerli d\u0259rman istehsal\u0131n\u0131n \u0259h\u0259miyy\u0259tind\u0259n b\u0259hs edib. Eyni zamanda \u015firk\u0259tin direktoru yerli d\u0259rman istehsal\u0131na d\u0259st\u0259k il\u0259 ba\u011fl\u0131 olan \u201cParlas\u0131n Az\u0259rbaycan\u201d layih\u0259sini t\u0259qdim edib v\u0259 b\u00fct\u00fcn t\u0259dbir i\u015ftirak\u00e7\u0131lar\u0131n\u0131 layih\u0259y\u0259 d\u0259st\u0259k g\u00f6st\u0259rm\u0259y\u0259 \u00e7a\u011f\u0131r\u0131b.\t\t\t\t\t\t\t\t<\/div>\n\t\t\t\t<\/div>\n\t\t\t\t\t<\/div>\n\t\t\t\t<\/div>\n\t\t<div class=\"elementor-element elementor-element-c6f2b1a e-flex e-con-boxed e-con e-parent\" data-id=\"c6f2b1a\" data-element_type=\"container\">\n\t\t\t\t\t<div class=\"e-con-inner\">\n\t\t<div class=\"elementor-element elementor-element-a56431d e-con-full e-flex e-con e-child\" data-id=\"a56431d\" data-element_type=\"container\">\n\t\t\t\t<div class=\"elementor-element elementor-element-e164174 elementor-widget elementor-widget-image\" data-id=\"e164174\" data-element_type=\"widget\" data-widget_type=\"image.default\">\n\t\t\t\t<div class=\"elementor-widget-container\">\n\t\t\t\t\t\t\t\t\t\t\t\t\t\t\t<img decoding=\"async\" src=\"https:\/\/parlapharma.com\/Uploads\/Hamayesh\/Hamayesh7.jpg\" title=\"\" alt=\"\" loading=\"lazy\" \/>\t\t\t\t\t\t\t\t\t\t\t\t\t\t\t<\/div>\n\t\t\t\t<\/div>\n\t\t\t\t<\/div>\n\t\t<div class=\"elementor-element elementor-element-9ccf41f e-con-full e-flex e-con e-child\" data-id=\"9ccf41f\" data-element_type=\"container\">\n\t\t\t\t<div class=\"elementor-element elementor-element-3662299 elementor-widget elementor-widget-image\" data-id=\"3662299\" data-element_type=\"widget\" data-widget_type=\"image.default\">\n\t\t\t\t<div class=\"elementor-widget-container\">\n\t\t\t\t\t\t\t\t\t\t\t\t\t\t\t<img decoding=\"async\" src=\"https:\/\/parlapharma.com\/Uploads\/Hamayesh\/Hamayesh3.jpg\" title=\"\" alt=\"\" loading=\"lazy\" \/>\t\t\t\t\t\t\t\t\t\t\t\t\t\t\t<\/div>\n\t\t\t\t<\/div>\n\t\t\t\t<\/div>\n\t\t<div class=\"elementor-element elementor-element-5771b0d e-con-full e-flex e-con e-child\" data-id=\"5771b0d\" data-element_type=\"container\">\n\t\t\t\t<div class=\"elementor-element elementor-element-09862fa elementor-widget elementor-widget-image\" data-id=\"09862fa\" data-element_type=\"widget\" data-widget_type=\"image.default\">\n\t\t\t\t<div class=\"elementor-widget-container\">\n\t\t\t\t\t\t\t\t\t\t\t\t\t\t\t<img decoding=\"async\" src=\"https:\/\/parlapharma.com\/Uploads\/Hamayesh\/Hamayesh4.jpg\" title=\"\" alt=\"\" loading=\"lazy\" \/>\t\t\t\t\t\t\t\t\t\t\t\t\t\t\t<\/div>\n\t\t\t\t<\/div>\n\t\t\t\t<\/div>\n\t\t<div class=\"elementor-element elementor-element-b1fdf4f e-con-full e-flex e-con e-child\" data-id=\"b1fdf4f\" data-element_type=\"container\">\n\t\t\t\t<div class=\"elementor-element elementor-element-2128f84 elementor-widget elementor-widget-image\" data-id=\"2128f84\" data-element_type=\"widget\" data-widget_type=\"image.default\">\n\t\t\t\t<div class=\"elementor-widget-container\">\n\t\t\t\t\t\t\t\t\t\t\t\t\t\t\t<img decoding=\"async\" src=\"https:\/\/parlapharma.com\/Uploads\/Hamayesh\/Hamayesh6.jpg\" title=\"\" alt=\"\" loading=\"lazy\" \/>\t\t\t\t\t\t\t\t\t\t\t\t\t\t\t<\/div>\n\t\t\t\t<\/div>\n\t\t\t\t<\/div>\n\t\t<div class=\"elementor-element elementor-element-6aee651 e-con-full e-flex e-con e-child\" data-id=\"6aee651\" data-element_type=\"container\">\n\t\t\t\t<div class=\"elementor-element elementor-element-8f579d6 elementor-widget elementor-widget-image\" data-id=\"8f579d6\" data-element_type=\"widget\" data-widget_type=\"image.default\">\n\t\t\t\t<div class=\"elementor-widget-container\">\n\t\t\t\t\t\t\t\t\t\t\t\t\t\t\t<img decoding=\"async\" src=\"https:\/\/parlapharma.com\/Uploads\/Hamayesh\/Hamayesh5.jpg\" title=\"\" alt=\"\" loading=\"lazy\" \/>\t\t\t\t\t\t\t\t\t\t\t\t\t\t\t<\/div>\n\t\t\t\t<\/div>\n\t\t\t\t<\/div>\n\t\t<div class=\"elementor-element elementor-element-76a6dd5 e-con-full e-flex e-con e-child\" data-id=\"76a6dd5\" data-element_type=\"container\">\n\t\t\t\t<div class=\"elementor-element elementor-element-413bdd9 elementor-widget elementor-widget-image\" data-id=\"413bdd9\" data-element_type=\"widget\" data-widget_type=\"image.default\">\n\t\t\t\t<div class=\"elementor-widget-container\">\n\t\t\t\t\t\t\t\t\t\t\t\t\t\t\t<img decoding=\"async\" src=\"https:\/\/parlapharma.com\/Uploads\/Hamayesh\/Hamayesh1.jpg\" title=\"\" alt=\"\" loading=\"lazy\" \/>\t\t\t\t\t\t\t\t\t\t\t\t\t\t\t<\/div>\n\t\t\t\t<\/div>\n\t\t\t\t<\/div>\n\t\t\t\t\t<\/div>\n\t\t\t\t<\/div>\n\t\t\t\t<\/div>","protected":false},"excerpt":{"rendered":"<p>Home News On October 1, the 2nd All-Republic conference of pharmacists of the country took place. The event was attended by representatives of state and private institutions, local and foreign pharmaceutical companies, as well as pharmacists working in the field of practice, research and education. Arash Nosrati Heravi, director of Parla Pharmaceuticals, also spoke at [&hellip;]<\/p>","protected":false},"author":1,"featured_media":0,"parent":0,"menu_order":0,"comment_status":"closed","ping_status":"closed","template":"","meta":{"site-sidebar-layout":"no-sidebar","site-content-layout":"page-builder","ast-site-content-layout":"default","site-content-style":"default","site-sidebar-style":"default","ast-global-header-display":"","ast-banner-title-visibility":"","ast-main-header-display":"","ast-hfb-above-header-display":"","ast-hfb-below-header-display":"","ast-hfb-mobile-header-display":"","site-post-title":"disabled","ast-breadcrumbs-content":"","ast-featured-img":"disabled","footer-sml-layout":"","ast-disable-related-posts":"","theme-transparent-header-meta":"","adv-header-id-meta":"","stick-header-meta":"","header-above-stick-meta":"","header-main-stick-meta":"","header-below-stick-meta":"","astra-migrate-meta-layouts":"default","ast-page-background-enabled":"default","ast-page-background-meta":{"desktop":{"background-color":"","background-image":"","background-repeat":"repeat","background-position":"center center","background-size":"auto","background-attachment":"scroll","background-type":"","background-media":"","overlay-type":"","overlay-color":"","overlay-opacity":"","overlay-gradient":""},"tablet":{"background-color":"","background-image":"","background-repeat":"repeat","background-position":"center center","background-size":"auto","background-attachment":"scroll","background-type":"","background-media":"","overlay-type":"","overlay-color":"","overlay-opacity":"","overlay-gradient":""},"mobile":{"background-color":"","background-image":"","background-repeat":"repeat","background-position":"center center","background-size":"auto","background-attachment":"scroll","background-type":"","background-media":"","overlay-type":"","overlay-color":"","overlay-opacity":"","overlay-gradient":""}},"ast-content-background-meta":{"desktop":{"background-color":"var(--ast-global-color-5)","background-image":"","background-repeat":"repeat","background-position":"center center","background-size":"auto","background-attachment":"scroll","background-type":"","background-media":"","overlay-type":"","overlay-color":"","overlay-opacity":"","overlay-gradient":""},"tablet":{"background-color":"var(--ast-global-color-5)","background-image":"","background-repeat":"repeat","background-position":"center center","background-size":"auto","background-attachment":"scroll","background-type":"","background-media":"","overlay-type":"","overlay-color":"","overlay-opacity":"","overlay-gradient":""},"mobile":{"background-color":"var(--ast-global-color-5)","background-image":"","background-repeat":"repeat","background-position":"center center","background-size":"auto","background-attachment":"scroll","background-type":"","background-media":"","overlay-type":"","overlay-color":"","overlay-opacity":"","overlay-gradient":""}},"footnotes":""},"class_list":["post-1147","page","type-page","status-publish","hentry"],"yoast_head":"<!-- This site is optimized with the Yoast SEO plugin v26.5 - https:\/\/yoast.com\/wordpress\/plugins\/seo\/ -->\n<title>2nd All-Republic conference of pharmacists - Parlapharmaceuticals<\/title>\n<meta name=\"description\" content=\"Parlapharmaceuticals %medical %pharmacy %parlapharma % health %shine for health Parlapharmaceuticals 2nd All-Republic conference of pharmacists - %\" \/>\n<meta name=\"robots\" content=\"index, follow, max-snippet:-1, max-image-preview:large, max-video-preview:-1\" \/>\n<link rel=\"canonical\" href=\"https:\/\/parlapharma.com\/az\/2nd-all-republic-conference-of-pharmacists\/\" \/>\n<meta property=\"og:locale\" content=\"az_AZ\" \/>\n<meta property=\"og:type\" content=\"article\" \/>\n<meta property=\"og:title\" content=\"2nd All-Republic conference of pharmacists - Parlapharmaceuticals\" \/>\n<meta property=\"og:description\" content=\"Parlapharmaceuticals %medical %pharmacy %parlapharma % health %shine for health Parlapharmaceuticals 2nd All-Republic conference of pharmacists - %\" \/>\n<meta property=\"og:url\" content=\"https:\/\/parlapharma.com\/az\/2nd-all-republic-conference-of-pharmacists\/\" \/>\n<meta property=\"og:site_name\" content=\"Parlapharmaceuticals\" \/>\n<meta property=\"article:publisher\" content=\"https:\/\/www.facebook.com\/parlapharma\/\" \/>\n<meta property=\"article:modified_time\" content=\"2023-10-04T06:04:16+00:00\" \/>\n<meta property=\"og:image\" content=\"https:\/\/parlapharma.com\/Uploads\/Hamayesh\/Hamayesh7.jpg\" \/>\n<meta name=\"twitter:card\" content=\"summary_large_image\" \/>\n<meta name=\"twitter:label1\" content=\"Est. reading time\" \/>\n\t<meta name=\"twitter:data1\" content=\"2 minutes\" \/>\n<script type=\"application\/ld+json\" class=\"yoast-schema-graph\">{\"@context\":\"https:\/\/schema.org\",\"@graph\":[{\"@type\":\"NewsArticle\",\"@id\":\"https:\/\/parlapharma.com\/2nd-all-republic-conference-of-pharmacists\/#article\",\"isPartOf\":{\"@id\":\"https:\/\/parlapharma.com\/2nd-all-republic-conference-of-pharmacists\/\"},\"author\":{\"name\":\"valehfarid\",\"@id\":\"https:\/\/parlapharma.com\/#\/schema\/person\/e794a6a8232fdf7d7190c42d1384a7f4\"},\"headline\":\"2nd All-Republic conference of pharmacists\",\"datePublished\":\"2022-07-13T13:15:35+00:00\",\"dateModified\":\"2023-10-04T06:04:16+00:00\",\"mainEntityOfPage\":{\"@id\":\"https:\/\/parlapharma.com\/2nd-all-republic-conference-of-pharmacists\/\"},\"wordCount\":105,\"publisher\":{\"@id\":\"https:\/\/parlapharma.com\/#organization\"},\"image\":{\"@id\":\"https:\/\/parlapharma.com\/2nd-all-republic-conference-of-pharmacists\/#primaryimage\"},\"thumbnailUrl\":\"https:\/\/parlapharma.com\/Uploads\/Hamayesh\/Hamayesh7.jpg\",\"inLanguage\":\"az\"},{\"@type\":[\"WebPage\",\"MedicalWebPage\"],\"@id\":\"https:\/\/parlapharma.com\/2nd-all-republic-conference-of-pharmacists\/\",\"url\":\"https:\/\/parlapharma.com\/2nd-all-republic-conference-of-pharmacists\/\",\"name\":\"2nd All-Republic conference of pharmacists - Parlapharmaceuticals\",\"isPartOf\":{\"@id\":\"https:\/\/parlapharma.com\/#website\"},\"primaryImageOfPage\":{\"@id\":\"https:\/\/parlapharma.com\/2nd-all-republic-conference-of-pharmacists\/#primaryimage\"},\"image\":{\"@id\":\"https:\/\/parlapharma.com\/2nd-all-republic-conference-of-pharmacists\/#primaryimage\"},\"thumbnailUrl\":\"https:\/\/parlapharma.com\/Uploads\/Hamayesh\/Hamayesh7.jpg\",\"datePublished\":\"2022-07-13T13:15:35+00:00\",\"dateModified\":\"2023-10-04T06:04:16+00:00\",\"description\":\"Parlapharmaceuticals %medical %pharmacy %parlapharma % health %shine for health Parlapharmaceuticals 2nd All-Republic conference of pharmacists - %\",\"breadcrumb\":{\"@id\":\"https:\/\/parlapharma.com\/2nd-all-republic-conference-of-pharmacists\/#breadcrumb\"},\"inLanguage\":\"az\",\"potentialAction\":[{\"@type\":\"ReadAction\",\"target\":[\"https:\/\/parlapharma.com\/2nd-all-republic-conference-of-pharmacists\/\"]}]},{\"@type\":\"ImageObject\",\"inLanguage\":\"az\",\"@id\":\"https:\/\/parlapharma.com\/2nd-all-republic-conference-of-pharmacists\/#primaryimage\",\"url\":\"https:\/\/parlapharma.com\/Uploads\/Hamayesh\/Hamayesh7.jpg\",\"contentUrl\":\"https:\/\/parlapharma.com\/Uploads\/Hamayesh\/Hamayesh7.jpg\"},{\"@type\":\"BreadcrumbList\",\"@id\":\"https:\/\/parlapharma.com\/2nd-all-republic-conference-of-pharmacists\/#breadcrumb\",\"itemListElement\":[{\"@type\":\"ListItem\",\"position\":1,\"name\":\"Home\",\"item\":\"https:\/\/parlapharma.com\/\"},{\"@type\":\"ListItem\",\"position\":2,\"name\":\"2nd All-Republic conference of pharmacists\"}]},{\"@type\":\"WebSite\",\"@id\":\"https:\/\/parlapharma.com\/#website\",\"url\":\"https:\/\/parlapharma.com\/\",\"name\":\"Parlapharmaceuticals\",\"description\":\"Pharmaceuticals site\",\"publisher\":{\"@id\":\"https:\/\/parlapharma.com\/#organization\"},\"potentialAction\":[{\"@type\":\"SearchAction\",\"target\":{\"@type\":\"EntryPoint\",\"urlTemplate\":\"https:\/\/parlapharma.com\/?s={search_term_string}\"},\"query-input\":{\"@type\":\"PropertyValueSpecification\",\"valueRequired\":true,\"valueName\":\"search_term_string\"}}],\"inLanguage\":\"az\"},{\"@type\":\"Organization\",\"@id\":\"https:\/\/parlapharma.com\/#organization\",\"name\":\"Parlapharmaceuticlas\",\"url\":\"https:\/\/parlapharma.com\/\",\"logo\":{\"@type\":\"ImageObject\",\"inLanguage\":\"az\",\"@id\":\"https:\/\/parlapharma.com\/#\/schema\/logo\/image\/\",\"url\":\"https:\/\/parlapharma.com\/wp-content\/uploads\/2022\/07\/LOGO-Big-1.png\",\"contentUrl\":\"https:\/\/parlapharma.com\/wp-content\/uploads\/2022\/07\/LOGO-Big-1.png\",\"width\":6890,\"height\":3776,\"caption\":\"Parlapharmaceuticlas\"},\"image\":{\"@id\":\"https:\/\/parlapharma.com\/#\/schema\/logo\/image\/\"},\"sameAs\":[\"https:\/\/www.facebook.com\/parlapharma\/\",\"https:\/\/www.instagram.com\/parlapharma\/\",\"https:\/\/www.youtube.com\/channel\/UCeGsUOlyz-DgZFruHcz39gQ\"]},{\"@type\":\"Person\",\"@id\":\"https:\/\/parlapharma.com\/#\/schema\/person\/e794a6a8232fdf7d7190c42d1384a7f4\",\"name\":\"valehfarid\",\"image\":{\"@type\":\"ImageObject\",\"inLanguage\":\"az\",\"@id\":\"https:\/\/parlapharma.com\/#\/schema\/person\/image\/\",\"url\":\"https:\/\/secure.gravatar.com\/avatar\/13efc9c564bea5b970d7932ccccab70f95b4c4845c4e3a684e24f50a343d2bc4?s=96&d=mm&r=g\",\"contentUrl\":\"https:\/\/secure.gravatar.com\/avatar\/13efc9c564bea5b970d7932ccccab70f95b4c4845c4e3a684e24f50a343d2bc4?s=96&d=mm&r=g\",\"caption\":\"valehfarid\"},\"sameAs\":[\"https:\/\/parlapharma.com\"],\"url\":\"https:\/\/parlapharma.com\/az\/author\/valehfarid\/\"}]}<\/script>\n<!-- \/ Yoast SEO plugin. -->","yoast_head_json":{"title":"2nd All-Republic conference of pharmacists - Parlapharmaceuticals","description":"Parlapharmaceuticals %medical %pharmacy %parlapharma % health %shine for health Parlapharmaceuticals 2nd All-Republic conference of pharmacists - %","robots":{"index":"index","follow":"follow","max-snippet":"max-snippet:-1","max-image-preview":"max-image-preview:large","max-video-preview":"max-video-preview:-1"},"canonical":"https:\/\/parlapharma.com\/az\/2nd-all-republic-conference-of-pharmacists\/","og_locale":"az_AZ","og_type":"article","og_title":"2nd All-Republic conference of pharmacists - Parlapharmaceuticals","og_description":"Parlapharmaceuticals %medical %pharmacy %parlapharma % health %shine for health Parlapharmaceuticals 2nd All-Republic conference of pharmacists - %","og_url":"https:\/\/parlapharma.com\/az\/2nd-all-republic-conference-of-pharmacists\/","og_site_name":"Parlapharmaceuticals","article_publisher":"https:\/\/www.facebook.com\/parlapharma\/","article_modified_time":"2023-10-04T06:04:16+00:00","og_image":[{"url":"https:\/\/parlapharma.com\/Uploads\/Hamayesh\/Hamayesh7.jpg","type":"","width":"","height":""}],"twitter_card":"summary_large_image","twitter_misc":{"Est. reading time":"2 minutes"},"schema":{"@context":"https:\/\/schema.org","@graph":[{"@type":"NewsArticle","@id":"https:\/\/parlapharma.com\/2nd-all-republic-conference-of-pharmacists\/#article","isPartOf":{"@id":"https:\/\/parlapharma.com\/2nd-all-republic-conference-of-pharmacists\/"},"author":{"name":"valehfarid","@id":"https:\/\/parlapharma.com\/#\/schema\/person\/e794a6a8232fdf7d7190c42d1384a7f4"},"headline":"2nd All-Republic conference of pharmacists","datePublished":"2022-07-13T13:15:35+00:00","dateModified":"2023-10-04T06:04:16+00:00","mainEntityOfPage":{"@id":"https:\/\/parlapharma.com\/2nd-all-republic-conference-of-pharmacists\/"},"wordCount":105,"publisher":{"@id":"https:\/\/parlapharma.com\/#organization"},"image":{"@id":"https:\/\/parlapharma.com\/2nd-all-republic-conference-of-pharmacists\/#primaryimage"},"thumbnailUrl":"https:\/\/parlapharma.com\/Uploads\/Hamayesh\/Hamayesh7.jpg","inLanguage":"az"},{"@type":["WebPage","MedicalWebPage"],"@id":"https:\/\/parlapharma.com\/2nd-all-republic-conference-of-pharmacists\/","url":"https:\/\/parlapharma.com\/2nd-all-republic-conference-of-pharmacists\/","name":"2nd All-Republic conference of pharmacists - Parlapharmaceuticals","isPartOf":{"@id":"https:\/\/parlapharma.com\/#website"},"primaryImageOfPage":{"@id":"https:\/\/parlapharma.com\/2nd-all-republic-conference-of-pharmacists\/#primaryimage"},"image":{"@id":"https:\/\/parlapharma.com\/2nd-all-republic-conference-of-pharmacists\/#primaryimage"},"thumbnailUrl":"https:\/\/parlapharma.com\/Uploads\/Hamayesh\/Hamayesh7.jpg","datePublished":"2022-07-13T13:15:35+00:00","dateModified":"2023-10-04T06:04:16+00:00","description":"Parlapharmaceuticals %medical %pharmacy %parlapharma % health %shine for health Parlapharmaceuticals 2nd All-Republic conference of pharmacists - %","breadcrumb":{"@id":"https:\/\/parlapharma.com\/2nd-all-republic-conference-of-pharmacists\/#breadcrumb"},"inLanguage":"az","potentialAction":[{"@type":"ReadAction","target":["https:\/\/parlapharma.com\/2nd-all-republic-conference-of-pharmacists\/"]}]},{"@type":"ImageObject","inLanguage":"az","@id":"https:\/\/parlapharma.com\/2nd-all-republic-conference-of-pharmacists\/#primaryimage","url":"https:\/\/parlapharma.com\/Uploads\/Hamayesh\/Hamayesh7.jpg","contentUrl":"https:\/\/parlapharma.com\/Uploads\/Hamayesh\/Hamayesh7.jpg"},{"@type":"BreadcrumbList","@id":"https:\/\/parlapharma.com\/2nd-all-republic-conference-of-pharmacists\/#breadcrumb","itemListElement":[{"@type":"ListItem","position":1,"name":"Home","item":"https:\/\/parlapharma.com\/"},{"@type":"ListItem","position":2,"name":"2nd All-Republic conference of pharmacists"}]},{"@type":"WebSite","@id":"https:\/\/parlapharma.com\/#website","url":"https:\/\/parlapharma.com\/","name":"Parlapharmaceuticals","description":"Pharmaceuticals site","publisher":{"@id":"https:\/\/parlapharma.com\/#organization"},"potentialAction":[{"@type":"SearchAction","target":{"@type":"EntryPoint","urlTemplate":"https:\/\/parlapharma.com\/?s={search_term_string}"},"query-input":{"@type":"PropertyValueSpecification","valueRequired":true,"valueName":"search_term_string"}}],"inLanguage":"az"},{"@type":"Organization","@id":"https:\/\/parlapharma.com\/#organization","name":"Parlapharmaceuticlas","url":"https:\/\/parlapharma.com\/","logo":{"@type":"ImageObject","inLanguage":"az","@id":"https:\/\/parlapharma.com\/#\/schema\/logo\/image\/","url":"https:\/\/parlapharma.com\/wp-content\/uploads\/2022\/07\/LOGO-Big-1.png","contentUrl":"https:\/\/parlapharma.com\/wp-content\/uploads\/2022\/07\/LOGO-Big-1.png","width":6890,"height":3776,"caption":"Parlapharmaceuticlas"},"image":{"@id":"https:\/\/parlapharma.com\/#\/schema\/logo\/image\/"},"sameAs":["https:\/\/www.facebook.com\/parlapharma\/","https:\/\/www.instagram.com\/parlapharma\/","https:\/\/www.youtube.com\/channel\/UCeGsUOlyz-DgZFruHcz39gQ"]},{"@type":"Person","@id":"https:\/\/parlapharma.com\/#\/schema\/person\/e794a6a8232fdf7d7190c42d1384a7f4","name":"valehfarid","image":{"@type":"ImageObject","inLanguage":"az","@id":"https:\/\/parlapharma.com\/#\/schema\/person\/image\/","url":"https:\/\/secure.gravatar.com\/avatar\/13efc9c564bea5b970d7932ccccab70f95b4c4845c4e3a684e24f50a343d2bc4?s=96&d=mm&r=g","contentUrl":"https:\/\/secure.gravatar.com\/avatar\/13efc9c564bea5b970d7932ccccab70f95b4c4845c4e3a684e24f50a343d2bc4?s=96&d=mm&r=g","caption":"valehfarid"},"sameAs":["https:\/\/parlapharma.com"],"url":"https:\/\/parlapharma.com\/az\/author\/valehfarid\/"}]}},"jetpack_sharing_enabled":true,"_links":{"self":[{"href":"https:\/\/parlapharma.com\/az\/wp-json\/wp\/v2\/pages\/1147","targetHints":{"allow":["GET"]}}],"collection":[{"href":"https:\/\/parlapharma.com\/az\/wp-json\/wp\/v2\/pages"}],"about":[{"href":"https:\/\/parlapharma.com\/az\/wp-json\/wp\/v2\/types\/page"}],"author":[{"embeddable":true,"href":"https:\/\/parlapharma.com\/az\/wp-json\/wp\/v2\/users\/1"}],"replies":[{"embeddable":true,"href":"https:\/\/parlapharma.com\/az\/wp-json\/wp\/v2\/comments?post=1147"}],"version-history":[{"count":32,"href":"https:\/\/parlapharma.com\/az\/wp-json\/wp\/v2\/pages\/1147\/revisions"}],"predecessor-version":[{"id":4669,"href":"https:\/\/parlapharma.com\/az\/wp-json\/wp\/v2\/pages\/1147\/revisions\/4669"}],"wp:attachment":[{"href":"https:\/\/parlapharma.com\/az\/wp-json\/wp\/v2\/media?parent=1147"}],"curies":[{"name":"wp","href":"https:\/\/api.w.org\/{rel}","templated":true}]}}