{"id":1282,"date":"2022-07-19T17:45:34","date_gmt":"2022-07-19T13:45:34","guid":{"rendered":"https:\/\/parlapharma.com\/?page_id=1282"},"modified":"2023-10-04T10:01:22","modified_gmt":"2023-10-04T06:01:22","slug":"parlasin-az%c9%99rbaycan","status":"publish","type":"page","link":"https:\/\/parlapharma.com\/az\/parlasin-az%c9%99rbaycan\/","title":{"rendered":"&#8220;Parlas\u0131n Az\u0259rbaycan&#8221;"},"content":{"rendered":"<div data-elementor-type=\"wp-page\" data-elementor-id=\"1282\" class=\"elementor elementor-1282\" data-elementor-post-type=\"page\">\n\t\t\t\t\t\t<section class=\"elementor-section elementor-top-section elementor-element elementor-element-fr0psl8 elementor-section-height-min-height elementor-section-boxed elementor-section-height-default elementor-section-items-middle\" data-id=\"fr0psl8\" data-element_type=\"section\" data-settings=\"{&quot;background_background&quot;:&quot;classic&quot;}\">\n\t\t\t\t\t\t\t<div class=\"elementor-background-overlay\"><\/div>\n\t\t\t\t\t\t\t<div class=\"elementor-container elementor-column-gap-no\">\n\t\t\t\t\t<div class=\"elementor-column elementor-col-100 elementor-top-column elementor-element elementor-element-e885191\" data-id=\"e885191\" data-element_type=\"column\">\n\t\t\t<div class=\"elementor-widget-wrap\">\n\t\t\t\t\t\t\t<\/div>\n\t\t<\/div>\n\t\t\t\t\t<\/div>\n\t\t<\/section>\n\t\t<div class=\"elementor-element elementor-element-5207c12 e-flex e-con-boxed e-con e-parent\" data-id=\"5207c12\" data-element_type=\"container\">\n\t\t\t\t\t<div class=\"e-con-inner\">\n\t\t\t\t\t<\/div>\n\t\t\t\t<\/div>\n\t\t<div class=\"elementor-element elementor-element-4cb0b8a e-flex e-con-boxed e-con e-parent\" data-id=\"4cb0b8a\" data-element_type=\"container\">\n\t\t\t\t\t<div class=\"e-con-inner\">\n\t\t<div class=\"elementor-element elementor-element-e7a985c e-con-full e-flex e-con e-child\" data-id=\"e7a985c\" data-element_type=\"container\">\n\t\t\t\t<div class=\"elementor-element elementor-element-3016fd3 elementor-widget elementor-widget-image\" data-id=\"3016fd3\" data-element_type=\"widget\" data-widget_type=\"image.default\">\n\t\t\t\t<div class=\"elementor-widget-container\">\n\t\t\t\t\t\t\t\t\t\t\t\t\t\t\t<img decoding=\"async\" src=\"https:\/\/parlapharma.com\/Uploads\/choklate\/1%20(1).jpg\" title=\"\" alt=\"Parlas\u0131n Az\u0259rbaycan\" loading=\"lazy\" \/>\t\t\t\t\t\t\t\t\t\t\t\t\t\t\t<\/div>\n\t\t\t\t<\/div>\n\t\t\t\t<\/div>\n\t\t<div class=\"elementor-element elementor-element-ac053af e-con-full e-flex e-con e-child\" data-id=\"ac053af\" data-element_type=\"container\">\n\t\t\t\t<div class=\"elementor-element elementor-element-addf2a6 elementor-widget elementor-widget-image\" data-id=\"addf2a6\" data-element_type=\"widget\" data-widget_type=\"image.default\">\n\t\t\t\t<div class=\"elementor-widget-container\">\n\t\t\t\t\t\t\t\t\t\t\t\t\t\t\t<img decoding=\"async\" src=\"https:\/\/parlapharma.com\/Uploads\/choklate\/1%20(3).jpg\" title=\"\" alt=\"Parlaas\u0131n Az\u0259rbaycan\" loading=\"lazy\" \/>\t\t\t\t\t\t\t\t\t\t\t\t\t\t\t<\/div>\n\t\t\t\t<\/div>\n\t\t\t\t<\/div>\n\t\t<div class=\"elementor-element elementor-element-f0c2ebe e-con-full e-flex e-con e-child\" data-id=\"f0c2ebe\" data-element_type=\"container\">\n\t\t\t\t<div class=\"elementor-element elementor-element-0f3126a elementor-widget elementor-widget-image\" data-id=\"0f3126a\" data-element_type=\"widget\" data-widget_type=\"image.default\">\n\t\t\t\t<div class=\"elementor-widget-container\">\n\t\t\t\t\t\t\t\t\t\t\t\t\t\t\t<img decoding=\"async\" src=\"https:\/\/parlapharma.com\/Uploads\/choklate\/1%20(4).jpg\" title=\"\" alt=\"Parlasin Azerbaijan\" loading=\"lazy\" \/>\t\t\t\t\t\t\t\t\t\t\t\t\t\t\t<\/div>\n\t\t\t\t<\/div>\n\t\t\t\t<\/div>\n\t\t<div class=\"elementor-element elementor-element-57ec4b5 e-con-full e-flex e-con e-child\" data-id=\"57ec4b5\" data-element_type=\"container\">\n\t\t\t\t<div class=\"elementor-element elementor-element-f04c9b5 elementor-widget elementor-widget-image\" data-id=\"f04c9b5\" data-element_type=\"widget\" data-widget_type=\"image.default\">\n\t\t\t\t<div class=\"elementor-widget-container\">\n\t\t\t\t\t\t\t\t\t\t\t\t\t\t\t<img decoding=\"async\" src=\"https:\/\/parlapharma.com\/Uploads\/choklate\/1%20(5).jpg\" title=\"\" alt=\"Parlasin Azerbaijan\" loading=\"lazy\" \/>\t\t\t\t\t\t\t\t\t\t\t\t\t\t\t<\/div>\n\t\t\t\t<\/div>\n\t\t\t\t<\/div>\n\t\t\t\t\t<\/div>\n\t\t\t\t<\/div>\n\t\t<div class=\"elementor-element elementor-element-a54b0d0 e-flex e-con-boxed e-con e-parent\" data-id=\"a54b0d0\" data-element_type=\"container\">\n\t\t\t\t\t<div class=\"e-con-inner\">\n\t\t\t\t<div class=\"elementor-element elementor-element-6773dc2 elementor-widget elementor-widget-text-editor\" data-id=\"6773dc2\" data-element_type=\"widget\" data-widget_type=\"text-editor.default\">\n\t\t\t\t<div class=\"elementor-widget-container\">\n\t\t\t\t\t\t\t\t\t<h5 style=\"text-align: left;\"><span style=\"color: #0c4465;\"><strong>Parla Pharmaceuticals \u015firk\u0259tinin yerli istehsala d\u0259st\u0259k m\u0259qs\u0259dil\u0259 start verdiyi Parlas\u0131n Az\u0259rbaycan adl\u0131 layih\u0259sin\u0259 Az\u0259rbaycan\u0131n \u0259n b\u00f6y\u00fck \u015fokolad fabriki olan Ulduz fabriki d\u0259 d\u0259st\u0259k g\u00f6st\u0259rib. Ulduz fabriki \u0259m\u0259kda\u015fl\u0131q \u00e7\u0259r\u00e7iv\u0259sind\u0259 \u018fcza\u00e7\u0131lar\u0131n II \u00dcmumrespublika konfrans i\u015ftirak\u00e7\u0131lar\u0131n\u0131 yerli istehsal olan dadl\u0131 v\u0259 keyfiyy\u0259tli \u015fokoladlar\u0131 il\u0259 m\u0259mnun edib. Parlas\u0131n Az\u0259rbaycan layih\u0259si \u00f6lk\u0259mizd\u0259 yerli istehsal\u0131n inki\u015faf\u0131 v\u0259 t\u0259\u015fviqini h\u0259d\u0259fl\u0259yib v\u0259 q\u0131sa zaman \u0259rzind\u0259 b\u00f6y\u00fck maraq toplay\u0131b.\t\t\t\t\t\t\t\t<\/div>\n\t\t\t\t<\/div>\n\t\t\t\t\t<\/div>\n\t\t\t\t<\/div>\n\t\t\t\t<\/div>","protected":false},"excerpt":{"rendered":"<p>Ulduz factory, the largest chocolate factory in Azerbaijan, has also supported Parla&#8217;s Azerbaijan project, launched by Parla Pharmaceuticals to support local production. Within the framework of cooperation, the Ulduz factory satisfied the participants of the II All-Republic of Pharmacists conference with locally produced tasty and high-quality chocolates. The Azerbaijan project of Parlas aimed at the [&hellip;]<\/p>","protected":false},"author":1,"featured_media":0,"parent":0,"menu_order":0,"comment_status":"closed","ping_status":"closed","template":"","meta":{"site-sidebar-layout":"no-sidebar","site-content-layout":"page-builder","ast-site-content-layout":"default","site-content-style":"default","site-sidebar-style":"default","ast-global-header-display":"","ast-banner-title-visibility":"","ast-main-header-display":"","ast-hfb-above-header-display":"","ast-hfb-below-header-display":"","ast-hfb-mobile-header-display":"","site-post-title":"disabled","ast-breadcrumbs-content":"","ast-featured-img":"disabled","footer-sml-layout":"","ast-disable-related-posts":"","theme-transparent-header-meta":"","adv-header-id-meta":"","stick-header-meta":"","header-above-stick-meta":"","header-main-stick-meta":"","header-below-stick-meta":"","astra-migrate-meta-layouts":"default","ast-page-background-enabled":"default","ast-page-background-meta":{"desktop":{"background-color":"","background-image":"","background-repeat":"repeat","background-position":"center center","background-size":"auto","background-attachment":"scroll","background-type":"","background-media":"","overlay-type":"","overlay-color":"","overlay-opacity":"","overlay-gradient":""},"tablet":{"background-color":"","background-image":"","background-repeat":"repeat","background-position":"center center","background-size":"auto","background-attachment":"scroll","background-type":"","background-media":"","overlay-type":"","overlay-color":"","overlay-opacity":"","overlay-gradient":""},"mobile":{"background-color":"","background-image":"","background-repeat":"repeat","background-position":"center center","background-size":"auto","background-attachment":"scroll","background-type":"","background-media":"","overlay-type":"","overlay-color":"","overlay-opacity":"","overlay-gradient":""}},"ast-content-background-meta":{"desktop":{"background-color":"var(--ast-global-color-5)","background-image":"","background-repeat":"repeat","background-position":"center center","background-size":"auto","background-attachment":"scroll","background-type":"","background-media":"","overlay-type":"","overlay-color":"","overlay-opacity":"","overlay-gradient":""},"tablet":{"background-color":"var(--ast-global-color-5)","background-image":"","background-repeat":"repeat","background-position":"center center","background-size":"auto","background-attachment":"scroll","background-type":"","background-media":"","overlay-type":"","overlay-color":"","overlay-opacity":"","overlay-gradient":""},"mobile":{"background-color":"var(--ast-global-color-5)","background-image":"","background-repeat":"repeat","background-position":"center center","background-size":"auto","background-attachment":"scroll","background-type":"","background-media":"","overlay-type":"","overlay-color":"","overlay-opacity":"","overlay-gradient":""}},"footnotes":""},"class_list":["post-1282","page","type-page","status-publish","hentry"],"yoast_head":"<!-- This site is optimized with the Yoast SEO plugin v26.5 - https:\/\/yoast.com\/wordpress\/plugins\/seo\/ -->\n<title>&quot;Parlas\u0131n Az\u0259rbaycan&quot; - Parlapharmaceuticals<\/title>\n<meta name=\"description\" content=\"parlasinAzerbaijan-shine-for-health-Parlapharmaceuticals-yerli-derman-istehsali-yuksek-keyfiyyet-el-catan-dermanlar\" \/>\n<meta name=\"robots\" content=\"index, follow, max-snippet:-1, max-image-preview:large, max-video-preview:-1\" \/>\n<link rel=\"canonical\" href=\"https:\/\/parlapharma.com\/az\/parlasin-az\u0259rbaycan\/\" \/>\n<meta property=\"og:locale\" content=\"az_AZ\" \/>\n<meta property=\"og:type\" content=\"article\" \/>\n<meta property=\"og:title\" content=\"&quot;Parlas\u0131n Az\u0259rbaycan&quot; - Parlapharmaceuticals\" \/>\n<meta property=\"og:description\" content=\"parlasinAzerbaijan-shine-for-health-Parlapharmaceuticals-yerli-derman-istehsali-yuksek-keyfiyyet-el-catan-dermanlar\" \/>\n<meta property=\"og:url\" content=\"https:\/\/parlapharma.com\/az\/parlasin-az\u0259rbaycan\/\" \/>\n<meta property=\"og:site_name\" content=\"Parlapharmaceuticals\" \/>\n<meta property=\"article:publisher\" content=\"https:\/\/www.facebook.com\/parlapharma\/\" \/>\n<meta property=\"article:modified_time\" content=\"2023-10-04T06:01:22+00:00\" \/>\n<meta property=\"og:image\" content=\"https:\/\/parlapharma.com\/Uploads\/choklate\/1%20(1).jpg\" \/>\n<meta name=\"twitter:card\" content=\"summary_large_image\" \/>\n<meta name=\"twitter:label1\" content=\"Est. reading time\" \/>\n\t<meta name=\"twitter:data1\" content=\"2 minutes\" \/>\n<script type=\"application\/ld+json\" class=\"yoast-schema-graph\">{\"@context\":\"https:\/\/schema.org\",\"@graph\":[{\"@type\":\"WebPage\",\"@id\":\"https:\/\/parlapharma.com\/parlasin-az%c9%99rbaycan\/\",\"url\":\"https:\/\/parlapharma.com\/parlasin-az%c9%99rbaycan\/\",\"name\":\"\\\"Parlas\u0131n Az\u0259rbaycan\\\" - Parlapharmaceuticals\",\"isPartOf\":{\"@id\":\"https:\/\/parlapharma.com\/#website\"},\"primaryImageOfPage\":{\"@id\":\"https:\/\/parlapharma.com\/parlasin-az%c9%99rbaycan\/#primaryimage\"},\"image\":{\"@id\":\"https:\/\/parlapharma.com\/parlasin-az%c9%99rbaycan\/#primaryimage\"},\"thumbnailUrl\":\"https:\/\/parlapharma.com\/Uploads\/choklate\/1%20(1).jpg\",\"datePublished\":\"2022-07-19T13:45:34+00:00\",\"dateModified\":\"2023-10-04T06:01:22+00:00\",\"description\":\"parlasinAzerbaijan-shine-for-health-Parlapharmaceuticals-yerli-derman-istehsali-yuksek-keyfiyyet-el-catan-dermanlar\",\"breadcrumb\":{\"@id\":\"https:\/\/parlapharma.com\/parlasin-az%c9%99rbaycan\/#breadcrumb\"},\"inLanguage\":\"az\",\"potentialAction\":[{\"@type\":\"ReadAction\",\"target\":[\"https:\/\/parlapharma.com\/parlasin-az%c9%99rbaycan\/\"]}]},{\"@type\":\"ImageObject\",\"inLanguage\":\"az\",\"@id\":\"https:\/\/parlapharma.com\/parlasin-az%c9%99rbaycan\/#primaryimage\",\"url\":\"https:\/\/parlapharma.com\/Uploads\/choklate\/1%20(1).jpg\",\"contentUrl\":\"https:\/\/parlapharma.com\/Uploads\/choklate\/1%20(1).jpg\"},{\"@type\":\"BreadcrumbList\",\"@id\":\"https:\/\/parlapharma.com\/parlasin-az%c9%99rbaycan\/#breadcrumb\",\"itemListElement\":[{\"@type\":\"ListItem\",\"position\":1,\"name\":\"Home\",\"item\":\"https:\/\/parlapharma.com\/\"},{\"@type\":\"ListItem\",\"position\":2,\"name\":\"&#8220;Parlas\u0131n Az\u0259rbaycan&#8221;\"}]},{\"@type\":\"WebSite\",\"@id\":\"https:\/\/parlapharma.com\/#website\",\"url\":\"https:\/\/parlapharma.com\/\",\"name\":\"Parlapharmaceuticals\",\"description\":\"Pharmaceuticals site\",\"publisher\":{\"@id\":\"https:\/\/parlapharma.com\/#organization\"},\"potentialAction\":[{\"@type\":\"SearchAction\",\"target\":{\"@type\":\"EntryPoint\",\"urlTemplate\":\"https:\/\/parlapharma.com\/?s={search_term_string}\"},\"query-input\":{\"@type\":\"PropertyValueSpecification\",\"valueRequired\":true,\"valueName\":\"search_term_string\"}}],\"inLanguage\":\"az\"},{\"@type\":\"Organization\",\"@id\":\"https:\/\/parlapharma.com\/#organization\",\"name\":\"Parlapharmaceuticlas\",\"url\":\"https:\/\/parlapharma.com\/\",\"logo\":{\"@type\":\"ImageObject\",\"inLanguage\":\"az\",\"@id\":\"https:\/\/parlapharma.com\/#\/schema\/logo\/image\/\",\"url\":\"https:\/\/parlapharma.com\/wp-content\/uploads\/2022\/07\/LOGO-Big-1.png\",\"contentUrl\":\"https:\/\/parlapharma.com\/wp-content\/uploads\/2022\/07\/LOGO-Big-1.png\",\"width\":6890,\"height\":3776,\"caption\":\"Parlapharmaceuticlas\"},\"image\":{\"@id\":\"https:\/\/parlapharma.com\/#\/schema\/logo\/image\/\"},\"sameAs\":[\"https:\/\/www.facebook.com\/parlapharma\/\",\"https:\/\/www.instagram.com\/parlapharma\/\",\"https:\/\/www.youtube.com\/channel\/UCeGsUOlyz-DgZFruHcz39gQ\"]}]}<\/script>\n<!-- \/ Yoast SEO plugin. -->","yoast_head_json":{"title":"\"Parlas\u0131n Az\u0259rbaycan\" - Parlapharmaceuticals","description":"parlasinAzerbaijan-shine-for-health-Parlapharmaceuticals-yerli-derman-istehsali-yuksek-keyfiyyet-el-catan-dermanlar","robots":{"index":"index","follow":"follow","max-snippet":"max-snippet:-1","max-image-preview":"max-image-preview:large","max-video-preview":"max-video-preview:-1"},"canonical":"https:\/\/parlapharma.com\/az\/parlasin-az\u0259rbaycan\/","og_locale":"az_AZ","og_type":"article","og_title":"\"Parlas\u0131n Az\u0259rbaycan\" - Parlapharmaceuticals","og_description":"parlasinAzerbaijan-shine-for-health-Parlapharmaceuticals-yerli-derman-istehsali-yuksek-keyfiyyet-el-catan-dermanlar","og_url":"https:\/\/parlapharma.com\/az\/parlasin-az\u0259rbaycan\/","og_site_name":"Parlapharmaceuticals","article_publisher":"https:\/\/www.facebook.com\/parlapharma\/","article_modified_time":"2023-10-04T06:01:22+00:00","og_image":[{"url":"https:\/\/parlapharma.com\/Uploads\/choklate\/1%20(1).jpg","type":"","width":"","height":""}],"twitter_card":"summary_large_image","twitter_misc":{"Est. reading time":"2 minutes"},"schema":{"@context":"https:\/\/schema.org","@graph":[{"@type":"WebPage","@id":"https:\/\/parlapharma.com\/parlasin-az%c9%99rbaycan\/","url":"https:\/\/parlapharma.com\/parlasin-az%c9%99rbaycan\/","name":"\"Parlas\u0131n Az\u0259rbaycan\" - Parlapharmaceuticals","isPartOf":{"@id":"https:\/\/parlapharma.com\/#website"},"primaryImageOfPage":{"@id":"https:\/\/parlapharma.com\/parlasin-az%c9%99rbaycan\/#primaryimage"},"image":{"@id":"https:\/\/parlapharma.com\/parlasin-az%c9%99rbaycan\/#primaryimage"},"thumbnailUrl":"https:\/\/parlapharma.com\/Uploads\/choklate\/1%20(1).jpg","datePublished":"2022-07-19T13:45:34+00:00","dateModified":"2023-10-04T06:01:22+00:00","description":"parlasinAzerbaijan-shine-for-health-Parlapharmaceuticals-yerli-derman-istehsali-yuksek-keyfiyyet-el-catan-dermanlar","breadcrumb":{"@id":"https:\/\/parlapharma.com\/parlasin-az%c9%99rbaycan\/#breadcrumb"},"inLanguage":"az","potentialAction":[{"@type":"ReadAction","target":["https:\/\/parlapharma.com\/parlasin-az%c9%99rbaycan\/"]}]},{"@type":"ImageObject","inLanguage":"az","@id":"https:\/\/parlapharma.com\/parlasin-az%c9%99rbaycan\/#primaryimage","url":"https:\/\/parlapharma.com\/Uploads\/choklate\/1%20(1).jpg","contentUrl":"https:\/\/parlapharma.com\/Uploads\/choklate\/1%20(1).jpg"},{"@type":"BreadcrumbList","@id":"https:\/\/parlapharma.com\/parlasin-az%c9%99rbaycan\/#breadcrumb","itemListElement":[{"@type":"ListItem","position":1,"name":"Home","item":"https:\/\/parlapharma.com\/"},{"@type":"ListItem","position":2,"name":"&#8220;Parlas\u0131n Az\u0259rbaycan&#8221;"}]},{"@type":"WebSite","@id":"https:\/\/parlapharma.com\/#website","url":"https:\/\/parlapharma.com\/","name":"Parlapharmaceuticals","description":"Pharmaceuticals site","publisher":{"@id":"https:\/\/parlapharma.com\/#organization"},"potentialAction":[{"@type":"SearchAction","target":{"@type":"EntryPoint","urlTemplate":"https:\/\/parlapharma.com\/?s={search_term_string}"},"query-input":{"@type":"PropertyValueSpecification","valueRequired":true,"valueName":"search_term_string"}}],"inLanguage":"az"},{"@type":"Organization","@id":"https:\/\/parlapharma.com\/#organization","name":"Parlapharmaceuticlas","url":"https:\/\/parlapharma.com\/","logo":{"@type":"ImageObject","inLanguage":"az","@id":"https:\/\/parlapharma.com\/#\/schema\/logo\/image\/","url":"https:\/\/parlapharma.com\/wp-content\/uploads\/2022\/07\/LOGO-Big-1.png","contentUrl":"https:\/\/parlapharma.com\/wp-content\/uploads\/2022\/07\/LOGO-Big-1.png","width":6890,"height":3776,"caption":"Parlapharmaceuticlas"},"image":{"@id":"https:\/\/parlapharma.com\/#\/schema\/logo\/image\/"},"sameAs":["https:\/\/www.facebook.com\/parlapharma\/","https:\/\/www.instagram.com\/parlapharma\/","https:\/\/www.youtube.com\/channel\/UCeGsUOlyz-DgZFruHcz39gQ"]}]}},"jetpack_sharing_enabled":true,"_links":{"self":[{"href":"https:\/\/parlapharma.com\/az\/wp-json\/wp\/v2\/pages\/1282","targetHints":{"allow":["GET"]}}],"collection":[{"href":"https:\/\/parlapharma.com\/az\/wp-json\/wp\/v2\/pages"}],"about":[{"href":"https:\/\/parlapharma.com\/az\/wp-json\/wp\/v2\/types\/page"}],"author":[{"embeddable":true,"href":"https:\/\/parlapharma.com\/az\/wp-json\/wp\/v2\/users\/1"}],"replies":[{"embeddable":true,"href":"https:\/\/parlapharma.com\/az\/wp-json\/wp\/v2\/comments?post=1282"}],"version-history":[{"count":12,"href":"https:\/\/parlapharma.com\/az\/wp-json\/wp\/v2\/pages\/1282\/revisions"}],"predecessor-version":[{"id":4663,"href":"https:\/\/parlapharma.com\/az\/wp-json\/wp\/v2\/pages\/1282\/revisions\/4663"}],"wp:attachment":[{"href":"https:\/\/parlapharma.com\/az\/wp-json\/wp\/v2\/media?parent=1282"}],"curies":[{"name":"wp","href":"https:\/\/api.w.org\/{rel}","templated":true}]}}