{"id":1451,"date":"2022-07-20T17:21:56","date_gmt":"2022-07-20T13:21:56","guid":{"rendered":"https:\/\/parlapharma.com\/?page_id=1451"},"modified":"2022-07-20T17:48:38","modified_gmt":"2022-07-20T13:48:38","slug":"test","status":"publish","type":"page","link":"https:\/\/parlapharma.com\/az\/test\/","title":{"rendered":"Test"},"content":{"rendered":"<div class=\"wp-block-ps2id-block-target\" id=\"Company\"><\/div>\n\n\n\n<h2 class=\"wp-block-heading\">\u015eirk\u0259timiz<\/h2>\n\n\n\n<p>Exporting advanced biotechnological and nanotechnological products by developing an international culture, structure and performance is one of the key focus areas. Parla is ambitious to be Azerbaijan\u2019s best Pharmaceutical brand, worldwide.<\/p>\n\n\n\n<figure class=\"wp-block-image\"><img decoding=\"async\" src=\"https:\/\/parlapharma.com\/wp-content\/uploads\/2022\/07\/Our20company202nd20slider.jpg\" alt=\"press-releases\"\/><\/figure>\n\n\n\n<div class=\"wp-block-ps2id-block-target\" id=\"Vision\"><\/div>\n\n\n\n<h3 class=\"wp-block-heading\">Vizyonumuz<\/h3>\n\n\n\n<p>S\u0259hiyy\u0259 xidm\u0259tl\u0259rinin daha \u0259l\u00e7atan olmas\u0131na nail olmaq v\u0259 pasiyentl\u0259rin h\u0259yat keyfiyy\u0259tini yax\u015f\u0131la\u015fd\u0131rmaq.<br>M\u00fc\u015ft\u0259ril\u0259rimiz, \u0259m\u0259kda\u015flar\u0131m\u0131z, biznes t\u0259r\u0259fda\u015flar\u0131m\u0131z v\u0259 s\u0259hmdarlar\u0131m\u0131z \u00fc\u00e7\u00fcn \u0259lav\u0259 d\u0259y\u0259r yaratmaq.<\/p>\n\n\n\n<figure class=\"wp-block-image\"><img decoding=\"async\" src=\"https:\/\/parlapharma.com\/wp-content\/uploads\/2022\/07\/DSC00788-1024x427.jpg\" alt=\"\"\/><\/figure>\n\n\n\n<figure class=\"wp-block-image\"><img decoding=\"async\" src=\"https:\/\/parlapharma.com\/wp-content\/uploads\/2022\/07\/DSC00125-1024x427.jpg\" alt=\"\"\/><\/figure>\n\n\n\n<div class=\"wp-block-ps2id-block-target\" id=\"Mission\"><\/div>\n\n\n\n<h3 class=\"wp-block-heading\">Missiyam\u0131z<\/h3>\n\n\n\n<p>\u018fsas m\u0259qs\u0259dimiz \u0259halinin h\u0259yat keyfiyy\u0259tinin art\u0131r\u0131\u0131lmas\u0131, y\u00fcks\u0259k keyfiyy\u0259tli \u0259cza\u00e7\u0131l\u0131q m\u0259hsullar\u0131 istehsal ed\u0259r\u0259k m\u00fcnasib qiym\u0259tl\u0259rl\u0259 insanlara t\u0259qdim etm\u0259kdir. Biz h\u0259m\u00e7inin, \u0259cza\u00e7\u0131l\u0131q bazar\u0131nda v\u0259 c\u0259miyy\u0259td\u0259 pasiyent y\u00f6n\u00fcml\u00fc yana\u015fman\u0131 v\u0259 liderliyi inki\u015faf etdirm\u0259y\u0259 y\u00f6n\u0259lmi\u015fik.<\/p>\n\n\n\n<div class=\"wp-block-ps2id-block-target\" id=\"ParlaTeam\"><\/div>\n\n\n\n<h2 class=\"wp-block-heading\">Komandam\u0131z<\/h2>\n\n\n\n<p>With a well-trained professional team and abundance of experience behind them, Parla is determined to become a first-class pharmaceutical company in Azerbaijan.<br>We are a dynamic and energetic team of professionals who focus on excellence and success. Our people are equipped with many years of experience, along with the knowledge and confidence in their field of work.<\/p>\n\n\n\n<figure class=\"wp-block-image\"><img decoding=\"async\" src=\"https:\/\/parlapharma.com\/wp-content\/uploads\/2022\/07\/Parla20team2nd20slider.jpg\" alt=\"\"\/><\/figure>\n\n\n\n<p>Parla is a young, talented, ambitious and agile team of professionals.<\/p>\n\n\n\n<figure class=\"wp-block-image\"><img decoding=\"async\" src=\"https:\/\/parlapharma.com\/wp-content\/uploads\/2022\/07\/Parla20team201st20slider.jpg\" alt=\"\"\/><\/figure>\n\n\n\n<p>In Parla we believe in innovation, dedication and teamwork.<\/p>\n\n\n\n<figure class=\"wp-block-image\"><img decoding=\"async\" src=\"https:\/\/parlapharma.com\/wp-content\/uploads\/2022\/07\/Parla20team203rd20slider.jpg\" alt=\"\"\/><\/figure>\n\n\n\n<p>Our success is a reflection of our people and we love what we do.<\/p>\n\n\n\n<div class=\"wp-block-ps2id-block-target\" id=\"ParlaCulture\"><\/div>\n\n\n\n<h3 class=\"wp-block-heading\">Korporativ m\u0259d\u0259niyy\u0259t<\/h3>\n\n\n\n<p id=\"ParlaCultureContent\">Parla culture is a set of principles which form bases of every decisions and action we make.It shows who we are, what is our principles and values, how we perform and what is our goals, and it describes the direction for all of us. Our culture is based on striving for best in all performance areas as workplace, individual and team, products and engagement.<\/p>\n\n\n\n<figure class=\"wp-block-image\"><img decoding=\"async\" src=\"https:\/\/parlapharma.com\/wp-content\/uploads\/2022\/07\/Our20culture-1024x427.jpg\" alt=\"\"\/><\/figure>\n\n\n\n<div class=\"wp-block-ps2id-block-target\" id=\"SocialResponsibility\"><\/div>\n\n\n\n<h3 class=\"wp-block-heading\">Social Responsibility<\/h3>\n\n\n\n<figure class=\"wp-block-image\"><img decoding=\"async\" src=\"https:\/\/parlapharma.com\/wp-content\/uploads\/2022\/07\/DSC00743-1024x427.jpg\" alt=\"\"\/><\/figure>\n\n\n\n<p>Missiyam\u0131z, d\u0259y\u0259rl\u0259rimiz v\u0259 korporativ m\u0259d\u0259niyy\u0259timiz\u0259 sadiq qalaraq, pasiyentl\u0259rimiz, c\u0259miyy\u0259timiz v\u0259 \u0259traf m\u00fchit\u0259 \u00f6z t\u00f6hf\u0259mizi verm\u0259k \u00fc\u00e7\u00fcn dayanmadan \u00e7al\u0131\u015f\u0131r\u0131q.<\/p>\n\n\n\n<div class=\"wp-block-ps2id-block-target\" id=\"VALUES\"><\/div>\n\n\n\n<h2 class=\"wp-block-heading\">D\u0259y\u0259rl\u0259rimiz<\/h2>\n\n\n\n<figure class=\"wp-block-image\"><a href=\"https:\/\/parlapharma.com\/az\/about\/\"><img decoding=\"async\" src=\"https:\/\/parlapharma.com\/wp-content\/uploads\/2022\/07\/icon.png\" alt=\"\"\/><\/a><\/figure>\n\n\n\n<h3 class=\"wp-block-heading\"><a href=\"https:\/\/parlapharma.com\/az\/about\/\">Performans<\/a><\/h3>\n\n\n\n<p>As an ambitious company, we believe our work should be executed flawlessly, to guarantee added value for our patients, customers, shareholders and staff and ensure unparalleled quality in everything we do.<\/p>\n\n\n\n<figure class=\"wp-block-image\"><img decoding=\"async\" src=\"https:\/\/parlapharma.com\/wp-content\/uploads\/2022\/07\/Professionalisim.jpg\" alt=\"\"\/><\/figure>\n\n\n\n<h4 class=\"wp-block-heading\">Professionalism<\/h4>\n\n\n\n<p>We set our standards high and we are ready to help team to add on their skills, so that Parla\u2019s team can exceed expectations and strive for perfection in everything we do.<\/p>\n\n\n\n<figure class=\"wp-block-image\"><img decoding=\"async\" src=\"https:\/\/parlapharma.com\/wp-content\/uploads\/2022\/07\/Separate20Icons-13.png\" alt=\"\"\/><\/figure>\n\n\n\n<h3 class=\"wp-block-heading\">Innovation<\/h3>\n\n\n\n<p>We constantly strive to redefine the standard of excellence in everything we do. We are open to ideas that challenge the conventional views and drive innovation.<\/p>\n\n\n\n<figure class=\"wp-block-image\"><img decoding=\"async\" src=\"https:\/\/parlapharma.com\/wp-content\/uploads\/2022\/07\/Teamwork-png.jpg\" alt=\"\"\/><\/figure>\n\n\n\n<h3 class=\"wp-block-heading\">Teamwork<\/h3>\n\n\n\n<p>Parla deeply believes in real team performance and integration. We put the interest of the team as success only comes when we work together.<\/p>\n\n\n\n<figure class=\"wp-block-image\"><img decoding=\"async\" src=\"https:\/\/parlapharma.com\/wp-content\/uploads\/2022\/07\/integrity.png\" alt=\"\"\/><\/figure>\n\n\n\n<h3 class=\"wp-block-heading\">Integrity<\/h3>\n\n\n\n<p>Ethics is propriety in all what we do in Parla. We are honest, fair and open and we never compromise on those.<\/p>\n\n\n\n<div class=\"wp-block-ps2id-block-target\" id=\"\"><\/div>","protected":false},"excerpt":{"rendered":"<p>Company Exporting advanced biotechnological and nanotechnological products by developing an international culture, structure and performance is one of the key focus areas. Parla is ambitious to be Azerbaijan\u2019s best Pharmaceutical brand, worldwide. Vision Improving healthcare access and quality of life.Creating added value for our customers, staff, business partners and shareholders. Mission Initial aim is to [&hellip;]<\/p>","protected":false},"author":1,"featured_media":0,"parent":0,"menu_order":0,"comment_status":"closed","ping_status":"closed","template":"","meta":{"site-sidebar-layout":"default","site-content-layout":"","ast-site-content-layout":"default","site-content-style":"default","site-sidebar-style":"default","ast-global-header-display":"","ast-banner-title-visibility":"","ast-main-header-display":"","ast-hfb-above-header-display":"","ast-hfb-below-header-display":"","ast-hfb-mobile-header-display":"","site-post-title":"","ast-breadcrumbs-content":"","ast-featured-img":"","footer-sml-layout":"","ast-disable-related-posts":"","theme-transparent-header-meta":"","adv-header-id-meta":"","stick-header-meta":"","header-above-stick-meta":"","header-main-stick-meta":"","header-below-stick-meta":"","astra-migrate-meta-layouts":"default","ast-page-background-enabled":"default","ast-page-background-meta":{"desktop":{"background-color":"","background-image":"","background-repeat":"repeat","background-position":"center center","background-size":"auto","background-attachment":"scroll","background-type":"","background-media":"","overlay-type":"","overlay-color":"","overlay-opacity":"","overlay-gradient":""},"tablet":{"background-color":"","background-image":"","background-repeat":"repeat","background-position":"center center","background-size":"auto","background-attachment":"scroll","background-type":"","background-media":"","overlay-type":"","overlay-color":"","overlay-opacity":"","overlay-gradient":""},"mobile":{"background-color":"","background-image":"","background-repeat":"repeat","background-position":"center center","background-size":"auto","background-attachment":"scroll","background-type":"","background-media":"","overlay-type":"","overlay-color":"","overlay-opacity":"","overlay-gradient":""}},"ast-content-background-meta":{"desktop":{"background-color":"var(--ast-global-color-5)","background-image":"","background-repeat":"repeat","background-position":"center center","background-size":"auto","background-attachment":"scroll","background-type":"","background-media":"","overlay-type":"","overlay-color":"","overlay-opacity":"","overlay-gradient":""},"tablet":{"background-color":"var(--ast-global-color-5)","background-image":"","background-repeat":"repeat","background-position":"center center","background-size":"auto","background-attachment":"scroll","background-type":"","background-media":"","overlay-type":"","overlay-color":"","overlay-opacity":"","overlay-gradient":""},"mobile":{"background-color":"var(--ast-global-color-5)","background-image":"","background-repeat":"repeat","background-position":"center center","background-size":"auto","background-attachment":"scroll","background-type":"","background-media":"","overlay-type":"","overlay-color":"","overlay-opacity":"","overlay-gradient":""}},"footnotes":""},"class_list":["post-1451","page","type-page","status-publish","hentry"],"yoast_head":"<!-- This site is optimized with the Yoast SEO plugin v26.5 - https:\/\/yoast.com\/wordpress\/plugins\/seo\/ -->\n<title>Test - Parlapharmaceuticals<\/title>\n<meta name=\"robots\" content=\"index, follow, max-snippet:-1, max-image-preview:large, max-video-preview:-1\" \/>\n<link rel=\"canonical\" href=\"https:\/\/parlapharma.com\/az\/test\/\" \/>\n<meta property=\"og:locale\" content=\"az_AZ\" \/>\n<meta property=\"og:type\" content=\"article\" \/>\n<meta property=\"og:title\" content=\"Test - Parlapharmaceuticals\" \/>\n<meta property=\"og:description\" content=\"Company Exporting advanced biotechnological and nanotechnological products by developing an international culture, structure and performance is one of the key focus areas. Parla is ambitious to be Azerbaijan\u2019s best Pharmaceutical brand, worldwide. Vision Improving healthcare access and quality of life.Creating added value for our customers, staff, business partners and shareholders. Mission Initial aim is to [&hellip;]\" \/>\n<meta property=\"og:url\" content=\"https:\/\/parlapharma.com\/az\/test\/\" \/>\n<meta property=\"og:site_name\" content=\"Parlapharmaceuticals\" \/>\n<meta property=\"article:publisher\" content=\"https:\/\/www.facebook.com\/parlapharma\/\" \/>\n<meta property=\"article:modified_time\" content=\"2022-07-20T13:48:38+00:00\" \/>\n<meta property=\"og:image\" content=\"https:\/\/parlapharma.com\/wp-content\/uploads\/2022\/07\/Our20company202nd20slider.jpg\" \/>\n<meta name=\"twitter:card\" content=\"summary_large_image\" \/>\n<meta name=\"twitter:label1\" content=\"Est. reading time\" \/>\n\t<meta name=\"twitter:data1\" content=\"5 minutes\" \/>\n<script type=\"application\/ld+json\" class=\"yoast-schema-graph\">{\"@context\":\"https:\/\/schema.org\",\"@graph\":[{\"@type\":\"WebPage\",\"@id\":\"https:\/\/parlapharma.com\/test\/\",\"url\":\"https:\/\/parlapharma.com\/test\/\",\"name\":\"Test - Parlapharmaceuticals\",\"isPartOf\":{\"@id\":\"https:\/\/parlapharma.com\/#website\"},\"primaryImageOfPage\":{\"@id\":\"https:\/\/parlapharma.com\/test\/#primaryimage\"},\"image\":{\"@id\":\"https:\/\/parlapharma.com\/test\/#primaryimage\"},\"thumbnailUrl\":\"https:\/\/parlapharma.com\/wp-content\/uploads\/2022\/07\/Our20company202nd20slider.jpg\",\"datePublished\":\"2022-07-20T13:21:56+00:00\",\"dateModified\":\"2022-07-20T13:48:38+00:00\",\"breadcrumb\":{\"@id\":\"https:\/\/parlapharma.com\/test\/#breadcrumb\"},\"inLanguage\":\"az\",\"potentialAction\":[{\"@type\":\"ReadAction\",\"target\":[\"https:\/\/parlapharma.com\/test\/\"]}]},{\"@type\":\"ImageObject\",\"inLanguage\":\"az\",\"@id\":\"https:\/\/parlapharma.com\/test\/#primaryimage\",\"url\":\"https:\/\/parlapharma.com\/wp-content\/uploads\/2022\/07\/Our20company202nd20slider.jpg\",\"contentUrl\":\"https:\/\/parlapharma.com\/wp-content\/uploads\/2022\/07\/Our20company202nd20slider.jpg\"},{\"@type\":\"BreadcrumbList\",\"@id\":\"https:\/\/parlapharma.com\/test\/#breadcrumb\",\"itemListElement\":[{\"@type\":\"ListItem\",\"position\":1,\"name\":\"Home\",\"item\":\"https:\/\/parlapharma.com\/\"},{\"@type\":\"ListItem\",\"position\":2,\"name\":\"Test\"}]},{\"@type\":\"WebSite\",\"@id\":\"https:\/\/parlapharma.com\/#website\",\"url\":\"https:\/\/parlapharma.com\/\",\"name\":\"Parlapharmaceuticals\",\"description\":\"Pharmaceuticals site\",\"publisher\":{\"@id\":\"https:\/\/parlapharma.com\/#organization\"},\"potentialAction\":[{\"@type\":\"SearchAction\",\"target\":{\"@type\":\"EntryPoint\",\"urlTemplate\":\"https:\/\/parlapharma.com\/?s={search_term_string}\"},\"query-input\":{\"@type\":\"PropertyValueSpecification\",\"valueRequired\":true,\"valueName\":\"search_term_string\"}}],\"inLanguage\":\"az\"},{\"@type\":\"Organization\",\"@id\":\"https:\/\/parlapharma.com\/#organization\",\"name\":\"Parlapharmaceuticlas\",\"url\":\"https:\/\/parlapharma.com\/\",\"logo\":{\"@type\":\"ImageObject\",\"inLanguage\":\"az\",\"@id\":\"https:\/\/parlapharma.com\/#\/schema\/logo\/image\/\",\"url\":\"https:\/\/parlapharma.com\/wp-content\/uploads\/2022\/07\/LOGO-Big-1.png\",\"contentUrl\":\"https:\/\/parlapharma.com\/wp-content\/uploads\/2022\/07\/LOGO-Big-1.png\",\"width\":6890,\"height\":3776,\"caption\":\"Parlapharmaceuticlas\"},\"image\":{\"@id\":\"https:\/\/parlapharma.com\/#\/schema\/logo\/image\/\"},\"sameAs\":[\"https:\/\/www.facebook.com\/parlapharma\/\",\"https:\/\/www.instagram.com\/parlapharma\/\",\"https:\/\/www.youtube.com\/channel\/UCeGsUOlyz-DgZFruHcz39gQ\"]}]}<\/script>\n<!-- \/ Yoast SEO plugin. -->","yoast_head_json":{"title":"Test - Parlapharmaceuticals","robots":{"index":"index","follow":"follow","max-snippet":"max-snippet:-1","max-image-preview":"max-image-preview:large","max-video-preview":"max-video-preview:-1"},"canonical":"https:\/\/parlapharma.com\/az\/test\/","og_locale":"az_AZ","og_type":"article","og_title":"Test - Parlapharmaceuticals","og_description":"Company Exporting advanced biotechnological and nanotechnological products by developing an international culture, structure and performance is one of the key focus areas. Parla is ambitious to be Azerbaijan\u2019s best Pharmaceutical brand, worldwide. Vision Improving healthcare access and quality of life.Creating added value for our customers, staff, business partners and shareholders. Mission Initial aim is to [&hellip;]","og_url":"https:\/\/parlapharma.com\/az\/test\/","og_site_name":"Parlapharmaceuticals","article_publisher":"https:\/\/www.facebook.com\/parlapharma\/","article_modified_time":"2022-07-20T13:48:38+00:00","og_image":[{"url":"https:\/\/parlapharma.com\/wp-content\/uploads\/2022\/07\/Our20company202nd20slider.jpg","type":"","width":"","height":""}],"twitter_card":"summary_large_image","twitter_misc":{"Est. reading time":"5 minutes"},"schema":{"@context":"https:\/\/schema.org","@graph":[{"@type":"WebPage","@id":"https:\/\/parlapharma.com\/test\/","url":"https:\/\/parlapharma.com\/test\/","name":"Test - Parlapharmaceuticals","isPartOf":{"@id":"https:\/\/parlapharma.com\/#website"},"primaryImageOfPage":{"@id":"https:\/\/parlapharma.com\/test\/#primaryimage"},"image":{"@id":"https:\/\/parlapharma.com\/test\/#primaryimage"},"thumbnailUrl":"https:\/\/parlapharma.com\/wp-content\/uploads\/2022\/07\/Our20company202nd20slider.jpg","datePublished":"2022-07-20T13:21:56+00:00","dateModified":"2022-07-20T13:48:38+00:00","breadcrumb":{"@id":"https:\/\/parlapharma.com\/test\/#breadcrumb"},"inLanguage":"az","potentialAction":[{"@type":"ReadAction","target":["https:\/\/parlapharma.com\/test\/"]}]},{"@type":"ImageObject","inLanguage":"az","@id":"https:\/\/parlapharma.com\/test\/#primaryimage","url":"https:\/\/parlapharma.com\/wp-content\/uploads\/2022\/07\/Our20company202nd20slider.jpg","contentUrl":"https:\/\/parlapharma.com\/wp-content\/uploads\/2022\/07\/Our20company202nd20slider.jpg"},{"@type":"BreadcrumbList","@id":"https:\/\/parlapharma.com\/test\/#breadcrumb","itemListElement":[{"@type":"ListItem","position":1,"name":"Home","item":"https:\/\/parlapharma.com\/"},{"@type":"ListItem","position":2,"name":"Test"}]},{"@type":"WebSite","@id":"https:\/\/parlapharma.com\/#website","url":"https:\/\/parlapharma.com\/","name":"Parlapharmaceuticals","description":"Pharmaceuticals site","publisher":{"@id":"https:\/\/parlapharma.com\/#organization"},"potentialAction":[{"@type":"SearchAction","target":{"@type":"EntryPoint","urlTemplate":"https:\/\/parlapharma.com\/?s={search_term_string}"},"query-input":{"@type":"PropertyValueSpecification","valueRequired":true,"valueName":"search_term_string"}}],"inLanguage":"az"},{"@type":"Organization","@id":"https:\/\/parlapharma.com\/#organization","name":"Parlapharmaceuticlas","url":"https:\/\/parlapharma.com\/","logo":{"@type":"ImageObject","inLanguage":"az","@id":"https:\/\/parlapharma.com\/#\/schema\/logo\/image\/","url":"https:\/\/parlapharma.com\/wp-content\/uploads\/2022\/07\/LOGO-Big-1.png","contentUrl":"https:\/\/parlapharma.com\/wp-content\/uploads\/2022\/07\/LOGO-Big-1.png","width":6890,"height":3776,"caption":"Parlapharmaceuticlas"},"image":{"@id":"https:\/\/parlapharma.com\/#\/schema\/logo\/image\/"},"sameAs":["https:\/\/www.facebook.com\/parlapharma\/","https:\/\/www.instagram.com\/parlapharma\/","https:\/\/www.youtube.com\/channel\/UCeGsUOlyz-DgZFruHcz39gQ"]}]}},"jetpack_sharing_enabled":true,"_links":{"self":[{"href":"https:\/\/parlapharma.com\/az\/wp-json\/wp\/v2\/pages\/1451","targetHints":{"allow":["GET"]}}],"collection":[{"href":"https:\/\/parlapharma.com\/az\/wp-json\/wp\/v2\/pages"}],"about":[{"href":"https:\/\/parlapharma.com\/az\/wp-json\/wp\/v2\/types\/page"}],"author":[{"embeddable":true,"href":"https:\/\/parlapharma.com\/az\/wp-json\/wp\/v2\/users\/1"}],"replies":[{"embeddable":true,"href":"https:\/\/parlapharma.com\/az\/wp-json\/wp\/v2\/comments?post=1451"}],"version-history":[{"count":2,"href":"https:\/\/parlapharma.com\/az\/wp-json\/wp\/v2\/pages\/1451\/revisions"}],"predecessor-version":[{"id":1461,"href":"https:\/\/parlapharma.com\/az\/wp-json\/wp\/v2\/pages\/1451\/revisions\/1461"}],"wp:attachment":[{"href":"https:\/\/parlapharma.com\/az\/wp-json\/wp\/v2\/media?parent=1451"}],"curies":[{"name":"wp","href":"https:\/\/api.w.org\/{rel}","templated":true}]}}