{"id":2067,"date":"2022-12-08T17:31:22","date_gmt":"2022-12-08T13:31:22","guid":{"rendered":"https:\/\/parlapharma.com\/?page_id=2067"},"modified":"2023-12-06T09:59:20","modified_gmt":"2023-12-06T05:59:20","slug":"antibiotics","status":"publish","type":"page","link":"https:\/\/parlapharma.com\/az\/antibiotics\/","title":{"rendered":"Antibiotikl\u0259r"},"content":{"rendered":"<div data-elementor-type=\"wp-page\" data-elementor-id=\"2067\" class=\"elementor elementor-2067\" data-elementor-post-type=\"page\">\n\t\t\t\t\t\t<section class=\"elementor-section elementor-top-section elementor-element elementor-element-26df6f97 elementor-section-boxed elementor-section-height-default elementor-section-height-default\" data-id=\"26df6f97\" data-element_type=\"section\" data-settings=\"{&quot;background_background&quot;:&quot;classic&quot;}\">\n\t\t\t\t\t\t\t<div class=\"elementor-background-overlay\"><\/div>\n\t\t\t\t\t\t\t<div class=\"elementor-container elementor-column-gap-default\">\n\t\t\t\t\t<div class=\"elementor-column elementor-col-100 elementor-top-column elementor-element elementor-element-794519c1\" data-id=\"794519c1\" data-element_type=\"column\">\n\t\t\t<div class=\"elementor-widget-wrap elementor-element-populated\">\n\t\t\t\t\t\t<div class=\"elementor-element elementor-element-2e5b5d86 elementor-icon-list--layout-inline elementor-align-center elementor-mobile-align-center elementor-list-item-link-full_width elementor-widget elementor-widget-icon-list\" data-id=\"2e5b5d86\" data-element_type=\"widget\" data-widget_type=\"icon-list.default\">\n\t\t\t\t<div class=\"elementor-widget-container\">\n\t\t\t\t\t\t\t<ul class=\"elementor-icon-list-items elementor-inline-items\">\n\t\t\t\t\t\t\t<li class=\"elementor-icon-list-item elementor-inline-item\">\n\t\t\t\t\t\t\t\t\t\t\t<a href=\"https:\/\/parlapharma.com\/az\/products\/\">\n\n\t\t\t\t\t\t\t\t\t\t\t<span class=\"elementor-icon-list-text\">M\u0259hsullar<\/span>\n\t\t\t\t\t\t\t\t\t\t\t<\/a>\n\t\t\t\t\t\t\t\t\t<\/li>\n\t\t\t\t\t\t\t\t<li class=\"elementor-icon-list-item elementor-inline-item\">\n\t\t\t\t\t\t\t\t\t\t\t<a href=\"https:\/\/parlapharma.com\/az\/antibiotics\/\">\n\n\t\t\t\t\t\t\t\t\t\t\t\t<span class=\"elementor-icon-list-icon\">\n\t\t\t\t\t\t\t<svg aria-hidden=\"true\" class=\"e-font-icon-svg e-fas-chevron-right\" viewbox=\"0 0 320 512\" xmlns=\"http:\/\/www.w3.org\/2000\/svg\"><path d=\"M285.476 272.971L91.132 467.314c-9.373 9.373-24.569 9.373-33.941 0l-22.667-22.667c-9.357-9.357-9.375-24.522-.04-33.901L188.505 256 34.484 101.255c-9.335-9.379-9.317-24.544.04-33.901l22.667-22.667c9.373-9.373 24.569-9.373 33.941 0L285.475 239.03c9.373 9.372 9.373 24.568.001 33.941z\"><\/path><\/svg>\t\t\t\t\t\t<\/span>\n\t\t\t\t\t\t\t\t\t\t<span class=\"elementor-icon-list-text\">Antibiotikl\u0259r &amp; G\u00f6b\u0259l\u0259k\u0259leyhin\u0259<\/span>\n\t\t\t\t\t\t\t\t\t\t\t<\/a>\n\t\t\t\t\t\t\t\t\t<\/li>\n\t\t\t\t\t\t<\/ul>\n\t\t\t\t\t\t<\/div>\n\t\t\t\t<\/div>\n\t\t\t\t\t<\/div>\n\t\t<\/div>\n\t\t\t\t\t<\/div>\n\t\t<\/section>\n\t\t<div class=\"elementor-element elementor-element-f0304f4 e-con-full e-flex e-con e-parent\" data-id=\"f0304f4\" data-element_type=\"container\">\n\t\t<div class=\"elementor-element elementor-element-cc1bbc7 e-con-full e-flex e-con e-child\" data-id=\"cc1bbc7\" data-element_type=\"container\" data-settings=\"{&quot;background_background&quot;:&quot;classic&quot;}\">\n\t\t\t\t<div class=\"elementor-element elementor-element-8726137 elementor-widget elementor-widget-image\" data-id=\"8726137\" data-element_type=\"widget\" data-widget_type=\"image.default\">\n\t\t\t\t<div class=\"elementor-widget-container\">\n\t\t\t\t\t\t\t\t\t\t\t\t\t\t\t<img fetchpriority=\"high\" decoding=\"async\" width=\"1024\" height=\"683\" src=\"https:\/\/parlapharma.com\/wp-content\/uploads\/2023\/08\/Azithromycine-Parla-500-1024x683.png\" class=\"attachment-large size-large wp-image-4051\" alt=\"Azithromycine parla\" srcset=\"https:\/\/parlapharma.com\/wp-content\/uploads\/2023\/08\/Azithromycine-Parla-500-1024x683.png 1024w, https:\/\/parlapharma.com\/wp-content\/uploads\/2023\/08\/Azithromycine-Parla-500-300x200.png 300w, https:\/\/parlapharma.com\/wp-content\/uploads\/2023\/08\/Azithromycine-Parla-500-768x512.png 768w, https:\/\/parlapharma.com\/wp-content\/uploads\/2023\/08\/Azithromycine-Parla-500-1536x1024.png 1536w, https:\/\/parlapharma.com\/wp-content\/uploads\/2023\/08\/Azithromycine-Parla-500-2048x1365.png 2048w, https:\/\/parlapharma.com\/wp-content\/uploads\/2023\/08\/Azithromycine-Parla-500-18x12.png 18w\" sizes=\"(max-width: 1024px) 100vw, 1024px\" \/>\t\t\t\t\t\t\t\t\t\t\t\t\t\t\t<\/div>\n\t\t\t\t<\/div>\n\t\t\t\t<\/div>\n\t\t<div class=\"elementor-element elementor-element-f115137 e-con-full e-flex e-con e-child\" data-id=\"f115137\" data-element_type=\"container\">\n\t\t\t\t<div class=\"elementor-element elementor-element-f1c0370 elementor-widget elementor-widget-text-editor\" data-id=\"f1c0370\" data-element_type=\"widget\" data-widget_type=\"text-editor.default\">\n\t\t\t\t<div class=\"elementor-widget-container\">\n\t\t\t\t\t\t\t\t\t<h2><span style=\"color: #0c4465;\"><strong>Azithromycin Parla\u00ae<\/strong><\/span><\/h2><h5 style=\"text-align: left;\"><span style=\"color: #0c4465;\"><strong>T\u0259rkib: Azitromisin<\/strong><br \/><\/span><\/h5><p class=\"translation-block\">Azithromycin Parla\u00ae - antibakterial vasit\u0259dir. Azitromisin\u0259 h\u0259ssas mikroorqanizml\u0259rin t\u00f6r\u0259tdiyi x\u0259st\u0259likl\u0259rin m\u00fcalic\u0259sind\u0259 istifad\u0259 olunur.\nAzithromycin Parla\u00ae h\u0259kim t\u0259r\u0259find\u0259n t\u0259yin olunmal\u0131d\u0131r, istifad\u0259d\u0259n \u0259vv\u0259l \u00a0<a href=\"https:\/\/parlapharma.com\/az\/ins-azitromycine\/\" target=\"_self\">t\u0259limatla<\/a> tan\u0131\u015f olun.<\/p>\t\t\t\t\t\t\t\t<\/div>\n\t\t\t\t<\/div>\n\t\t\t\t<\/div>\n\t\t\t\t<\/div>\n\t\t<div class=\"elementor-element elementor-element-781ee00 e-con-full e-flex e-con e-parent\" data-id=\"781ee00\" data-element_type=\"container\">\n\t\t<div class=\"elementor-element elementor-element-4fa93f5 e-con-full e-flex e-con e-child\" data-id=\"4fa93f5\" data-element_type=\"container\" data-settings=\"{&quot;background_background&quot;:&quot;gradient&quot;}\">\n\t\t\t\t<div class=\"elementor-element elementor-element-03c9f46 elementor-widget elementor-widget-image\" data-id=\"03c9f46\" data-element_type=\"widget\" data-widget_type=\"image.default\">\n\t\t\t\t<div class=\"elementor-widget-container\">\n\t\t\t\t\t\t\t\t\t\t\t\t\t\t\t<img decoding=\"async\" width=\"1024\" height=\"683\" src=\"https:\/\/parlapharma.com\/wp-content\/uploads\/2023\/08\/DSCF5664-6-1024x683.png\" class=\"attachment-large size-large wp-image-3612\" alt=\"\" srcset=\"https:\/\/parlapharma.com\/wp-content\/uploads\/2023\/08\/DSCF5664-6-1024x683.png 1024w, https:\/\/parlapharma.com\/wp-content\/uploads\/2023\/08\/DSCF5664-6-300x200.png 300w, https:\/\/parlapharma.com\/wp-content\/uploads\/2023\/08\/DSCF5664-6-768x512.png 768w, https:\/\/parlapharma.com\/wp-content\/uploads\/2023\/08\/DSCF5664-6-1536x1024.png 1536w, https:\/\/parlapharma.com\/wp-content\/uploads\/2023\/08\/DSCF5664-6-2048x1365.png 2048w, https:\/\/parlapharma.com\/wp-content\/uploads\/2023\/08\/DSCF5664-6-18x12.png 18w\" sizes=\"(max-width: 1024px) 100vw, 1024px\" \/>\t\t\t\t\t\t\t\t\t\t\t\t\t\t\t<\/div>\n\t\t\t\t<\/div>\n\t\t\t\t<div class=\"elementor-element elementor-element-c593717 elementor-widget elementor-widget-image\" data-id=\"c593717\" data-element_type=\"widget\" data-widget_type=\"image.default\">\n\t\t\t\t<div class=\"elementor-widget-container\">\n\t\t\t\t\t\t\t\t\t\t\t\t\t\t\t<img decoding=\"async\" width=\"1024\" height=\"683\" src=\"https:\/\/parlapharma.com\/wp-content\/uploads\/2023\/08\/DSCF5664-5-1024x683.png\" class=\"attachment-large size-large wp-image-3611\" alt=\"Fungipar 150\" srcset=\"https:\/\/parlapharma.com\/wp-content\/uploads\/2023\/08\/DSCF5664-5-1024x683.png 1024w, https:\/\/parlapharma.com\/wp-content\/uploads\/2023\/08\/DSCF5664-5-300x200.png 300w, https:\/\/parlapharma.com\/wp-content\/uploads\/2023\/08\/DSCF5664-5-768x512.png 768w, https:\/\/parlapharma.com\/wp-content\/uploads\/2023\/08\/DSCF5664-5-1536x1024.png 1536w, https:\/\/parlapharma.com\/wp-content\/uploads\/2023\/08\/DSCF5664-5-2048x1365.png 2048w, https:\/\/parlapharma.com\/wp-content\/uploads\/2023\/08\/DSCF5664-5-18x12.png 18w\" sizes=\"(max-width: 1024px) 100vw, 1024px\" \/>\t\t\t\t\t\t\t\t\t\t\t\t\t\t\t<\/div>\n\t\t\t\t<\/div>\n\t\t\t\t<\/div>\n\t\t<div class=\"elementor-element elementor-element-4b1ff80 e-con-full e-flex e-con e-child\" data-id=\"4b1ff80\" data-element_type=\"container\">\n\t\t\t\t<div class=\"elementor-element elementor-element-c6fdb51 elementor-widget elementor-widget-text-editor\" data-id=\"c6fdb51\" data-element_type=\"widget\" data-widget_type=\"text-editor.default\">\n\t\t\t\t<div class=\"elementor-widget-container\">\n\t\t\t\t\t\t\t\t\t<h2><span style=\"color: #0c4465;\"><strong>Fungipar\u00ae<\/strong><\/span><\/h2>\n<h5 style=\"text-align: left;\" class=\"translation-block\"><span style=\"color: #0c4465\"><strong>T\u0259rkib:\u00a0Flukonazol<\/strong>\n<br>Fungipar\u00ae g\u00f6b\u0259l\u0259k \u0259leyhin\u0259 vasit\u0259dir. G\u00f6b\u0259l\u0259k infeksiyalar\u0131n\u0131n m\u00fcalic\u0259si v\u0259 profilaktikas\u0131 \u00fc\u00e7\u00fcn istifad\u0259 olunur. Fungipar\u00ae - g\u00f6b\u0259l\u0259k infeksiyas\u0131z sa\u011flam h\u0259yat! \n<br>Fungipar\u00ae h\u0259kim t\u0259r\u0259find\u0259n t\u0259yin olunmal\u0131d\u0131r, istifad\u0259d\u0259n \u0259vv\u0259l <a href=\"https:\/\/parlapharma.com\/az\/fungipar-ins\/\" target=\"_blank\" rel=\"noopener\">t\u0259limatla\u00a0<\/a>tan\u0131\u015f olun.<\/span><\/span><\/h5>\t\t\t\t\t\t\t\t<\/div>\n\t\t\t\t<\/div>\n\t\t\t\t<\/div>\n\t\t\t\t<\/div>\n\t\t<div class=\"elementor-element elementor-element-797503a e-flex e-con-boxed e-con e-parent\" data-id=\"797503a\" data-element_type=\"container\">\n\t\t\t\t\t<div class=\"e-con-inner\">\n\t\t<div class=\"elementor-element elementor-element-72c4c67 e-con-full e-flex e-con e-child\" data-id=\"72c4c67\" data-element_type=\"container\" data-settings=\"{&quot;background_background&quot;:&quot;classic&quot;}\">\n\t\t\t\t<div class=\"elementor-element elementor-element-41db193 elementor-widget elementor-widget-image\" data-id=\"41db193\" data-element_type=\"widget\" data-widget_type=\"image.default\">\n\t\t\t\t<div class=\"elementor-widget-container\">\n\t\t\t\t\t\t\t\t\t\t\t\t\t\t\t<img loading=\"lazy\" decoding=\"async\" width=\"1024\" height=\"683\" src=\"https:\/\/parlapharma.com\/wp-content\/uploads\/2023\/08\/DSCF5664-3-1024x683.png\" class=\"attachment-large size-large wp-image-3609\" alt=\"\" srcset=\"https:\/\/parlapharma.com\/wp-content\/uploads\/2023\/08\/DSCF5664-3-1024x683.png 1024w, https:\/\/parlapharma.com\/wp-content\/uploads\/2023\/08\/DSCF5664-3-300x200.png 300w, https:\/\/parlapharma.com\/wp-content\/uploads\/2023\/08\/DSCF5664-3-768x512.png 768w, https:\/\/parlapharma.com\/wp-content\/uploads\/2023\/08\/DSCF5664-3-1536x1024.png 1536w, https:\/\/parlapharma.com\/wp-content\/uploads\/2023\/08\/DSCF5664-3-2048x1365.png 2048w, https:\/\/parlapharma.com\/wp-content\/uploads\/2023\/08\/DSCF5664-3-18x12.png 18w\" sizes=\"(max-width: 1024px) 100vw, 1024px\" \/>\t\t\t\t\t\t\t\t\t\t\t\t\t\t\t<\/div>\n\t\t\t\t<\/div>\n\t\t\t\t<div class=\"elementor-element elementor-element-fa48f78 elementor-widget elementor-widget-image\" data-id=\"fa48f78\" data-element_type=\"widget\" data-widget_type=\"image.default\">\n\t\t\t\t<div class=\"elementor-widget-container\">\n\t\t\t\t\t\t\t\t\t\t\t\t\t\t\t<img loading=\"lazy\" decoding=\"async\" width=\"1024\" height=\"683\" src=\"https:\/\/parlapharma.com\/wp-content\/uploads\/2023\/10\/Nidapar250-3-1024x683.png\" class=\"attachment-large size-large wp-image-4904\" alt=\"Nidapar 250\" srcset=\"https:\/\/parlapharma.com\/wp-content\/uploads\/2023\/10\/Nidapar250-3-1024x683.png 1024w, https:\/\/parlapharma.com\/wp-content\/uploads\/2023\/10\/Nidapar250-3-300x200.png 300w, https:\/\/parlapharma.com\/wp-content\/uploads\/2023\/10\/Nidapar250-3-768x512.png 768w, https:\/\/parlapharma.com\/wp-content\/uploads\/2023\/10\/Nidapar250-3-1536x1024.png 1536w, https:\/\/parlapharma.com\/wp-content\/uploads\/2023\/10\/Nidapar250-3-2048x1365.png 2048w, https:\/\/parlapharma.com\/wp-content\/uploads\/2023\/10\/Nidapar250-3-18x12.png 18w\" sizes=\"(max-width: 1024px) 100vw, 1024px\" \/>\t\t\t\t\t\t\t\t\t\t\t\t\t\t\t<\/div>\n\t\t\t\t<\/div>\n\t\t\t\t<\/div>\n\t\t<div class=\"elementor-element elementor-element-b820316 e-con-full e-flex e-con e-child\" data-id=\"b820316\" data-element_type=\"container\">\n\t\t\t\t<div class=\"elementor-element elementor-element-c7622d1 elementor-widget elementor-widget-text-editor\" data-id=\"c7622d1\" data-element_type=\"widget\" data-widget_type=\"text-editor.default\">\n\t\t\t\t<div class=\"elementor-widget-container\">\n\t\t\t\t\t\t\t\t\t<h2><span style=\"color: #0c4465;\"><strong>Nidapar\u00ae<\/strong><\/span><\/h2><h5 style=\"text-align: left;\" class=\"translation-block\"><span style=\"color: #0c4465\"><strong>T\u0259rkib: Metronidazol<\/strong><br>Nidapar\u00ae antimikrob v\u0259 antiprotozoy d\u0259rman vasit\u0259sidir. Nidapar\u0131n\u00ae t\u0259rkibi olan Metronidazol - zamanla s\u0131nanm\u0131\u015f, geni\u015f s\u00fcbut bazas\u0131na malik olan, m\u00fcxt\u0259lif infeksiyalar\u0131n m\u00fcalic\u0259 v\u0259 profilaktikas\u0131 \u00fc\u00e7\u00fcn istifad\u0259 olan antibakterial molekulad\u0131r. <br>Nidapar\u00ae h\u0259kim t\u0259r\u0259find\u0259n t\u0259yin olunmal\u0131d\u0131r, istifad\u0259d\u0259n \u0259vv\u0259l\u00a0<a href=\"https:\/\/parlapharma.com\/az\/nidapar-ins\/\" target=\"_blank\" rel=\"noopener\">t\u0259limatla\u00a0<\/a>tan\u0131\u015f olun.<\/span><\/span><\/h5>\t\t\t\t\t\t\t\t<\/div>\n\t\t\t\t<\/div>\n\t\t\t\t<\/div>\n\t\t\t\t\t<\/div>\n\t\t\t\t<\/div>\n\t\t\t\t<\/div>","protected":false},"excerpt":{"rendered":"<p>Products Antibiotics &amp; antifungal Azithromycin Parla\u00ae INN:\u00a0Azithromycin Azithromycin Parla\u00ae &#8211; antibacterial agent. Azithromycin Parla\u00ae used to treat infections, when caused by microorganisms sensitive to azithromycin. Azithromycin Parla\u00ae must be prescribed by a doctor, read the\u00a0instructions before use. Fungipar\u00ae INN:&nbsp;FluconazoleFungipar is antifungal drug.&nbsp;It is effective in fungal diseases caused by Candida spp., Microsporum spp., Cryptoccus neoformans, [&hellip;]<\/p>","protected":false},"author":1,"featured_media":0,"parent":0,"menu_order":0,"comment_status":"closed","ping_status":"closed","template":"","meta":{"site-sidebar-layout":"no-sidebar","site-content-layout":"page-builder","ast-site-content-layout":"default","site-content-style":"default","site-sidebar-style":"default","ast-global-header-display":"","ast-banner-title-visibility":"","ast-main-header-display":"","ast-hfb-above-header-display":"","ast-hfb-below-header-display":"","ast-hfb-mobile-header-display":"","site-post-title":"disabled","ast-breadcrumbs-content":"","ast-featured-img":"disabled","footer-sml-layout":"","ast-disable-related-posts":"","theme-transparent-header-meta":"","adv-header-id-meta":"","stick-header-meta":"","header-above-stick-meta":"","header-main-stick-meta":"","header-below-stick-meta":"","astra-migrate-meta-layouts":"default","ast-page-background-enabled":"default","ast-page-background-meta":{"desktop":{"background-color":"","background-image":"","background-repeat":"repeat","background-position":"center center","background-size":"auto","background-attachment":"scroll","background-type":"","background-media":"","overlay-type":"","overlay-color":"","overlay-opacity":"","overlay-gradient":""},"tablet":{"background-color":"","background-image":"","background-repeat":"repeat","background-position":"center center","background-size":"auto","background-attachment":"scroll","background-type":"","background-media":"","overlay-type":"","overlay-color":"","overlay-opacity":"","overlay-gradient":""},"mobile":{"background-color":"","background-image":"","background-repeat":"repeat","background-position":"center center","background-size":"auto","background-attachment":"scroll","background-type":"","background-media":"","overlay-type":"","overlay-color":"","overlay-opacity":"","overlay-gradient":""}},"ast-content-background-meta":{"desktop":{"background-color":"var(--ast-global-color-5)","background-image":"","background-repeat":"repeat","background-position":"center center","background-size":"auto","background-attachment":"scroll","background-type":"","background-media":"","overlay-type":"","overlay-color":"","overlay-opacity":"","overlay-gradient":""},"tablet":{"background-color":"var(--ast-global-color-5)","background-image":"","background-repeat":"repeat","background-position":"center center","background-size":"auto","background-attachment":"scroll","background-type":"","background-media":"","overlay-type":"","overlay-color":"","overlay-opacity":"","overlay-gradient":""},"mobile":{"background-color":"var(--ast-global-color-5)","background-image":"","background-repeat":"repeat","background-position":"center center","background-size":"auto","background-attachment":"scroll","background-type":"","background-media":"","overlay-type":"","overlay-color":"","overlay-opacity":"","overlay-gradient":""}},"footnotes":""},"class_list":["post-2067","page","type-page","status-publish","hentry"],"yoast_head":"<!-- This site is optimized with the Yoast SEO plugin v26.5 - https:\/\/yoast.com\/wordpress\/plugins\/seo\/ -->\n<title>Antibiotics - Parlapharmaceuticals<\/title>\n<meta name=\"robots\" content=\"index, follow, max-snippet:-1, max-image-preview:large, max-video-preview:-1\" \/>\n<link rel=\"canonical\" href=\"https:\/\/parlapharma.com\/az\/antibiotics\/\" \/>\n<meta property=\"og:locale\" content=\"az_AZ\" \/>\n<meta property=\"og:type\" content=\"article\" \/>\n<meta property=\"og:title\" content=\"Antibiotics - Parlapharmaceuticals\" \/>\n<meta property=\"og:description\" content=\"Products Antibiotics &amp; antifungal Azithromycin Parla\u00ae INN:\u00a0Azithromycin Azithromycin Parla\u00ae &#8211; antibacterial agent. Azithromycin Parla\u00ae used to treat infections, when caused by microorganisms sensitive to azithromycin. Azithromycin Parla\u00ae must be prescribed by a doctor, read the\u00a0instructions before use. Fungipar\u00ae INN:&nbsp;FluconazoleFungipar is antifungal drug.&nbsp;It is effective in fungal diseases caused by Candida spp., Microsporum spp., Cryptoccus neoformans, [&hellip;]\" \/>\n<meta property=\"og:url\" content=\"https:\/\/parlapharma.com\/az\/antibiotics\/\" \/>\n<meta property=\"og:site_name\" content=\"Parlapharmaceuticals\" \/>\n<meta property=\"article:publisher\" content=\"https:\/\/www.facebook.com\/parlapharma\/\" \/>\n<meta property=\"article:modified_time\" content=\"2023-12-06T05:59:20+00:00\" \/>\n<meta property=\"og:image\" content=\"https:\/\/parlapharma.com\/wp-content\/uploads\/2023\/08\/Azithromycine-Parla-500-1024x683.png\" \/>\n<meta name=\"twitter:card\" content=\"summary_large_image\" \/>\n<meta name=\"twitter:label1\" content=\"Est. reading time\" \/>\n\t<meta name=\"twitter:data1\" content=\"2 minutes\" \/>\n<script type=\"application\/ld+json\" class=\"yoast-schema-graph\">{\"@context\":\"https:\/\/schema.org\",\"@graph\":[{\"@type\":\"WebPage\",\"@id\":\"https:\/\/parlapharma.com\/antibiotics\/\",\"url\":\"https:\/\/parlapharma.com\/antibiotics\/\",\"name\":\"Antibiotics - Parlapharmaceuticals\",\"isPartOf\":{\"@id\":\"https:\/\/parlapharma.com\/#website\"},\"primaryImageOfPage\":{\"@id\":\"https:\/\/parlapharma.com\/antibiotics\/#primaryimage\"},\"image\":{\"@id\":\"https:\/\/parlapharma.com\/antibiotics\/#primaryimage\"},\"thumbnailUrl\":\"https:\/\/parlapharma.com\/wp-content\/uploads\/2023\/08\/Azithromycine-Parla-500-1024x683.png\",\"datePublished\":\"2022-12-08T13:31:22+00:00\",\"dateModified\":\"2023-12-06T05:59:20+00:00\",\"breadcrumb\":{\"@id\":\"https:\/\/parlapharma.com\/antibiotics\/#breadcrumb\"},\"inLanguage\":\"az\",\"potentialAction\":[{\"@type\":\"ReadAction\",\"target\":[\"https:\/\/parlapharma.com\/antibiotics\/\"]}]},{\"@type\":\"ImageObject\",\"inLanguage\":\"az\",\"@id\":\"https:\/\/parlapharma.com\/antibiotics\/#primaryimage\",\"url\":\"https:\/\/parlapharma.com\/wp-content\/uploads\/2023\/08\/Azithromycine-Parla-500-1024x683.png\",\"contentUrl\":\"https:\/\/parlapharma.com\/wp-content\/uploads\/2023\/08\/Azithromycine-Parla-500-1024x683.png\"},{\"@type\":\"BreadcrumbList\",\"@id\":\"https:\/\/parlapharma.com\/antibiotics\/#breadcrumb\",\"itemListElement\":[{\"@type\":\"ListItem\",\"position\":1,\"name\":\"Home\",\"item\":\"https:\/\/parlapharma.com\/\"},{\"@type\":\"ListItem\",\"position\":2,\"name\":\"Antibiotics\"}]},{\"@type\":\"WebSite\",\"@id\":\"https:\/\/parlapharma.com\/#website\",\"url\":\"https:\/\/parlapharma.com\/\",\"name\":\"Parlapharmaceuticals\",\"description\":\"Pharmaceuticals site\",\"publisher\":{\"@id\":\"https:\/\/parlapharma.com\/#organization\"},\"potentialAction\":[{\"@type\":\"SearchAction\",\"target\":{\"@type\":\"EntryPoint\",\"urlTemplate\":\"https:\/\/parlapharma.com\/?s={search_term_string}\"},\"query-input\":{\"@type\":\"PropertyValueSpecification\",\"valueRequired\":true,\"valueName\":\"search_term_string\"}}],\"inLanguage\":\"az\"},{\"@type\":\"Organization\",\"@id\":\"https:\/\/parlapharma.com\/#organization\",\"name\":\"Parlapharmaceuticlas\",\"url\":\"https:\/\/parlapharma.com\/\",\"logo\":{\"@type\":\"ImageObject\",\"inLanguage\":\"az\",\"@id\":\"https:\/\/parlapharma.com\/#\/schema\/logo\/image\/\",\"url\":\"https:\/\/parlapharma.com\/wp-content\/uploads\/2022\/07\/LOGO-Big-1.png\",\"contentUrl\":\"https:\/\/parlapharma.com\/wp-content\/uploads\/2022\/07\/LOGO-Big-1.png\",\"width\":6890,\"height\":3776,\"caption\":\"Parlapharmaceuticlas\"},\"image\":{\"@id\":\"https:\/\/parlapharma.com\/#\/schema\/logo\/image\/\"},\"sameAs\":[\"https:\/\/www.facebook.com\/parlapharma\/\",\"https:\/\/www.instagram.com\/parlapharma\/\",\"https:\/\/www.youtube.com\/channel\/UCeGsUOlyz-DgZFruHcz39gQ\"]}]}<\/script>\n<!-- \/ Yoast SEO plugin. -->","yoast_head_json":{"title":"Antibiotics - Parlapharmaceuticals","robots":{"index":"index","follow":"follow","max-snippet":"max-snippet:-1","max-image-preview":"max-image-preview:large","max-video-preview":"max-video-preview:-1"},"canonical":"https:\/\/parlapharma.com\/az\/antibiotics\/","og_locale":"az_AZ","og_type":"article","og_title":"Antibiotics - Parlapharmaceuticals","og_description":"Products Antibiotics &amp; antifungal Azithromycin Parla\u00ae INN:\u00a0Azithromycin Azithromycin Parla\u00ae &#8211; antibacterial agent. Azithromycin Parla\u00ae used to treat infections, when caused by microorganisms sensitive to azithromycin. Azithromycin Parla\u00ae must be prescribed by a doctor, read the\u00a0instructions before use. Fungipar\u00ae INN:&nbsp;FluconazoleFungipar is antifungal drug.&nbsp;It is effective in fungal diseases caused by Candida spp., Microsporum spp., Cryptoccus neoformans, [&hellip;]","og_url":"https:\/\/parlapharma.com\/az\/antibiotics\/","og_site_name":"Parlapharmaceuticals","article_publisher":"https:\/\/www.facebook.com\/parlapharma\/","article_modified_time":"2023-12-06T05:59:20+00:00","og_image":[{"url":"https:\/\/parlapharma.com\/wp-content\/uploads\/2023\/08\/Azithromycine-Parla-500-1024x683.png","type":"","width":"","height":""}],"twitter_card":"summary_large_image","twitter_misc":{"Est. reading time":"2 minutes"},"schema":{"@context":"https:\/\/schema.org","@graph":[{"@type":"WebPage","@id":"https:\/\/parlapharma.com\/antibiotics\/","url":"https:\/\/parlapharma.com\/antibiotics\/","name":"Antibiotics - Parlapharmaceuticals","isPartOf":{"@id":"https:\/\/parlapharma.com\/#website"},"primaryImageOfPage":{"@id":"https:\/\/parlapharma.com\/antibiotics\/#primaryimage"},"image":{"@id":"https:\/\/parlapharma.com\/antibiotics\/#primaryimage"},"thumbnailUrl":"https:\/\/parlapharma.com\/wp-content\/uploads\/2023\/08\/Azithromycine-Parla-500-1024x683.png","datePublished":"2022-12-08T13:31:22+00:00","dateModified":"2023-12-06T05:59:20+00:00","breadcrumb":{"@id":"https:\/\/parlapharma.com\/antibiotics\/#breadcrumb"},"inLanguage":"az","potentialAction":[{"@type":"ReadAction","target":["https:\/\/parlapharma.com\/antibiotics\/"]}]},{"@type":"ImageObject","inLanguage":"az","@id":"https:\/\/parlapharma.com\/antibiotics\/#primaryimage","url":"https:\/\/parlapharma.com\/wp-content\/uploads\/2023\/08\/Azithromycine-Parla-500-1024x683.png","contentUrl":"https:\/\/parlapharma.com\/wp-content\/uploads\/2023\/08\/Azithromycine-Parla-500-1024x683.png"},{"@type":"BreadcrumbList","@id":"https:\/\/parlapharma.com\/antibiotics\/#breadcrumb","itemListElement":[{"@type":"ListItem","position":1,"name":"Home","item":"https:\/\/parlapharma.com\/"},{"@type":"ListItem","position":2,"name":"Antibiotics"}]},{"@type":"WebSite","@id":"https:\/\/parlapharma.com\/#website","url":"https:\/\/parlapharma.com\/","name":"Parlapharmaceuticals","description":"Pharmaceuticals site","publisher":{"@id":"https:\/\/parlapharma.com\/#organization"},"potentialAction":[{"@type":"SearchAction","target":{"@type":"EntryPoint","urlTemplate":"https:\/\/parlapharma.com\/?s={search_term_string}"},"query-input":{"@type":"PropertyValueSpecification","valueRequired":true,"valueName":"search_term_string"}}],"inLanguage":"az"},{"@type":"Organization","@id":"https:\/\/parlapharma.com\/#organization","name":"Parlapharmaceuticlas","url":"https:\/\/parlapharma.com\/","logo":{"@type":"ImageObject","inLanguage":"az","@id":"https:\/\/parlapharma.com\/#\/schema\/logo\/image\/","url":"https:\/\/parlapharma.com\/wp-content\/uploads\/2022\/07\/LOGO-Big-1.png","contentUrl":"https:\/\/parlapharma.com\/wp-content\/uploads\/2022\/07\/LOGO-Big-1.png","width":6890,"height":3776,"caption":"Parlapharmaceuticlas"},"image":{"@id":"https:\/\/parlapharma.com\/#\/schema\/logo\/image\/"},"sameAs":["https:\/\/www.facebook.com\/parlapharma\/","https:\/\/www.instagram.com\/parlapharma\/","https:\/\/www.youtube.com\/channel\/UCeGsUOlyz-DgZFruHcz39gQ"]}]}},"jetpack_sharing_enabled":true,"_links":{"self":[{"href":"https:\/\/parlapharma.com\/az\/wp-json\/wp\/v2\/pages\/2067","targetHints":{"allow":["GET"]}}],"collection":[{"href":"https:\/\/parlapharma.com\/az\/wp-json\/wp\/v2\/pages"}],"about":[{"href":"https:\/\/parlapharma.com\/az\/wp-json\/wp\/v2\/types\/page"}],"author":[{"embeddable":true,"href":"https:\/\/parlapharma.com\/az\/wp-json\/wp\/v2\/users\/1"}],"replies":[{"embeddable":true,"href":"https:\/\/parlapharma.com\/az\/wp-json\/wp\/v2\/comments?post=2067"}],"version-history":[{"count":109,"href":"https:\/\/parlapharma.com\/az\/wp-json\/wp\/v2\/pages\/2067\/revisions"}],"predecessor-version":[{"id":5302,"href":"https:\/\/parlapharma.com\/az\/wp-json\/wp\/v2\/pages\/2067\/revisions\/5302"}],"wp:attachment":[{"href":"https:\/\/parlapharma.com\/az\/wp-json\/wp\/v2\/media?parent=2067"}],"curies":[{"name":"wp","href":"https:\/\/api.w.org\/{rel}","templated":true}]}}