{"id":2086,"date":"2022-12-08T17:36:45","date_gmt":"2022-12-08T13:36:45","guid":{"rendered":"https:\/\/parlapharma.com\/?page_id=2086"},"modified":"2023-09-14T16:09:21","modified_gmt":"2023-09-14T12:09:21","slug":"endocrinology","status":"publish","type":"page","link":"https:\/\/parlapharma.com\/az\/endocrinology\/","title":{"rendered":"Endokrinologiya"},"content":{"rendered":"<div data-elementor-type=\"wp-page\" data-elementor-id=\"2086\" class=\"elementor elementor-2086\" data-elementor-post-type=\"page\">\n\t\t\t\t\t\t<section class=\"elementor-section elementor-top-section elementor-element elementor-element-6b82f01f elementor-section-boxed elementor-section-height-default elementor-section-height-default\" data-id=\"6b82f01f\" data-element_type=\"section\" data-settings=\"{&quot;background_background&quot;:&quot;classic&quot;}\">\n\t\t\t\t\t\t\t<div class=\"elementor-background-overlay\"><\/div>\n\t\t\t\t\t\t\t<div class=\"elementor-container elementor-column-gap-default\">\n\t\t\t\t\t<div class=\"elementor-column elementor-col-100 elementor-top-column elementor-element elementor-element-3d9d20c1\" data-id=\"3d9d20c1\" data-element_type=\"column\">\n\t\t\t<div class=\"elementor-widget-wrap elementor-element-populated\">\n\t\t\t\t\t\t<div class=\"elementor-element elementor-element-a9db021 elementor-icon-list--layout-inline elementor-align-center elementor-mobile-align-center elementor-list-item-link-full_width elementor-widget elementor-widget-icon-list\" data-id=\"a9db021\" data-element_type=\"widget\" data-widget_type=\"icon-list.default\">\n\t\t\t\t<div class=\"elementor-widget-container\">\n\t\t\t\t\t\t\t<ul class=\"elementor-icon-list-items elementor-inline-items\">\n\t\t\t\t\t\t\t<li class=\"elementor-icon-list-item elementor-inline-item\">\n\t\t\t\t\t\t\t\t\t\t\t<a href=\"https:\/\/parlapharma.com\/az\/products\/\">\n\n\t\t\t\t\t\t\t\t\t\t\t<span class=\"elementor-icon-list-text\">M\u0259hsullar<\/span>\n\t\t\t\t\t\t\t\t\t\t\t<\/a>\n\t\t\t\t\t\t\t\t\t<\/li>\n\t\t\t\t\t\t\t\t<li class=\"elementor-icon-list-item elementor-inline-item\">\n\t\t\t\t\t\t\t\t\t\t\t<a href=\"https:\/\/parlapharma.com\/az\/endocrinology\/\">\n\n\t\t\t\t\t\t\t\t\t\t\t\t<span class=\"elementor-icon-list-icon\">\n\t\t\t\t\t\t\t<svg aria-hidden=\"true\" class=\"e-font-icon-svg e-fas-chevron-right\" viewbox=\"0 0 320 512\" xmlns=\"http:\/\/www.w3.org\/2000\/svg\"><path d=\"M285.476 272.971L91.132 467.314c-9.373 9.373-24.569 9.373-33.941 0l-22.667-22.667c-9.357-9.357-9.375-24.522-.04-33.901L188.505 256 34.484 101.255c-9.335-9.379-9.317-24.544.04-33.901l22.667-22.667c9.373-9.373 24.569-9.373 33.941 0L285.475 239.03c9.373 9.372 9.373 24.568.001 33.941z\"><\/path><\/svg>\t\t\t\t\t\t<\/span>\n\t\t\t\t\t\t\t\t\t\t<span class=\"elementor-icon-list-text\">Endokrinologiya<\/span>\n\t\t\t\t\t\t\t\t\t\t\t<\/a>\n\t\t\t\t\t\t\t\t\t<\/li>\n\t\t\t\t\t\t<\/ul>\n\t\t\t\t\t\t<\/div>\n\t\t\t\t<\/div>\n\t\t\t\t\t<\/div>\n\t\t<\/div>\n\t\t\t\t\t<\/div>\n\t\t<\/section>\n\t\t<div class=\"elementor-element elementor-element-f57e85b e-flex e-con-boxed e-con e-parent\" data-id=\"f57e85b\" data-element_type=\"container\">\n\t\t\t\t\t<div class=\"e-con-inner\">\n\t\t<div class=\"elementor-element elementor-element-116da89 e-con-full e-flex e-con e-parent\" data-id=\"116da89\" data-element_type=\"container\">\n\t\t\t\t<div class=\"elementor-element elementor-element-fb778c3 elementor-widget__width-initial elementor-widget elementor-widget-image\" data-id=\"fb778c3\" data-element_type=\"widget\" data-widget_type=\"image.default\">\n\t\t\t\t<div class=\"elementor-widget-container\">\n\t\t\t\t\t\t\t\t\t\t\t\t\t\t\t<img fetchpriority=\"high\" decoding=\"async\" width=\"1024\" height=\"683\" src=\"https:\/\/parlapharma.com\/wp-content\/uploads\/2023\/08\/DSCF5664-10-1024x683.png\" class=\"attachment-large size-large wp-image-3616\" alt=\"\" srcset=\"https:\/\/parlapharma.com\/wp-content\/uploads\/2023\/08\/DSCF5664-10-1024x683.png 1024w, https:\/\/parlapharma.com\/wp-content\/uploads\/2023\/08\/DSCF5664-10-300x200.png 300w, https:\/\/parlapharma.com\/wp-content\/uploads\/2023\/08\/DSCF5664-10-768x512.png 768w, https:\/\/parlapharma.com\/wp-content\/uploads\/2023\/08\/DSCF5664-10-1536x1024.png 1536w, https:\/\/parlapharma.com\/wp-content\/uploads\/2023\/08\/DSCF5664-10-2048x1365.png 2048w, https:\/\/parlapharma.com\/wp-content\/uploads\/2023\/08\/DSCF5664-10-18x12.png 18w\" sizes=\"(max-width: 1024px) 100vw, 1024px\" \/>\t\t\t\t\t\t\t\t\t\t\t\t\t\t\t<\/div>\n\t\t\t\t<\/div>\n\t\t\t\t<\/div>\n\t\t<div class=\"elementor-element elementor-element-99f24ee e-con-full e-flex e-con e-parent\" data-id=\"99f24ee\" data-element_type=\"container\">\n\t\t\t\t<div class=\"elementor-element elementor-element-d72b596 elementor-widget elementor-widget-text-editor\" data-id=\"d72b596\" data-element_type=\"widget\" data-widget_type=\"text-editor.default\">\n\t\t\t\t<div class=\"elementor-widget-container\">\n\t\t\t\t\t\t\t\t\t<h2><span style=\"color: #0c4465;\"><strong>Diasmet\u00ae<\/strong><\/span><\/h2><h5 style=\"text-align: left;\" class=\"translation-block\"><span style=\"color: #0c4465\"><strong>T\u0259rkib: Metformin\n<\/strong><br>Diasmet<sup>\u00ae\ufe0f<\/sup>\u00a0 2-ci tip \u015f\u0259k\u0259rli diabetd\u0259n \u0259ziyy\u0259t \u00e7\u0259k\u0259n pasiyentl\u0259rin m\u00fcalic\u0259sind\u0259, p\u0259hrizl\u0259 t\u0259nziml\u0259m\u0259 v\u0259 sad\u0259c\u0259 fiziki h\u0259r\u0259k\u0259tl\u0259rl\u0259 qandak\u0131 ql\u00fckozan\u0131n n\u0259zar\u0259t alt\u0131na al\u0131nmas\u0131 m\u00fcmk\u00fcn olmad\u0131\u011f\u0131 t\u0259qdird\u0259 istifad\u0259 olunur. X\u00fcsusil\u0259 art\u0131q b\u0259d\u0259n k\u00fctl\u0259li pasiyentl\u0259rd\u0259 istifad\u0259 olunur. Diasmet\u00ae\ufe0f h\u0259kim t\u0259r\u0259find\u0259n t\u0259yin olunmal\u0131d\u0131r, istifad\u0259d\u0259n \u0259vv\u0259l<\/sup>\u00a0<a href=\"https:\/\/parlapharma.com\/az\/diasmet-ins\/\" target=\"_self\">t\u0259limatla<\/a> tan\u0131\u015f olun.<\/h5>\t\t\t\t\t\t\t\t<\/div>\n\t\t\t\t<\/div>\n\t\t\t\t<\/div>\n\t\t\t\t\t<\/div>\n\t\t\t\t<\/div>\n\t\t<div class=\"elementor-element elementor-element-7e29c7e e-flex e-con-boxed e-con e-parent\" data-id=\"7e29c7e\" data-element_type=\"container\">\n\t\t\t\t\t<div class=\"e-con-inner\">\n\t\t\t\t<div class=\"elementor-element elementor-element-b43c3f7 elementor-widget__width-initial elementor-widget elementor-widget-image\" data-id=\"b43c3f7\" data-element_type=\"widget\" data-widget_type=\"image.default\">\n\t\t\t\t<div class=\"elementor-widget-container\">\n\t\t\t\t\t\t\t\t\t\t\t\t\t\t\t<img decoding=\"async\" width=\"2000\" height=\"787\" src=\"https:\/\/parlapharma.com\/wp-content\/uploads\/2023\/05\/kresitan-5-10.jpg\" class=\"attachment-full size-full wp-image-2427\" alt=\"Kresitan\" srcset=\"https:\/\/parlapharma.com\/wp-content\/uploads\/2023\/05\/kresitan-5-10.jpg 2000w, https:\/\/parlapharma.com\/wp-content\/uploads\/2023\/05\/kresitan-5-10-300x118.jpg 300w, https:\/\/parlapharma.com\/wp-content\/uploads\/2023\/05\/kresitan-5-10-1024x403.jpg 1024w, https:\/\/parlapharma.com\/wp-content\/uploads\/2023\/05\/kresitan-5-10-768x302.jpg 768w, https:\/\/parlapharma.com\/wp-content\/uploads\/2023\/05\/kresitan-5-10-1536x604.jpg 1536w, https:\/\/parlapharma.com\/wp-content\/uploads\/2023\/05\/kresitan-5-10-18x7.jpg 18w\" sizes=\"(max-width: 2000px) 100vw, 2000px\" \/>\t\t\t\t\t\t\t\t\t\t\t\t\t\t\t<\/div>\n\t\t\t\t<\/div>\n\t\t<div class=\"elementor-element elementor-element-f7baa67 e-con-full e-flex e-con e-parent\" data-id=\"f7baa67\" data-element_type=\"container\">\n\t\t\t\t<div class=\"elementor-element elementor-element-bbcf95f elementor-widget elementor-widget-text-editor\" data-id=\"bbcf95f\" data-element_type=\"widget\" data-widget_type=\"text-editor.default\">\n\t\t\t\t<div class=\"elementor-widget-container\">\n\t\t\t\t\t\t\t\t\t<h2><a href=\"http:\/\/kresitan.com\/\" target=\"_blank\" rel=\"noopener\">Kresitan\u00ae<\/a><\/h2><h5 class=\"translation-block\"><span style=\"color: #0c4465\"><strong>T\u0259rkib:\u00a0Somatropin<\/strong><br>\nSomatropin rekombinant DNT texnologiyas\u0131 il\u0259 istehsal edil\u0259n insan\u0131n boy hormonudur.\nSomatropinin skeletin v\u0259 b\u0259d\u0259nin b\u00f6y\u00fcm\u0259sini stimulla\u015fd\u0131r\u0131r v\u0259 b\u0259d\u0259nd\u0259ki metabolik prosesl\u0259r\u0259 \u0259h\u0259miyy\u0259tli t\u0259sir edir. Inyeksiya \u00fc\u00e7\u00fcn \u0259vv\u0259lc\u0259d\u0259n doldurulmu\u015f q\u0259l\u0259m 5 mq\/1,5 ml, 10 mq\/1,5 ml.<a href=\"http:\/\/kresitan.com\/\" target=\"_blank\" rel=\"noopener\">Kresitan\u00ae\ufe0f<\/a><span style=\"color: #0c4465\"> h\u0259kim t\u0259r\u0259find\u0259n t\u0259yin olunmal\u0131d\u0131r, istifad\u0259d\u0259n \u0259vv\u0259l  (<a href=\"https:\/\/parlapharma.com\/az\/kresitan-5-ins\/\" target=\"_blank\" rel=\"noopener\">5mq t\u0259limat<\/a>) (<a href=\"https:\/\/parlapharma.com\/az\/kresitan-10-ins\/\" target=\"_blank\" rel=\"noopener\"> 10mq t\u0259limat<\/a>) tan\u0131\u015f olun.<\/h5>\t\t\t\t\t\t\t\t<\/div>\n\t\t\t\t<\/div>\n\t\t\t\t<\/div>\n\t\t\t\t\t<\/div>\n\t\t\t\t<\/div>\n\t\t<div class=\"elementor-element elementor-element-c874773 e-flex e-con-boxed e-con e-parent\" data-id=\"c874773\" data-element_type=\"container\">\n\t\t\t\t\t<div class=\"e-con-inner\">\n\t\t<div class=\"elementor-element elementor-element-c6258f5 e-con-full e-flex e-con e-parent\" data-id=\"c6258f5\" data-element_type=\"container\">\n\t\t\t\t<div class=\"elementor-element elementor-element-eb60de7 elementor-widget__width-initial elementor-widget elementor-widget-text-editor\" data-id=\"eb60de7\" data-element_type=\"widget\" data-widget_type=\"text-editor.default\">\n\t\t\t\t<div class=\"elementor-widget-container\">\n\t\t\t\t\t\t\t\t\t<h2><a href=\"http:\/\/laraglan.com\/\" target=\"_blank\" rel=\"noopener\">Laraglan\u00ae<\/a><\/h2><h5 style=\"text-align: left;\" class=\"translation-block\"><span style=\"color: #0c4465\"><strong>T\u0259rkib:\u00a0(LARAQLAN\u00ae\ufe0f) Liraqlutid<\/strong><br>\n2 tip \u015f\u0259k\u0259rli diabet x\u0259st\u0259liyind\u0259 istifad\u0259 olunan d\u0259rman vasit\u0259sidir.\n\u0130nsan Ql\u00fckaqonab\u0259nz\u0259r peptid-1-in (QBP-1) analoqu.\nLiraqlutide 24 saatl\u0131q t\u0259sir\u0259 malikdir v\u0259 2 tip \u015f\u0259k\u0259rli diabet x\u0259st\u0259l\u0259rd\u0259 acl\u0131q v\u0259 yem\u0259kd\u0259n sonra qanda ql\u00fckoza s\u0259viyy\u0259sini a\u015fa\u011f\u0131 salmaqla qlikemik n\u0259zar\u0259ti yax\u015f\u0131la\u015fd\u0131r\u0131r. Inyeksiya \u00fc\u00e7\u00fcn \u0259vv\u0259lc\u0259d\u0259n doldurulmu\u015f q\u0259l\u0259m 3 ml\/18 mq<br><\/span><a href=\"http:\/\/laraglan.com\/\" target=\"_blank\" rel=\"noopener\">Laraglan\u00ae\ufe0f\u00a0<\/a><span style=\"color: #0c4465\">\nh\u0259kim t\u0259r\u0259find\u0259n t\u0259yin olunmal\u0131d\u0131r, istifad\u0259d\u0259n \u0259vv\u0259l <a href=\"https:\/\/parlapharma.com\/az\/laraglan-ins\/\" target=\"_blank\" rel=\"noopener\">t\u0259limatla<\/a> tan\u0131\u015f olun.<\/h5>\t\t\t\t\t\t\t\t<\/div>\n\t\t\t\t<\/div>\n\t\t\t\t<\/div>\n\t\t<div class=\"elementor-element elementor-element-708b0ef e-con-full e-flex e-con e-parent\" data-id=\"708b0ef\" data-element_type=\"container\">\n\t\t\t\t<div class=\"elementor-element elementor-element-1c6be94 elementor-widget elementor-widget-image\" data-id=\"1c6be94\" data-element_type=\"widget\" data-widget_type=\"image.default\">\n\t\t\t\t<div class=\"elementor-widget-container\">\n\t\t\t\t\t\t\t\t\t\t\t\t\t\t\t<img decoding=\"async\" width=\"1024\" height=\"468\" src=\"https:\/\/parlapharma.com\/wp-content\/uploads\/2023\/05\/laraglan-qutu-2-1024x468.jpg\" class=\"attachment-large size-large wp-image-2541\" alt=\"laraglan\" srcset=\"https:\/\/parlapharma.com\/wp-content\/uploads\/2023\/05\/laraglan-qutu-2-1024x468.jpg 1024w, https:\/\/parlapharma.com\/wp-content\/uploads\/2023\/05\/laraglan-qutu-2-300x137.jpg 300w, https:\/\/parlapharma.com\/wp-content\/uploads\/2023\/05\/laraglan-qutu-2-768x351.jpg 768w, https:\/\/parlapharma.com\/wp-content\/uploads\/2023\/05\/laraglan-qutu-2-1536x702.jpg 1536w, https:\/\/parlapharma.com\/wp-content\/uploads\/2023\/05\/laraglan-qutu-2-2048x936.jpg 2048w, https:\/\/parlapharma.com\/wp-content\/uploads\/2023\/05\/laraglan-qutu-2-18x8.jpg 18w\" sizes=\"(max-width: 1024px) 100vw, 1024px\" \/>\t\t\t\t\t\t\t\t\t\t\t\t\t\t\t<\/div>\n\t\t\t\t<\/div>\n\t\t\t\t<\/div>\n\t\t\t\t\t<\/div>\n\t\t\t\t<\/div>\n\t\t\t\t<\/div>","protected":false},"excerpt":{"rendered":"<p>Products Endocrinology Diasmet\u00ae INN:\u00a0MetforminDiasmet\u00ae\ufe0f\u00a0&#8211; treatment of type 2 diabetes mellitus,\u00a0particularly in over weight patients, when dietary management and exercise alone does not result in adequate glycaemic control. Diasmet\u00ae\ufe0f\u00a0should be prescribed by a doctor, read the\u00a0instructions\u00a0before use. Kresitan\u00ae INN:\u00a0Somatropin5 mg\/1,5 ml, 10 mg\/1,5 ml solution for injection in pre-filled penSomatropin is human growth hormone produced by [&hellip;]<\/p>","protected":false},"author":1,"featured_media":0,"parent":0,"menu_order":0,"comment_status":"closed","ping_status":"closed","template":"","meta":{"site-sidebar-layout":"no-sidebar","site-content-layout":"page-builder","ast-site-content-layout":"default","site-content-style":"default","site-sidebar-style":"default","ast-global-header-display":"","ast-banner-title-visibility":"","ast-main-header-display":"","ast-hfb-above-header-display":"","ast-hfb-below-header-display":"","ast-hfb-mobile-header-display":"","site-post-title":"disabled","ast-breadcrumbs-content":"","ast-featured-img":"disabled","footer-sml-layout":"","ast-disable-related-posts":"","theme-transparent-header-meta":"","adv-header-id-meta":"","stick-header-meta":"","header-above-stick-meta":"","header-main-stick-meta":"","header-below-stick-meta":"","astra-migrate-meta-layouts":"default","ast-page-background-enabled":"default","ast-page-background-meta":{"desktop":{"background-color":"","background-image":"","background-repeat":"repeat","background-position":"center center","background-size":"auto","background-attachment":"scroll","background-type":"","background-media":"","overlay-type":"","overlay-color":"","overlay-opacity":"","overlay-gradient":""},"tablet":{"background-color":"","background-image":"","background-repeat":"repeat","background-position":"center center","background-size":"auto","background-attachment":"scroll","background-type":"","background-media":"","overlay-type":"","overlay-color":"","overlay-opacity":"","overlay-gradient":""},"mobile":{"background-color":"","background-image":"","background-repeat":"repeat","background-position":"center center","background-size":"auto","background-attachment":"scroll","background-type":"","background-media":"","overlay-type":"","overlay-color":"","overlay-opacity":"","overlay-gradient":""}},"ast-content-background-meta":{"desktop":{"background-color":"var(--ast-global-color-5)","background-image":"","background-repeat":"repeat","background-position":"center center","background-size":"auto","background-attachment":"scroll","background-type":"","background-media":"","overlay-type":"","overlay-color":"","overlay-opacity":"","overlay-gradient":""},"tablet":{"background-color":"var(--ast-global-color-5)","background-image":"","background-repeat":"repeat","background-position":"center center","background-size":"auto","background-attachment":"scroll","background-type":"","background-media":"","overlay-type":"","overlay-color":"","overlay-opacity":"","overlay-gradient":""},"mobile":{"background-color":"var(--ast-global-color-5)","background-image":"","background-repeat":"repeat","background-position":"center center","background-size":"auto","background-attachment":"scroll","background-type":"","background-media":"","overlay-type":"","overlay-color":"","overlay-opacity":"","overlay-gradient":""}},"footnotes":""},"class_list":["post-2086","page","type-page","status-publish","hentry"],"yoast_head":"<!-- This site is optimized with the Yoast SEO plugin v26.5 - https:\/\/yoast.com\/wordpress\/plugins\/seo\/ -->\n<title>Endocrinology - Parlapharmaceuticals<\/title>\n<meta name=\"robots\" content=\"index, follow, max-snippet:-1, max-image-preview:large, max-video-preview:-1\" \/>\n<link rel=\"canonical\" href=\"https:\/\/parlapharma.com\/az\/endocrinology\/\" \/>\n<meta property=\"og:locale\" content=\"az_AZ\" \/>\n<meta property=\"og:type\" content=\"article\" \/>\n<meta property=\"og:title\" content=\"Endocrinology - Parlapharmaceuticals\" \/>\n<meta property=\"og:description\" content=\"Products Endocrinology Diasmet\u00ae INN:\u00a0MetforminDiasmet\u00ae\ufe0f\u00a0&#8211; treatment of type 2 diabetes mellitus,\u00a0particularly in over weight patients, when dietary management and exercise alone does not result in adequate glycaemic control. Diasmet\u00ae\ufe0f\u00a0should be prescribed by a doctor, read the\u00a0instructions\u00a0before use. Kresitan\u00ae INN:\u00a0Somatropin5 mg\/1,5 ml, 10 mg\/1,5 ml solution for injection in pre-filled penSomatropin is human growth hormone produced by [&hellip;]\" \/>\n<meta property=\"og:url\" content=\"https:\/\/parlapharma.com\/az\/endocrinology\/\" \/>\n<meta property=\"og:site_name\" content=\"Parlapharmaceuticals\" \/>\n<meta property=\"article:publisher\" content=\"https:\/\/www.facebook.com\/parlapharma\/\" \/>\n<meta property=\"article:modified_time\" content=\"2023-09-14T12:09:21+00:00\" \/>\n<meta property=\"og:image\" content=\"https:\/\/parlapharma.com\/wp-content\/uploads\/2023\/08\/DSCF5664-10-1024x683.png\" \/>\n<meta name=\"twitter:card\" content=\"summary_large_image\" \/>\n<meta name=\"twitter:label1\" content=\"Est. reading time\" \/>\n\t<meta name=\"twitter:data1\" content=\"2 minutes\" \/>\n<script type=\"application\/ld+json\" class=\"yoast-schema-graph\">{\"@context\":\"https:\/\/schema.org\",\"@graph\":[{\"@type\":\"WebPage\",\"@id\":\"https:\/\/parlapharma.com\/endocrinology\/\",\"url\":\"https:\/\/parlapharma.com\/endocrinology\/\",\"name\":\"Endocrinology - Parlapharmaceuticals\",\"isPartOf\":{\"@id\":\"https:\/\/parlapharma.com\/#website\"},\"primaryImageOfPage\":{\"@id\":\"https:\/\/parlapharma.com\/endocrinology\/#primaryimage\"},\"image\":{\"@id\":\"https:\/\/parlapharma.com\/endocrinology\/#primaryimage\"},\"thumbnailUrl\":\"https:\/\/parlapharma.com\/wp-content\/uploads\/2023\/08\/DSCF5664-10-1024x683.png\",\"datePublished\":\"2022-12-08T13:36:45+00:00\",\"dateModified\":\"2023-09-14T12:09:21+00:00\",\"breadcrumb\":{\"@id\":\"https:\/\/parlapharma.com\/endocrinology\/#breadcrumb\"},\"inLanguage\":\"az\",\"potentialAction\":[{\"@type\":\"ReadAction\",\"target\":[\"https:\/\/parlapharma.com\/endocrinology\/\"]}]},{\"@type\":\"ImageObject\",\"inLanguage\":\"az\",\"@id\":\"https:\/\/parlapharma.com\/endocrinology\/#primaryimage\",\"url\":\"https:\/\/parlapharma.com\/wp-content\/uploads\/2023\/08\/DSCF5664-10-1024x683.png\",\"contentUrl\":\"https:\/\/parlapharma.com\/wp-content\/uploads\/2023\/08\/DSCF5664-10-1024x683.png\"},{\"@type\":\"BreadcrumbList\",\"@id\":\"https:\/\/parlapharma.com\/endocrinology\/#breadcrumb\",\"itemListElement\":[{\"@type\":\"ListItem\",\"position\":1,\"name\":\"Home\",\"item\":\"https:\/\/parlapharma.com\/\"},{\"@type\":\"ListItem\",\"position\":2,\"name\":\"Endocrinology\"}]},{\"@type\":\"WebSite\",\"@id\":\"https:\/\/parlapharma.com\/#website\",\"url\":\"https:\/\/parlapharma.com\/\",\"name\":\"Parlapharmaceuticals\",\"description\":\"Pharmaceuticals site\",\"publisher\":{\"@id\":\"https:\/\/parlapharma.com\/#organization\"},\"potentialAction\":[{\"@type\":\"SearchAction\",\"target\":{\"@type\":\"EntryPoint\",\"urlTemplate\":\"https:\/\/parlapharma.com\/?s={search_term_string}\"},\"query-input\":{\"@type\":\"PropertyValueSpecification\",\"valueRequired\":true,\"valueName\":\"search_term_string\"}}],\"inLanguage\":\"az\"},{\"@type\":\"Organization\",\"@id\":\"https:\/\/parlapharma.com\/#organization\",\"name\":\"Parlapharmaceuticlas\",\"url\":\"https:\/\/parlapharma.com\/\",\"logo\":{\"@type\":\"ImageObject\",\"inLanguage\":\"az\",\"@id\":\"https:\/\/parlapharma.com\/#\/schema\/logo\/image\/\",\"url\":\"https:\/\/parlapharma.com\/wp-content\/uploads\/2022\/07\/LOGO-Big-1.png\",\"contentUrl\":\"https:\/\/parlapharma.com\/wp-content\/uploads\/2022\/07\/LOGO-Big-1.png\",\"width\":6890,\"height\":3776,\"caption\":\"Parlapharmaceuticlas\"},\"image\":{\"@id\":\"https:\/\/parlapharma.com\/#\/schema\/logo\/image\/\"},\"sameAs\":[\"https:\/\/www.facebook.com\/parlapharma\/\",\"https:\/\/www.instagram.com\/parlapharma\/\",\"https:\/\/www.youtube.com\/channel\/UCeGsUOlyz-DgZFruHcz39gQ\"]}]}<\/script>\n<!-- \/ Yoast SEO plugin. -->","yoast_head_json":{"title":"Endocrinology - Parlapharmaceuticals","robots":{"index":"index","follow":"follow","max-snippet":"max-snippet:-1","max-image-preview":"max-image-preview:large","max-video-preview":"max-video-preview:-1"},"canonical":"https:\/\/parlapharma.com\/az\/endocrinology\/","og_locale":"az_AZ","og_type":"article","og_title":"Endocrinology - Parlapharmaceuticals","og_description":"Products Endocrinology Diasmet\u00ae INN:\u00a0MetforminDiasmet\u00ae\ufe0f\u00a0&#8211; treatment of type 2 diabetes mellitus,\u00a0particularly in over weight patients, when dietary management and exercise alone does not result in adequate glycaemic control. Diasmet\u00ae\ufe0f\u00a0should be prescribed by a doctor, read the\u00a0instructions\u00a0before use. Kresitan\u00ae INN:\u00a0Somatropin5 mg\/1,5 ml, 10 mg\/1,5 ml solution for injection in pre-filled penSomatropin is human growth hormone produced by [&hellip;]","og_url":"https:\/\/parlapharma.com\/az\/endocrinology\/","og_site_name":"Parlapharmaceuticals","article_publisher":"https:\/\/www.facebook.com\/parlapharma\/","article_modified_time":"2023-09-14T12:09:21+00:00","og_image":[{"url":"https:\/\/parlapharma.com\/wp-content\/uploads\/2023\/08\/DSCF5664-10-1024x683.png","type":"","width":"","height":""}],"twitter_card":"summary_large_image","twitter_misc":{"Est. reading time":"2 minutes"},"schema":{"@context":"https:\/\/schema.org","@graph":[{"@type":"WebPage","@id":"https:\/\/parlapharma.com\/endocrinology\/","url":"https:\/\/parlapharma.com\/endocrinology\/","name":"Endocrinology - Parlapharmaceuticals","isPartOf":{"@id":"https:\/\/parlapharma.com\/#website"},"primaryImageOfPage":{"@id":"https:\/\/parlapharma.com\/endocrinology\/#primaryimage"},"image":{"@id":"https:\/\/parlapharma.com\/endocrinology\/#primaryimage"},"thumbnailUrl":"https:\/\/parlapharma.com\/wp-content\/uploads\/2023\/08\/DSCF5664-10-1024x683.png","datePublished":"2022-12-08T13:36:45+00:00","dateModified":"2023-09-14T12:09:21+00:00","breadcrumb":{"@id":"https:\/\/parlapharma.com\/endocrinology\/#breadcrumb"},"inLanguage":"az","potentialAction":[{"@type":"ReadAction","target":["https:\/\/parlapharma.com\/endocrinology\/"]}]},{"@type":"ImageObject","inLanguage":"az","@id":"https:\/\/parlapharma.com\/endocrinology\/#primaryimage","url":"https:\/\/parlapharma.com\/wp-content\/uploads\/2023\/08\/DSCF5664-10-1024x683.png","contentUrl":"https:\/\/parlapharma.com\/wp-content\/uploads\/2023\/08\/DSCF5664-10-1024x683.png"},{"@type":"BreadcrumbList","@id":"https:\/\/parlapharma.com\/endocrinology\/#breadcrumb","itemListElement":[{"@type":"ListItem","position":1,"name":"Home","item":"https:\/\/parlapharma.com\/"},{"@type":"ListItem","position":2,"name":"Endocrinology"}]},{"@type":"WebSite","@id":"https:\/\/parlapharma.com\/#website","url":"https:\/\/parlapharma.com\/","name":"Parlapharmaceuticals","description":"Pharmaceuticals site","publisher":{"@id":"https:\/\/parlapharma.com\/#organization"},"potentialAction":[{"@type":"SearchAction","target":{"@type":"EntryPoint","urlTemplate":"https:\/\/parlapharma.com\/?s={search_term_string}"},"query-input":{"@type":"PropertyValueSpecification","valueRequired":true,"valueName":"search_term_string"}}],"inLanguage":"az"},{"@type":"Organization","@id":"https:\/\/parlapharma.com\/#organization","name":"Parlapharmaceuticlas","url":"https:\/\/parlapharma.com\/","logo":{"@type":"ImageObject","inLanguage":"az","@id":"https:\/\/parlapharma.com\/#\/schema\/logo\/image\/","url":"https:\/\/parlapharma.com\/wp-content\/uploads\/2022\/07\/LOGO-Big-1.png","contentUrl":"https:\/\/parlapharma.com\/wp-content\/uploads\/2022\/07\/LOGO-Big-1.png","width":6890,"height":3776,"caption":"Parlapharmaceuticlas"},"image":{"@id":"https:\/\/parlapharma.com\/#\/schema\/logo\/image\/"},"sameAs":["https:\/\/www.facebook.com\/parlapharma\/","https:\/\/www.instagram.com\/parlapharma\/","https:\/\/www.youtube.com\/channel\/UCeGsUOlyz-DgZFruHcz39gQ"]}]}},"jetpack_sharing_enabled":true,"_links":{"self":[{"href":"https:\/\/parlapharma.com\/az\/wp-json\/wp\/v2\/pages\/2086","targetHints":{"allow":["GET"]}}],"collection":[{"href":"https:\/\/parlapharma.com\/az\/wp-json\/wp\/v2\/pages"}],"about":[{"href":"https:\/\/parlapharma.com\/az\/wp-json\/wp\/v2\/types\/page"}],"author":[{"embeddable":true,"href":"https:\/\/parlapharma.com\/az\/wp-json\/wp\/v2\/users\/1"}],"replies":[{"embeddable":true,"href":"https:\/\/parlapharma.com\/az\/wp-json\/wp\/v2\/comments?post=2086"}],"version-history":[{"count":55,"href":"https:\/\/parlapharma.com\/az\/wp-json\/wp\/v2\/pages\/2086\/revisions"}],"predecessor-version":[{"id":4530,"href":"https:\/\/parlapharma.com\/az\/wp-json\/wp\/v2\/pages\/2086\/revisions\/4530"}],"wp:attachment":[{"href":"https:\/\/parlapharma.com\/az\/wp-json\/wp\/v2\/media?parent=2086"}],"curies":[{"name":"wp","href":"https:\/\/api.w.org\/{rel}","templated":true}]}}