{"id":2131,"date":"2022-12-08T17:55:59","date_gmt":"2022-12-08T13:55:59","guid":{"rendered":"https:\/\/parlapharma.com\/?page_id=2131"},"modified":"2023-05-03T13:28:34","modified_gmt":"2023-05-03T09:28:34","slug":"diabetes","status":"publish","type":"page","link":"https:\/\/parlapharma.com\/az\/diabetes\/","title":{"rendered":"\u015e\u0259k\u0259rli diabet"},"content":{"rendered":"<div data-elementor-type=\"wp-page\" data-elementor-id=\"2131\" class=\"elementor elementor-2131\" data-elementor-post-type=\"page\">\n\t\t\t\t<div class=\"elementor-element elementor-element-44a9e92 e-flex e-con-boxed e-con e-parent\" data-id=\"44a9e92\" data-element_type=\"container\">\n\t\t\t\t\t<div class=\"e-con-inner\">\n\t\t\t\t<div class=\"elementor-element elementor-element-6f5bc27 elementor-widget elementor-widget-image\" data-id=\"6f5bc27\" data-element_type=\"widget\" data-widget_type=\"image.default\">\n\t\t\t\t<div class=\"elementor-widget-container\">\n\t\t\t\t\t\t\t\t\t\t\t\t\t\t\t<img fetchpriority=\"high\" decoding=\"async\" width=\"1024\" height=\"468\" src=\"https:\/\/parlapharma.com\/wp-content\/uploads\/2023\/05\/laraglan-qutu-1024x468.jpg\" class=\"attachment-large size-large wp-image-2336\" alt=\"Laraglan\" srcset=\"https:\/\/parlapharma.com\/wp-content\/uploads\/2023\/05\/laraglan-qutu-1024x468.jpg 1024w, https:\/\/parlapharma.com\/wp-content\/uploads\/2023\/05\/laraglan-qutu-300x137.jpg 300w, https:\/\/parlapharma.com\/wp-content\/uploads\/2023\/05\/laraglan-qutu-768x351.jpg 768w, https:\/\/parlapharma.com\/wp-content\/uploads\/2023\/05\/laraglan-qutu-1536x702.jpg 1536w, https:\/\/parlapharma.com\/wp-content\/uploads\/2023\/05\/laraglan-qutu-2048x936.jpg 2048w, https:\/\/parlapharma.com\/wp-content\/uploads\/2023\/05\/laraglan-qutu-18x8.jpg 18w\" sizes=\"(max-width: 1024px) 100vw, 1024px\" \/>\t\t\t\t\t\t\t\t\t\t\t\t\t\t\t<\/div>\n\t\t\t\t<\/div>\n\t\t\t\t\t<\/div>\n\t\t\t\t<\/div>\n\t\t<div class=\"elementor-element elementor-element-add7c43 e-flex e-con-boxed e-con e-parent\" data-id=\"add7c43\" data-element_type=\"container\">\n\t\t\t\t\t<div class=\"e-con-inner\">\n\t\t\t\t<div class=\"elementor-element elementor-element-de6d645 elementor-widget elementor-widget-text-editor\" data-id=\"de6d645\" data-element_type=\"widget\" data-widget_type=\"text-editor.default\">\n\t\t\t\t<div class=\"elementor-widget-container\">\n\t\t\t\t\t\t\t\t\t<p><strong>LARAGLAN<sup>\u00ae<\/sup>\u00a0\u00a0 <\/strong><\/p><p><strong>Beyn\u0259lxalq patentl\u0259\u015fdirilm\u0259mi\u015f ad\u0131: <\/strong>Liraqlutide<\/p><p>Haz\u0131r doldurulmu\u015f q\u0259l\u0259m 3 ml\/18 mq<\/p><p>2 tip \u015f\u0259k\u0259rli diabet x\u0259st\u0259liyind\u0259 istifad\u0259 olunan d\u0259rman vasit\u0259sidir.<\/p><p>\u0130nsan Ql\u00fckaqonab\u0259nz\u0259r peptid-1-in (QBP-1) analoqu.<\/p><p>Liraglutide 24 saatl\u0131q t\u0259sir\u0259 malikdir v\u0259 2 tip \u015f\u0259k\u0259rli diabet x\u0259st\u0259l\u0259rd\u0259 acl\u0131q v\u0259 yem\u0259kd\u0259n sonra qanda ql\u00fckoza s\u0259viyy\u0259sini a\u015fa\u011f\u0131 salmaqla qlikemik n\u0259zar\u0259ti yax\u015f\u0131la\u015fd\u0131r\u0131r.<\/p><p>Laraglan<sup>\u00ae<\/sup> h\u0259kim t\u0259r\u0259find\u0259n t\u0259yin olunmal\u0131d\u0131r, istifad\u0259d\u0259n \u0259vv\u0259l\u00a0<a href=\"https:\/\/parlapharma.com\/az\/EN\/Home\/ProductsDetail\/\" target=\"_blank\" rel=\"noopener\">t\u0259limatla\u00a0<\/a>tan\u0131\u015f olun.<\/p>\t\t\t\t\t\t\t\t<\/div>\n\t\t\t\t<\/div>\n\t\t\t\t\t<\/div>\n\t\t\t\t<\/div>\n\t\t\t\t<\/div>","protected":false},"excerpt":{"rendered":"<p>LARAGLAN\u00ae\u00a0\u00a0 Beyn\u0259lxalq patentl\u0259\u015fdirilm\u0259mi\u015f ad\u0131: Liraqlutide Haz\u0131r doldurulmu\u015f q\u0259l\u0259m 3 ml\/18 mq 2 tip \u015f\u0259k\u0259rli diabet x\u0259st\u0259liyind\u0259 istifad\u0259 olunan d\u0259rman vasit\u0259sidir. \u0130nsan Ql\u00fckaqonab\u0259nz\u0259r peptid-1-in (QBP-1) analoqu. Liraglutide 24 saatl\u0131q t\u0259sir\u0259 malikdir v\u0259 2 tip \u015f\u0259k\u0259rli diabet x\u0259st\u0259l\u0259rd\u0259 acl\u0131q v\u0259 yem\u0259kd\u0259n sonra qanda ql\u00fckoza s\u0259viyy\u0259sini a\u015fa\u011f\u0131 salmaqla qlikemik n\u0259zar\u0259ti yax\u015f\u0131la\u015fd\u0131r\u0131r. Laraglan\u00ae h\u0259kim t\u0259r\u0259find\u0259n t\u0259yin olunmal\u0131d\u0131r, istifad\u0259d\u0259n \u0259vv\u0259l\u00a0t\u0259limatla\u00a0tan\u0131\u015f [&hellip;]<\/p>","protected":false},"author":1,"featured_media":0,"parent":0,"menu_order":0,"comment_status":"closed","ping_status":"closed","template":"","meta":{"site-sidebar-layout":"no-sidebar","site-content-layout":"page-builder","ast-site-content-layout":"default","site-content-style":"default","site-sidebar-style":"default","ast-global-header-display":"","ast-banner-title-visibility":"","ast-main-header-display":"","ast-hfb-above-header-display":"","ast-hfb-below-header-display":"","ast-hfb-mobile-header-display":"","site-post-title":"disabled","ast-breadcrumbs-content":"","ast-featured-img":"disabled","footer-sml-layout":"","ast-disable-related-posts":"","theme-transparent-header-meta":"","adv-header-id-meta":"","stick-header-meta":"","header-above-stick-meta":"","header-main-stick-meta":"","header-below-stick-meta":"","astra-migrate-meta-layouts":"default","ast-page-background-enabled":"default","ast-page-background-meta":{"desktop":{"background-color":"","background-image":"","background-repeat":"repeat","background-position":"center center","background-size":"auto","background-attachment":"scroll","background-type":"","background-media":"","overlay-type":"","overlay-color":"","overlay-opacity":"","overlay-gradient":""},"tablet":{"background-color":"","background-image":"","background-repeat":"repeat","background-position":"center center","background-size":"auto","background-attachment":"scroll","background-type":"","background-media":"","overlay-type":"","overlay-color":"","overlay-opacity":"","overlay-gradient":""},"mobile":{"background-color":"","background-image":"","background-repeat":"repeat","background-position":"center center","background-size":"auto","background-attachment":"scroll","background-type":"","background-media":"","overlay-type":"","overlay-color":"","overlay-opacity":"","overlay-gradient":""}},"ast-content-background-meta":{"desktop":{"background-color":"var(--ast-global-color-5)","background-image":"","background-repeat":"repeat","background-position":"center center","background-size":"auto","background-attachment":"scroll","background-type":"","background-media":"","overlay-type":"","overlay-color":"","overlay-opacity":"","overlay-gradient":""},"tablet":{"background-color":"var(--ast-global-color-5)","background-image":"","background-repeat":"repeat","background-position":"center center","background-size":"auto","background-attachment":"scroll","background-type":"","background-media":"","overlay-type":"","overlay-color":"","overlay-opacity":"","overlay-gradient":""},"mobile":{"background-color":"var(--ast-global-color-5)","background-image":"","background-repeat":"repeat","background-position":"center center","background-size":"auto","background-attachment":"scroll","background-type":"","background-media":"","overlay-type":"","overlay-color":"","overlay-opacity":"","overlay-gradient":""}},"footnotes":""},"class_list":["post-2131","page","type-page","status-publish","hentry"],"yoast_head":"<!-- This site is optimized with the Yoast SEO plugin v26.5 - https:\/\/yoast.com\/wordpress\/plugins\/seo\/ -->\n<title>Diabetes - Parlapharmaceuticals<\/title>\n<meta name=\"robots\" content=\"index, follow, max-snippet:-1, max-image-preview:large, max-video-preview:-1\" \/>\n<link rel=\"canonical\" href=\"https:\/\/parlapharma.com\/az\/diabetes\/\" \/>\n<meta property=\"og:locale\" content=\"az_AZ\" \/>\n<meta property=\"og:type\" content=\"article\" \/>\n<meta property=\"og:title\" content=\"Diabetes - Parlapharmaceuticals\" \/>\n<meta property=\"og:description\" content=\"LARAGLAN\u00ae\u00a0\u00a0 Beyn\u0259lxalq patentl\u0259\u015fdirilm\u0259mi\u015f ad\u0131: Liraqlutide Haz\u0131r doldurulmu\u015f q\u0259l\u0259m 3 ml\/18 mq 2 tip \u015f\u0259k\u0259rli diabet x\u0259st\u0259liyind\u0259 istifad\u0259 olunan d\u0259rman vasit\u0259sidir. \u0130nsan Ql\u00fckaqonab\u0259nz\u0259r peptid-1-in (QBP-1) analoqu. Liraglutide 24 saatl\u0131q t\u0259sir\u0259 malikdir v\u0259 2 tip \u015f\u0259k\u0259rli diabet x\u0259st\u0259l\u0259rd\u0259 acl\u0131q v\u0259 yem\u0259kd\u0259n sonra qanda ql\u00fckoza s\u0259viyy\u0259sini a\u015fa\u011f\u0131 salmaqla qlikemik n\u0259zar\u0259ti yax\u015f\u0131la\u015fd\u0131r\u0131r. Laraglan\u00ae h\u0259kim t\u0259r\u0259find\u0259n t\u0259yin olunmal\u0131d\u0131r, istifad\u0259d\u0259n \u0259vv\u0259l\u00a0t\u0259limatla\u00a0tan\u0131\u015f [&hellip;]\" \/>\n<meta property=\"og:url\" content=\"https:\/\/parlapharma.com\/az\/diabetes\/\" \/>\n<meta property=\"og:site_name\" content=\"Parlapharmaceuticals\" \/>\n<meta property=\"article:publisher\" content=\"https:\/\/www.facebook.com\/parlapharma\/\" \/>\n<meta property=\"article:modified_time\" content=\"2023-05-03T09:28:34+00:00\" \/>\n<meta property=\"og:image\" content=\"https:\/\/parlapharma.com\/wp-content\/uploads\/2023\/05\/laraglan-qutu-1024x468.jpg\" \/>\n<meta name=\"twitter:card\" content=\"summary_large_image\" \/>\n<meta name=\"twitter:label1\" content=\"Est. reading time\" \/>\n\t<meta name=\"twitter:data1\" content=\"1 minute\" \/>\n<script type=\"application\/ld+json\" class=\"yoast-schema-graph\">{\"@context\":\"https:\/\/schema.org\",\"@graph\":[{\"@type\":\"WebPage\",\"@id\":\"https:\/\/parlapharma.com\/diabetes\/\",\"url\":\"https:\/\/parlapharma.com\/diabetes\/\",\"name\":\"Diabetes - Parlapharmaceuticals\",\"isPartOf\":{\"@id\":\"https:\/\/parlapharma.com\/#website\"},\"primaryImageOfPage\":{\"@id\":\"https:\/\/parlapharma.com\/diabetes\/#primaryimage\"},\"image\":{\"@id\":\"https:\/\/parlapharma.com\/diabetes\/#primaryimage\"},\"thumbnailUrl\":\"https:\/\/parlapharma.com\/wp-content\/uploads\/2023\/05\/laraglan-qutu-1024x468.jpg\",\"datePublished\":\"2022-12-08T13:55:59+00:00\",\"dateModified\":\"2023-05-03T09:28:34+00:00\",\"breadcrumb\":{\"@id\":\"https:\/\/parlapharma.com\/diabetes\/#breadcrumb\"},\"inLanguage\":\"az\",\"potentialAction\":[{\"@type\":\"ReadAction\",\"target\":[\"https:\/\/parlapharma.com\/diabetes\/\"]}]},{\"@type\":\"ImageObject\",\"inLanguage\":\"az\",\"@id\":\"https:\/\/parlapharma.com\/diabetes\/#primaryimage\",\"url\":\"https:\/\/parlapharma.com\/wp-content\/uploads\/2023\/05\/laraglan-qutu-1024x468.jpg\",\"contentUrl\":\"https:\/\/parlapharma.com\/wp-content\/uploads\/2023\/05\/laraglan-qutu-1024x468.jpg\"},{\"@type\":\"BreadcrumbList\",\"@id\":\"https:\/\/parlapharma.com\/diabetes\/#breadcrumb\",\"itemListElement\":[{\"@type\":\"ListItem\",\"position\":1,\"name\":\"Home\",\"item\":\"https:\/\/parlapharma.com\/\"},{\"@type\":\"ListItem\",\"position\":2,\"name\":\"Diabetes\"}]},{\"@type\":\"WebSite\",\"@id\":\"https:\/\/parlapharma.com\/#website\",\"url\":\"https:\/\/parlapharma.com\/\",\"name\":\"Parlapharmaceuticals\",\"description\":\"Pharmaceuticals site\",\"publisher\":{\"@id\":\"https:\/\/parlapharma.com\/#organization\"},\"potentialAction\":[{\"@type\":\"SearchAction\",\"target\":{\"@type\":\"EntryPoint\",\"urlTemplate\":\"https:\/\/parlapharma.com\/?s={search_term_string}\"},\"query-input\":{\"@type\":\"PropertyValueSpecification\",\"valueRequired\":true,\"valueName\":\"search_term_string\"}}],\"inLanguage\":\"az\"},{\"@type\":\"Organization\",\"@id\":\"https:\/\/parlapharma.com\/#organization\",\"name\":\"Parlapharmaceuticlas\",\"url\":\"https:\/\/parlapharma.com\/\",\"logo\":{\"@type\":\"ImageObject\",\"inLanguage\":\"az\",\"@id\":\"https:\/\/parlapharma.com\/#\/schema\/logo\/image\/\",\"url\":\"https:\/\/parlapharma.com\/wp-content\/uploads\/2022\/07\/LOGO-Big-1.png\",\"contentUrl\":\"https:\/\/parlapharma.com\/wp-content\/uploads\/2022\/07\/LOGO-Big-1.png\",\"width\":6890,\"height\":3776,\"caption\":\"Parlapharmaceuticlas\"},\"image\":{\"@id\":\"https:\/\/parlapharma.com\/#\/schema\/logo\/image\/\"},\"sameAs\":[\"https:\/\/www.facebook.com\/parlapharma\/\",\"https:\/\/www.instagram.com\/parlapharma\/\",\"https:\/\/www.youtube.com\/channel\/UCeGsUOlyz-DgZFruHcz39gQ\"]}]}<\/script>\n<!-- \/ Yoast SEO plugin. -->","yoast_head_json":{"title":"Diabetes - Parlapharmaceuticals","robots":{"index":"index","follow":"follow","max-snippet":"max-snippet:-1","max-image-preview":"max-image-preview:large","max-video-preview":"max-video-preview:-1"},"canonical":"https:\/\/parlapharma.com\/az\/diabetes\/","og_locale":"az_AZ","og_type":"article","og_title":"Diabetes - Parlapharmaceuticals","og_description":"LARAGLAN\u00ae\u00a0\u00a0 Beyn\u0259lxalq patentl\u0259\u015fdirilm\u0259mi\u015f ad\u0131: Liraqlutide Haz\u0131r doldurulmu\u015f q\u0259l\u0259m 3 ml\/18 mq 2 tip \u015f\u0259k\u0259rli diabet x\u0259st\u0259liyind\u0259 istifad\u0259 olunan d\u0259rman vasit\u0259sidir. \u0130nsan Ql\u00fckaqonab\u0259nz\u0259r peptid-1-in (QBP-1) analoqu. Liraglutide 24 saatl\u0131q t\u0259sir\u0259 malikdir v\u0259 2 tip \u015f\u0259k\u0259rli diabet x\u0259st\u0259l\u0259rd\u0259 acl\u0131q v\u0259 yem\u0259kd\u0259n sonra qanda ql\u00fckoza s\u0259viyy\u0259sini a\u015fa\u011f\u0131 salmaqla qlikemik n\u0259zar\u0259ti yax\u015f\u0131la\u015fd\u0131r\u0131r. Laraglan\u00ae h\u0259kim t\u0259r\u0259find\u0259n t\u0259yin olunmal\u0131d\u0131r, istifad\u0259d\u0259n \u0259vv\u0259l\u00a0t\u0259limatla\u00a0tan\u0131\u015f [&hellip;]","og_url":"https:\/\/parlapharma.com\/az\/diabetes\/","og_site_name":"Parlapharmaceuticals","article_publisher":"https:\/\/www.facebook.com\/parlapharma\/","article_modified_time":"2023-05-03T09:28:34+00:00","og_image":[{"url":"https:\/\/parlapharma.com\/wp-content\/uploads\/2023\/05\/laraglan-qutu-1024x468.jpg","type":"","width":"","height":""}],"twitter_card":"summary_large_image","twitter_misc":{"Est. reading time":"1 minute"},"schema":{"@context":"https:\/\/schema.org","@graph":[{"@type":"WebPage","@id":"https:\/\/parlapharma.com\/diabetes\/","url":"https:\/\/parlapharma.com\/diabetes\/","name":"Diabetes - Parlapharmaceuticals","isPartOf":{"@id":"https:\/\/parlapharma.com\/#website"},"primaryImageOfPage":{"@id":"https:\/\/parlapharma.com\/diabetes\/#primaryimage"},"image":{"@id":"https:\/\/parlapharma.com\/diabetes\/#primaryimage"},"thumbnailUrl":"https:\/\/parlapharma.com\/wp-content\/uploads\/2023\/05\/laraglan-qutu-1024x468.jpg","datePublished":"2022-12-08T13:55:59+00:00","dateModified":"2023-05-03T09:28:34+00:00","breadcrumb":{"@id":"https:\/\/parlapharma.com\/diabetes\/#breadcrumb"},"inLanguage":"az","potentialAction":[{"@type":"ReadAction","target":["https:\/\/parlapharma.com\/diabetes\/"]}]},{"@type":"ImageObject","inLanguage":"az","@id":"https:\/\/parlapharma.com\/diabetes\/#primaryimage","url":"https:\/\/parlapharma.com\/wp-content\/uploads\/2023\/05\/laraglan-qutu-1024x468.jpg","contentUrl":"https:\/\/parlapharma.com\/wp-content\/uploads\/2023\/05\/laraglan-qutu-1024x468.jpg"},{"@type":"BreadcrumbList","@id":"https:\/\/parlapharma.com\/diabetes\/#breadcrumb","itemListElement":[{"@type":"ListItem","position":1,"name":"Home","item":"https:\/\/parlapharma.com\/"},{"@type":"ListItem","position":2,"name":"Diabetes"}]},{"@type":"WebSite","@id":"https:\/\/parlapharma.com\/#website","url":"https:\/\/parlapharma.com\/","name":"Parlapharmaceuticals","description":"Pharmaceuticals site","publisher":{"@id":"https:\/\/parlapharma.com\/#organization"},"potentialAction":[{"@type":"SearchAction","target":{"@type":"EntryPoint","urlTemplate":"https:\/\/parlapharma.com\/?s={search_term_string}"},"query-input":{"@type":"PropertyValueSpecification","valueRequired":true,"valueName":"search_term_string"}}],"inLanguage":"az"},{"@type":"Organization","@id":"https:\/\/parlapharma.com\/#organization","name":"Parlapharmaceuticlas","url":"https:\/\/parlapharma.com\/","logo":{"@type":"ImageObject","inLanguage":"az","@id":"https:\/\/parlapharma.com\/#\/schema\/logo\/image\/","url":"https:\/\/parlapharma.com\/wp-content\/uploads\/2022\/07\/LOGO-Big-1.png","contentUrl":"https:\/\/parlapharma.com\/wp-content\/uploads\/2022\/07\/LOGO-Big-1.png","width":6890,"height":3776,"caption":"Parlapharmaceuticlas"},"image":{"@id":"https:\/\/parlapharma.com\/#\/schema\/logo\/image\/"},"sameAs":["https:\/\/www.facebook.com\/parlapharma\/","https:\/\/www.instagram.com\/parlapharma\/","https:\/\/www.youtube.com\/channel\/UCeGsUOlyz-DgZFruHcz39gQ"]}]}},"jetpack_sharing_enabled":true,"_links":{"self":[{"href":"https:\/\/parlapharma.com\/az\/wp-json\/wp\/v2\/pages\/2131","targetHints":{"allow":["GET"]}}],"collection":[{"href":"https:\/\/parlapharma.com\/az\/wp-json\/wp\/v2\/pages"}],"about":[{"href":"https:\/\/parlapharma.com\/az\/wp-json\/wp\/v2\/types\/page"}],"author":[{"embeddable":true,"href":"https:\/\/parlapharma.com\/az\/wp-json\/wp\/v2\/users\/1"}],"replies":[{"embeddable":true,"href":"https:\/\/parlapharma.com\/az\/wp-json\/wp\/v2\/comments?post=2131"}],"version-history":[{"count":25,"href":"https:\/\/parlapharma.com\/az\/wp-json\/wp\/v2\/pages\/2131\/revisions"}],"predecessor-version":[{"id":2423,"href":"https:\/\/parlapharma.com\/az\/wp-json\/wp\/v2\/pages\/2131\/revisions\/2423"}],"wp:attachment":[{"href":"https:\/\/parlapharma.com\/az\/wp-json\/wp\/v2\/media?parent=2131"}],"curies":[{"name":"wp","href":"https:\/\/api.w.org\/{rel}","templated":true}]}}