{"id":4216,"date":"2023-09-08T10:34:55","date_gmt":"2023-09-08T06:34:55","guid":{"rendered":"https:\/\/parlapharma.com\/?page_id=4216"},"modified":"2023-09-14T16:23:19","modified_gmt":"2023-09-14T12:23:19","slug":"nonsteroidal-anti-inflammatory","status":"publish","type":"page","link":"https:\/\/parlapharma.com\/az\/nonsteroidal-anti-inflammatory\/","title":{"rendered":"Nonsteroidal anti-inflammatory"},"content":{"rendered":"<div data-elementor-type=\"wp-page\" data-elementor-id=\"4216\" class=\"elementor elementor-4216\" data-elementor-post-type=\"page\">\n\t\t\t\t\t\t<section class=\"elementor-section elementor-top-section elementor-element elementor-element-64feeac1 elementor-section-boxed elementor-section-height-default elementor-section-height-default\" data-id=\"64feeac1\" data-element_type=\"section\" data-settings=\"{&quot;background_background&quot;:&quot;classic&quot;}\">\n\t\t\t\t\t\t\t<div class=\"elementor-background-overlay\"><\/div>\n\t\t\t\t\t\t\t<div class=\"elementor-container elementor-column-gap-default\">\n\t\t\t\t\t<div class=\"elementor-column elementor-col-100 elementor-top-column elementor-element elementor-element-1bdb58db\" data-id=\"1bdb58db\" data-element_type=\"column\">\n\t\t\t<div class=\"elementor-widget-wrap elementor-element-populated\">\n\t\t\t\t\t\t<div class=\"elementor-element elementor-element-3a9c73e4 elementor-widget elementor-widget-heading\" data-id=\"3a9c73e4\" data-element_type=\"widget\" data-widget_type=\"heading.default\">\n\t\t\t\t<div class=\"elementor-widget-container\">\n\t\t\t\t\t<h2 class=\"elementor-heading-title elementor-size-default\">Nonsteroidal anti-inflammatory<\/h2>\t\t\t\t<\/div>\n\t\t\t\t<\/div>\n\t\t\t\t<div class=\"elementor-element elementor-element-123f8961 elementor-icon-list--layout-inline elementor-align-center elementor-mobile-align-center elementor-list-item-link-full_width elementor-widget elementor-widget-icon-list\" data-id=\"123f8961\" data-element_type=\"widget\" data-widget_type=\"icon-list.default\">\n\t\t\t\t<div class=\"elementor-widget-container\">\n\t\t\t\t\t\t\t<ul class=\"elementor-icon-list-items elementor-inline-items\">\n\t\t\t\t\t\t\t<li class=\"elementor-icon-list-item elementor-inline-item\">\n\t\t\t\t\t\t\t\t\t\t\t<a href=\"https:\/\/parlapharma.com\/az\/products\/\">\n\n\t\t\t\t\t\t\t\t\t\t\t<span class=\"elementor-icon-list-text\">M\u0259hsullar<\/span>\n\t\t\t\t\t\t\t\t\t\t\t<\/a>\n\t\t\t\t\t\t\t\t\t<\/li>\n\t\t\t\t\t\t\t\t<li class=\"elementor-icon-list-item elementor-inline-item\">\n\t\t\t\t\t\t\t\t\t\t\t<a href=\"https:\/\/parlapharma.com\/az\/nonsteroidal-anti-inflammatory\/\">\n\n\t\t\t\t\t\t\t\t\t\t\t\t<span class=\"elementor-icon-list-icon\">\n\t\t\t\t\t\t\t<svg aria-hidden=\"true\" class=\"e-font-icon-svg e-fas-chevron-right\" viewbox=\"0 0 320 512\" xmlns=\"http:\/\/www.w3.org\/2000\/svg\"><path d=\"M285.476 272.971L91.132 467.314c-9.373 9.373-24.569 9.373-33.941 0l-22.667-22.667c-9.357-9.357-9.375-24.522-.04-33.901L188.505 256 34.484 101.255c-9.335-9.379-9.317-24.544.04-33.901l22.667-22.667c9.373-9.373 24.569-9.373 33.941 0L285.475 239.03c9.373 9.372 9.373 24.568.001 33.941z\"><\/path><\/svg>\t\t\t\t\t\t<\/span>\n\t\t\t\t\t\t\t\t\t\t<span class=\"elementor-icon-list-text\">Nonsteroidal<\/span>\n\t\t\t\t\t\t\t\t\t\t\t<\/a>\n\t\t\t\t\t\t\t\t\t<\/li>\n\t\t\t\t\t\t<\/ul>\n\t\t\t\t\t\t<\/div>\n\t\t\t\t<\/div>\n\t\t\t\t\t<\/div>\n\t\t<\/div>\n\t\t\t\t\t<\/div>\n\t\t<\/section>\n\t\t<div class=\"elementor-element elementor-element-7d95cde e-flex e-con-boxed e-con e-parent\" data-id=\"7d95cde\" data-element_type=\"container\">\n\t\t\t\t\t<div class=\"e-con-inner\">\n\t\t<div class=\"elementor-element elementor-element-a0a392c e-con-full e-flex e-con e-parent\" data-id=\"a0a392c\" data-element_type=\"container\">\n\t\t\t\t<div class=\"elementor-element elementor-element-a0dbb8f elementor-widget elementor-widget-image\" data-id=\"a0dbb8f\" data-element_type=\"widget\" data-widget_type=\"image.default\">\n\t\t\t\t<div class=\"elementor-widget-container\">\n\t\t\t\t\t\t\t\t\t\t\t\t\t\t\t<img fetchpriority=\"high\" decoding=\"async\" width=\"1024\" height=\"683\" src=\"https:\/\/parlapharma.com\/wp-content\/uploads\/2023\/08\/DSCF5664-19-1024x683.png\" class=\"attachment-large size-large wp-image-3934\" alt=\"Ibuprofen\" srcset=\"https:\/\/parlapharma.com\/wp-content\/uploads\/2023\/08\/DSCF5664-19-1024x683.png 1024w, https:\/\/parlapharma.com\/wp-content\/uploads\/2023\/08\/DSCF5664-19-300x200.png 300w, https:\/\/parlapharma.com\/wp-content\/uploads\/2023\/08\/DSCF5664-19-768x512.png 768w, https:\/\/parlapharma.com\/wp-content\/uploads\/2023\/08\/DSCF5664-19-1536x1024.png 1536w, https:\/\/parlapharma.com\/wp-content\/uploads\/2023\/08\/DSCF5664-19-2048x1365.png 2048w, https:\/\/parlapharma.com\/wp-content\/uploads\/2023\/08\/DSCF5664-19-18x12.png 18w\" sizes=\"(max-width: 1024px) 100vw, 1024px\" \/>\t\t\t\t\t\t\t\t\t\t\t\t\t\t\t<\/div>\n\t\t\t\t<\/div>\n\t\t\t\t<\/div>\n\t\t<div class=\"elementor-element elementor-element-b80e997 e-con-full e-flex e-con e-parent\" data-id=\"b80e997\" data-element_type=\"container\">\n\t\t\t\t<div class=\"elementor-element elementor-element-877e773 elementor-widget elementor-widget-text-editor\" data-id=\"877e773\" data-element_type=\"widget\" data-widget_type=\"text-editor.default\">\n\t\t\t\t<div class=\"elementor-widget-container\">\n\t\t\t\t\t\t\t\t\t<h2><span style=\"color: #0c4465;\"><strong>Ibuprofen Parla\u00ae<\/strong><\/span><\/h2><h5 style=\"text-align: left;\" class=\"translation-block\"><strong><span style=\"color: #0c4465\">BPA: <\/span><\/strong><span style=\"color: #0c4465\"><strong>\u0130buprofen<\/strong><\/span><\/h5><h5 style=\"text-align: left;\" class=\"translation-block\"><span style=\"color: #0c4465\">\u0130buprofen\u00ae Parla - iltihab \u0259leyhin\u0259, a\u011fr\u0131k\u0259sici v\u0259 q\u0131zd\u0131rmasal\u0131c\u0131 f\u0259aliyy\u0259t\u0259 malik olan qeyri-steroid iltihab \u0259leyhin\u0259 d\u0259rman vasit\u0259sidir. Yum\u015faq jelatin kapsulalarda burax\u0131l\u0131r. Jelatin kapsulalar\u0131n \u00fcst\u00fcnl\u00fckl\u0259ri: a\u011fr\u0131n\u0131 tez v\u0259 uzun m\u00fcdd\u0259tli aradan qald\u0131r\u0131r v\u0259 m\u0259d\u0259y\u0259 daha az t\u0259sir g\u00f6st\u0259rir. \n\u0130buprofen\u00ae Parla - h\u0259kim t\u0259r\u0259find\u0259n t\u0259yin olunmal\u0131d\u0131r, istifad\u0259d\u0259n \u0259vv\u0259l \u00a0<\/span><a href=\"https:\/\/parlapharma.com\/az\/ins-ibuprofen-400\/\" target=\"_blank\" rel=\"noopener\">t\u0259limatla<\/a> tan\u0131\u015f olun.<\/span>\n(400 mq,\u00a0<a href=\"https:\/\/parlapharma.com\/az\/ins-ibuprofen-600\/\" target=\"_blank\" rel=\"noopener\">600 mq<\/a>)<span style=\"color: #0c4465\"><\/h5>\t\t\t\t\t\t\t\t<\/div>\n\t\t\t\t<\/div>\n\t\t\t\t<\/div>\n\t\t\t\t\t<\/div>\n\t\t\t\t<\/div>\n\t\t\t\t<\/div>","protected":false},"excerpt":{"rendered":"<p>Nonsteroidal anti-inflammatory Products Nonsteroidal Ibuprofen Parla\u00ae INN:Ibuprofen \u00a0Ibuprofen\u00ae Parla &#8211; is non-steroidal anti-inflammatory drug with anti-inflammatory, analgesic and antipyretic activity. Available in soft gelatin capsules. Advantages of gelatin capsules: fast and long-term pain relief and less impact on the stomach. \u0130buprofen\u00ae Parla must be prescribed by a doctor, read the\u00a0instructions\u00a0(400 mg,\u00a0600 mg)\u00a0before use.<\/p>","protected":false},"author":1,"featured_media":0,"parent":0,"menu_order":0,"comment_status":"closed","ping_status":"closed","template":"","meta":{"site-sidebar-layout":"no-sidebar","site-content-layout":"page-builder","ast-site-content-layout":"default","site-content-style":"default","site-sidebar-style":"default","ast-global-header-display":"","ast-banner-title-visibility":"","ast-main-header-display":"","ast-hfb-above-header-display":"","ast-hfb-below-header-display":"","ast-hfb-mobile-header-display":"","site-post-title":"disabled","ast-breadcrumbs-content":"","ast-featured-img":"disabled","footer-sml-layout":"","ast-disable-related-posts":"","theme-transparent-header-meta":"","adv-header-id-meta":"","stick-header-meta":"","header-above-stick-meta":"","header-main-stick-meta":"","header-below-stick-meta":"","astra-migrate-meta-layouts":"set","ast-page-background-enabled":"default","ast-page-background-meta":{"desktop":{"background-color":"","background-image":"","background-repeat":"repeat","background-position":"center center","background-size":"auto","background-attachment":"scroll","background-type":"","background-media":"","overlay-type":"","overlay-color":"","overlay-opacity":"","overlay-gradient":""},"tablet":{"background-color":"","background-image":"","background-repeat":"repeat","background-position":"center center","background-size":"auto","background-attachment":"scroll","background-type":"","background-media":"","overlay-type":"","overlay-color":"","overlay-opacity":"","overlay-gradient":""},"mobile":{"background-color":"","background-image":"","background-repeat":"repeat","background-position":"center center","background-size":"auto","background-attachment":"scroll","background-type":"","background-media":"","overlay-type":"","overlay-color":"","overlay-opacity":"","overlay-gradient":""}},"ast-content-background-meta":{"desktop":{"background-color":"var(--ast-global-color-5)","background-image":"","background-repeat":"repeat","background-position":"center center","background-size":"auto","background-attachment":"scroll","background-type":"","background-media":"","overlay-type":"","overlay-color":"","overlay-opacity":"","overlay-gradient":""},"tablet":{"background-color":"var(--ast-global-color-5)","background-image":"","background-repeat":"repeat","background-position":"center center","background-size":"auto","background-attachment":"scroll","background-type":"","background-media":"","overlay-type":"","overlay-color":"","overlay-opacity":"","overlay-gradient":""},"mobile":{"background-color":"var(--ast-global-color-5)","background-image":"","background-repeat":"repeat","background-position":"center center","background-size":"auto","background-attachment":"scroll","background-type":"","background-media":"","overlay-type":"","overlay-color":"","overlay-opacity":"","overlay-gradient":""}},"footnotes":""},"class_list":["post-4216","page","type-page","status-publish","hentry"],"yoast_head":"<!-- This site is optimized with the Yoast SEO plugin v26.5 - https:\/\/yoast.com\/wordpress\/plugins\/seo\/ -->\n<title>Nonsteroidal anti-inflammatory - Parlapharmaceuticals<\/title>\n<meta name=\"robots\" content=\"index, follow, max-snippet:-1, max-image-preview:large, max-video-preview:-1\" \/>\n<link rel=\"canonical\" href=\"https:\/\/parlapharma.com\/az\/nonsteroidal-anti-inflammatory\/\" \/>\n<meta property=\"og:locale\" content=\"az_AZ\" \/>\n<meta property=\"og:type\" content=\"article\" \/>\n<meta property=\"og:title\" content=\"Nonsteroidal anti-inflammatory - Parlapharmaceuticals\" \/>\n<meta property=\"og:description\" content=\"Nonsteroidal anti-inflammatory Products Nonsteroidal Ibuprofen Parla\u00ae INN:Ibuprofen \u00a0Ibuprofen\u00ae Parla &#8211; is non-steroidal anti-inflammatory drug with anti-inflammatory, analgesic and antipyretic activity. Available in soft gelatin capsules. Advantages of gelatin capsules: fast and long-term pain relief and less impact on the stomach. \u0130buprofen\u00ae Parla must be prescribed by a doctor, read the\u00a0instructions\u00a0(400 mg,\u00a0600 mg)\u00a0before use.\" \/>\n<meta property=\"og:url\" content=\"https:\/\/parlapharma.com\/az\/nonsteroidal-anti-inflammatory\/\" \/>\n<meta property=\"og:site_name\" content=\"Parlapharmaceuticals\" \/>\n<meta property=\"article:publisher\" content=\"https:\/\/www.facebook.com\/parlapharma\/\" \/>\n<meta property=\"article:modified_time\" content=\"2023-09-14T12:23:19+00:00\" \/>\n<meta property=\"og:image\" content=\"https:\/\/parlapharma.com\/wp-content\/uploads\/2023\/08\/DSCF5664-19-1024x683.png\" \/>\n<meta name=\"twitter:card\" content=\"summary_large_image\" \/>\n<meta name=\"twitter:label1\" content=\"Est. reading time\" \/>\n\t<meta name=\"twitter:data1\" content=\"1 minute\" \/>\n<script type=\"application\/ld+json\" class=\"yoast-schema-graph\">{\"@context\":\"https:\/\/schema.org\",\"@graph\":[{\"@type\":\"WebPage\",\"@id\":\"https:\/\/parlapharma.com\/nonsteroidal-anti-inflammatory\/\",\"url\":\"https:\/\/parlapharma.com\/nonsteroidal-anti-inflammatory\/\",\"name\":\"Nonsteroidal anti-inflammatory - Parlapharmaceuticals\",\"isPartOf\":{\"@id\":\"https:\/\/parlapharma.com\/#website\"},\"primaryImageOfPage\":{\"@id\":\"https:\/\/parlapharma.com\/nonsteroidal-anti-inflammatory\/#primaryimage\"},\"image\":{\"@id\":\"https:\/\/parlapharma.com\/nonsteroidal-anti-inflammatory\/#primaryimage\"},\"thumbnailUrl\":\"https:\/\/parlapharma.com\/wp-content\/uploads\/2023\/08\/DSCF5664-19-1024x683.png\",\"datePublished\":\"2023-09-08T06:34:55+00:00\",\"dateModified\":\"2023-09-14T12:23:19+00:00\",\"breadcrumb\":{\"@id\":\"https:\/\/parlapharma.com\/nonsteroidal-anti-inflammatory\/#breadcrumb\"},\"inLanguage\":\"az\",\"potentialAction\":[{\"@type\":\"ReadAction\",\"target\":[\"https:\/\/parlapharma.com\/nonsteroidal-anti-inflammatory\/\"]}]},{\"@type\":\"ImageObject\",\"inLanguage\":\"az\",\"@id\":\"https:\/\/parlapharma.com\/nonsteroidal-anti-inflammatory\/#primaryimage\",\"url\":\"https:\/\/parlapharma.com\/wp-content\/uploads\/2023\/08\/DSCF5664-19-1024x683.png\",\"contentUrl\":\"https:\/\/parlapharma.com\/wp-content\/uploads\/2023\/08\/DSCF5664-19-1024x683.png\"},{\"@type\":\"BreadcrumbList\",\"@id\":\"https:\/\/parlapharma.com\/nonsteroidal-anti-inflammatory\/#breadcrumb\",\"itemListElement\":[{\"@type\":\"ListItem\",\"position\":1,\"name\":\"Home\",\"item\":\"https:\/\/parlapharma.com\/\"},{\"@type\":\"ListItem\",\"position\":2,\"name\":\"Nonsteroidal anti-inflammatory\"}]},{\"@type\":\"WebSite\",\"@id\":\"https:\/\/parlapharma.com\/#website\",\"url\":\"https:\/\/parlapharma.com\/\",\"name\":\"Parlapharmaceuticals\",\"description\":\"Pharmaceuticals site\",\"publisher\":{\"@id\":\"https:\/\/parlapharma.com\/#organization\"},\"potentialAction\":[{\"@type\":\"SearchAction\",\"target\":{\"@type\":\"EntryPoint\",\"urlTemplate\":\"https:\/\/parlapharma.com\/?s={search_term_string}\"},\"query-input\":{\"@type\":\"PropertyValueSpecification\",\"valueRequired\":true,\"valueName\":\"search_term_string\"}}],\"inLanguage\":\"az\"},{\"@type\":\"Organization\",\"@id\":\"https:\/\/parlapharma.com\/#organization\",\"name\":\"Parlapharmaceuticlas\",\"url\":\"https:\/\/parlapharma.com\/\",\"logo\":{\"@type\":\"ImageObject\",\"inLanguage\":\"az\",\"@id\":\"https:\/\/parlapharma.com\/#\/schema\/logo\/image\/\",\"url\":\"https:\/\/parlapharma.com\/wp-content\/uploads\/2022\/07\/LOGO-Big-1.png\",\"contentUrl\":\"https:\/\/parlapharma.com\/wp-content\/uploads\/2022\/07\/LOGO-Big-1.png\",\"width\":6890,\"height\":3776,\"caption\":\"Parlapharmaceuticlas\"},\"image\":{\"@id\":\"https:\/\/parlapharma.com\/#\/schema\/logo\/image\/\"},\"sameAs\":[\"https:\/\/www.facebook.com\/parlapharma\/\",\"https:\/\/www.instagram.com\/parlapharma\/\",\"https:\/\/www.youtube.com\/channel\/UCeGsUOlyz-DgZFruHcz39gQ\"]}]}<\/script>\n<!-- \/ Yoast SEO plugin. -->","yoast_head_json":{"title":"Nonsteroidal anti-inflammatory - Parlapharmaceuticals","robots":{"index":"index","follow":"follow","max-snippet":"max-snippet:-1","max-image-preview":"max-image-preview:large","max-video-preview":"max-video-preview:-1"},"canonical":"https:\/\/parlapharma.com\/az\/nonsteroidal-anti-inflammatory\/","og_locale":"az_AZ","og_type":"article","og_title":"Nonsteroidal anti-inflammatory - Parlapharmaceuticals","og_description":"Nonsteroidal anti-inflammatory Products Nonsteroidal Ibuprofen Parla\u00ae INN:Ibuprofen \u00a0Ibuprofen\u00ae Parla &#8211; is non-steroidal anti-inflammatory drug with anti-inflammatory, analgesic and antipyretic activity. Available in soft gelatin capsules. Advantages of gelatin capsules: fast and long-term pain relief and less impact on the stomach. \u0130buprofen\u00ae Parla must be prescribed by a doctor, read the\u00a0instructions\u00a0(400 mg,\u00a0600 mg)\u00a0before use.","og_url":"https:\/\/parlapharma.com\/az\/nonsteroidal-anti-inflammatory\/","og_site_name":"Parlapharmaceuticals","article_publisher":"https:\/\/www.facebook.com\/parlapharma\/","article_modified_time":"2023-09-14T12:23:19+00:00","og_image":[{"url":"https:\/\/parlapharma.com\/wp-content\/uploads\/2023\/08\/DSCF5664-19-1024x683.png","type":"","width":"","height":""}],"twitter_card":"summary_large_image","twitter_misc":{"Est. reading time":"1 minute"},"schema":{"@context":"https:\/\/schema.org","@graph":[{"@type":"WebPage","@id":"https:\/\/parlapharma.com\/nonsteroidal-anti-inflammatory\/","url":"https:\/\/parlapharma.com\/nonsteroidal-anti-inflammatory\/","name":"Nonsteroidal anti-inflammatory - Parlapharmaceuticals","isPartOf":{"@id":"https:\/\/parlapharma.com\/#website"},"primaryImageOfPage":{"@id":"https:\/\/parlapharma.com\/nonsteroidal-anti-inflammatory\/#primaryimage"},"image":{"@id":"https:\/\/parlapharma.com\/nonsteroidal-anti-inflammatory\/#primaryimage"},"thumbnailUrl":"https:\/\/parlapharma.com\/wp-content\/uploads\/2023\/08\/DSCF5664-19-1024x683.png","datePublished":"2023-09-08T06:34:55+00:00","dateModified":"2023-09-14T12:23:19+00:00","breadcrumb":{"@id":"https:\/\/parlapharma.com\/nonsteroidal-anti-inflammatory\/#breadcrumb"},"inLanguage":"az","potentialAction":[{"@type":"ReadAction","target":["https:\/\/parlapharma.com\/nonsteroidal-anti-inflammatory\/"]}]},{"@type":"ImageObject","inLanguage":"az","@id":"https:\/\/parlapharma.com\/nonsteroidal-anti-inflammatory\/#primaryimage","url":"https:\/\/parlapharma.com\/wp-content\/uploads\/2023\/08\/DSCF5664-19-1024x683.png","contentUrl":"https:\/\/parlapharma.com\/wp-content\/uploads\/2023\/08\/DSCF5664-19-1024x683.png"},{"@type":"BreadcrumbList","@id":"https:\/\/parlapharma.com\/nonsteroidal-anti-inflammatory\/#breadcrumb","itemListElement":[{"@type":"ListItem","position":1,"name":"Home","item":"https:\/\/parlapharma.com\/"},{"@type":"ListItem","position":2,"name":"Nonsteroidal anti-inflammatory"}]},{"@type":"WebSite","@id":"https:\/\/parlapharma.com\/#website","url":"https:\/\/parlapharma.com\/","name":"Parlapharmaceuticals","description":"Pharmaceuticals site","publisher":{"@id":"https:\/\/parlapharma.com\/#organization"},"potentialAction":[{"@type":"SearchAction","target":{"@type":"EntryPoint","urlTemplate":"https:\/\/parlapharma.com\/?s={search_term_string}"},"query-input":{"@type":"PropertyValueSpecification","valueRequired":true,"valueName":"search_term_string"}}],"inLanguage":"az"},{"@type":"Organization","@id":"https:\/\/parlapharma.com\/#organization","name":"Parlapharmaceuticlas","url":"https:\/\/parlapharma.com\/","logo":{"@type":"ImageObject","inLanguage":"az","@id":"https:\/\/parlapharma.com\/#\/schema\/logo\/image\/","url":"https:\/\/parlapharma.com\/wp-content\/uploads\/2022\/07\/LOGO-Big-1.png","contentUrl":"https:\/\/parlapharma.com\/wp-content\/uploads\/2022\/07\/LOGO-Big-1.png","width":6890,"height":3776,"caption":"Parlapharmaceuticlas"},"image":{"@id":"https:\/\/parlapharma.com\/#\/schema\/logo\/image\/"},"sameAs":["https:\/\/www.facebook.com\/parlapharma\/","https:\/\/www.instagram.com\/parlapharma\/","https:\/\/www.youtube.com\/channel\/UCeGsUOlyz-DgZFruHcz39gQ"]}]}},"jetpack_sharing_enabled":true,"_links":{"self":[{"href":"https:\/\/parlapharma.com\/az\/wp-json\/wp\/v2\/pages\/4216","targetHints":{"allow":["GET"]}}],"collection":[{"href":"https:\/\/parlapharma.com\/az\/wp-json\/wp\/v2\/pages"}],"about":[{"href":"https:\/\/parlapharma.com\/az\/wp-json\/wp\/v2\/types\/page"}],"author":[{"embeddable":true,"href":"https:\/\/parlapharma.com\/az\/wp-json\/wp\/v2\/users\/1"}],"replies":[{"embeddable":true,"href":"https:\/\/parlapharma.com\/az\/wp-json\/wp\/v2\/comments?post=4216"}],"version-history":[{"count":16,"href":"https:\/\/parlapharma.com\/az\/wp-json\/wp\/v2\/pages\/4216\/revisions"}],"predecessor-version":[{"id":4552,"href":"https:\/\/parlapharma.com\/az\/wp-json\/wp\/v2\/pages\/4216\/revisions\/4552"}],"wp:attachment":[{"href":"https:\/\/parlapharma.com\/az\/wp-json\/wp\/v2\/media?parent=4216"}],"curies":[{"name":"wp","href":"https:\/\/api.w.org\/{rel}","templated":true}]}}