{"id":4556,"date":"2023-09-14T16:35:07","date_gmt":"2023-09-14T12:35:07","guid":{"rendered":"https:\/\/parlapharma.com\/?page_id=4556"},"modified":"2023-11-03T11:45:39","modified_gmt":"2023-11-03T07:45:39","slug":"proton-pump-inhibitors","status":"publish","type":"page","link":"https:\/\/parlapharma.com\/az\/proton-pump-inhibitors\/","title":{"rendered":"Proton pompas\u0131n\u0131n inhibitorlar\u0131"},"content":{"rendered":"<div data-elementor-type=\"wp-page\" data-elementor-id=\"4556\" class=\"elementor elementor-4556\" data-elementor-post-type=\"page\">\n\t\t\t\t\t\t<section class=\"elementor-section elementor-top-section elementor-element elementor-element-37071bb7 elementor-section-boxed elementor-section-height-default elementor-section-height-default\" data-id=\"37071bb7\" data-element_type=\"section\" data-settings=\"{&quot;background_background&quot;:&quot;classic&quot;}\">\n\t\t\t\t\t\t\t<div class=\"elementor-background-overlay\"><\/div>\n\t\t\t\t\t\t\t<div class=\"elementor-container elementor-column-gap-default\">\n\t\t\t\t\t<div class=\"elementor-column elementor-col-100 elementor-top-column elementor-element elementor-element-3da1ff32\" data-id=\"3da1ff32\" data-element_type=\"column\">\n\t\t\t<div class=\"elementor-widget-wrap elementor-element-populated\">\n\t\t\t\t\t\t<div class=\"elementor-element elementor-element-6d1c2b97 elementor-widget elementor-widget-heading\" data-id=\"6d1c2b97\" data-element_type=\"widget\" data-widget_type=\"heading.default\">\n\t\t\t\t<div class=\"elementor-widget-container\">\n\t\t\t\t\t<h2 class=\"elementor-heading-title elementor-size-default\">Qastroenterologiya<\/h2>\t\t\t\t<\/div>\n\t\t\t\t<\/div>\n\t\t\t\t<div class=\"elementor-element elementor-element-16cac59 elementor-icon-list--layout-inline elementor-align-center elementor-mobile-align-center elementor-list-item-link-full_width elementor-widget elementor-widget-icon-list\" data-id=\"16cac59\" data-element_type=\"widget\" data-widget_type=\"icon-list.default\">\n\t\t\t\t<div class=\"elementor-widget-container\">\n\t\t\t\t\t\t\t<ul class=\"elementor-icon-list-items elementor-inline-items\">\n\t\t\t\t\t\t\t<li class=\"elementor-icon-list-item elementor-inline-item\">\n\t\t\t\t\t\t\t\t\t\t\t<a href=\"https:\/\/parlapharma.com\/az\/products\/\">\n\n\t\t\t\t\t\t\t\t\t\t\t<span class=\"elementor-icon-list-text\">M\u0259hsullar<\/span>\n\t\t\t\t\t\t\t\t\t\t\t<\/a>\n\t\t\t\t\t\t\t\t\t<\/li>\n\t\t\t\t\t\t\t\t<li class=\"elementor-icon-list-item elementor-inline-item\">\n\t\t\t\t\t\t\t\t\t\t\t<a href=\"https:\/\/parlapharma.com\/az\/proton-pump-inhibitors\/\">\n\n\t\t\t\t\t\t\t\t\t\t\t\t<span class=\"elementor-icon-list-icon\">\n\t\t\t\t\t\t\t<svg aria-hidden=\"true\" class=\"e-font-icon-svg e-fas-chevron-right\" viewbox=\"0 0 320 512\" xmlns=\"http:\/\/www.w3.org\/2000\/svg\"><path d=\"M285.476 272.971L91.132 467.314c-9.373 9.373-24.569 9.373-33.941 0l-22.667-22.667c-9.357-9.357-9.375-24.522-.04-33.901L188.505 256 34.484 101.255c-9.335-9.379-9.317-24.544.04-33.901l22.667-22.667c9.373-9.373 24.569-9.373 33.941 0L285.475 239.03c9.373 9.372 9.373 24.568.001 33.941z\"><\/path><\/svg>\t\t\t\t\t\t<\/span>\n\t\t\t\t\t\t\t\t\t\t<span class=\"elementor-icon-list-text\">Qastroenterologiya<\/span>\n\t\t\t\t\t\t\t\t\t\t\t<\/a>\n\t\t\t\t\t\t\t\t\t<\/li>\n\t\t\t\t\t\t<\/ul>\n\t\t\t\t\t\t<\/div>\n\t\t\t\t<\/div>\n\t\t\t\t\t<\/div>\n\t\t<\/div>\n\t\t\t\t\t<\/div>\n\t\t<\/section>\n\t\t<div class=\"elementor-element elementor-element-346d2cd e-flex e-con-boxed e-con e-parent\" data-id=\"346d2cd\" data-element_type=\"container\">\n\t\t\t\t\t<div class=\"e-con-inner\">\n\t\t<div class=\"elementor-element elementor-element-67390b3 e-con-full e-flex e-con e-child\" data-id=\"67390b3\" data-element_type=\"container\" data-settings=\"{&quot;background_background&quot;:&quot;classic&quot;}\">\n\t\t\t\t<div class=\"elementor-element elementor-element-a5d67df elementor-widget elementor-widget-image\" data-id=\"a5d67df\" data-element_type=\"widget\" data-widget_type=\"image.default\">\n\t\t\t\t<div class=\"elementor-widget-container\">\n\t\t\t\t\t\t\t\t\t\t\t\t\t\t\t<img fetchpriority=\"high\" decoding=\"async\" width=\"1024\" height=\"683\" src=\"https:\/\/parlapharma.com\/wp-content\/uploads\/2023\/08\/DSCF5664-12-1024x683.png\" class=\"attachment-large size-large wp-image-3927\" alt=\"Lanzipar\" srcset=\"https:\/\/parlapharma.com\/wp-content\/uploads\/2023\/08\/DSCF5664-12-1024x683.png 1024w, https:\/\/parlapharma.com\/wp-content\/uploads\/2023\/08\/DSCF5664-12-300x200.png 300w, https:\/\/parlapharma.com\/wp-content\/uploads\/2023\/08\/DSCF5664-12-768x512.png 768w, https:\/\/parlapharma.com\/wp-content\/uploads\/2023\/08\/DSCF5664-12-1536x1024.png 1536w, https:\/\/parlapharma.com\/wp-content\/uploads\/2023\/08\/DSCF5664-12-2048x1365.png 2048w, https:\/\/parlapharma.com\/wp-content\/uploads\/2023\/08\/DSCF5664-12-18x12.png 18w\" sizes=\"(max-width: 1024px) 100vw, 1024px\" \/>\t\t\t\t\t\t\t\t\t\t\t\t\t\t\t<\/div>\n\t\t\t\t<\/div>\n\t\t\t\t<\/div>\n\t\t<div class=\"elementor-element elementor-element-c642754 e-con-full e-flex e-con e-child\" data-id=\"c642754\" data-element_type=\"container\">\n\t\t\t\t<div class=\"elementor-element elementor-element-35c524a elementor-widget elementor-widget-text-editor\" data-id=\"35c524a\" data-element_type=\"widget\" data-widget_type=\"text-editor.default\">\n\t\t\t\t<div class=\"elementor-widget-container\">\n\t\t\t\t\t\t\t\t\t<h2><span style=\"color: #0c4465;\"><strong>Lanzipar\u00ae<\/strong><\/span><\/h2>\n<h5 style=\"text-align: left;\"><span style=\"color: #0c4465;\"><strong>T\u0259rkib: Lansoprazol<\/strong><br><\/span><\/h5>\n<p class=\"translation-block\">Lanzipar\u00ae- proton pompas\u0131n\u0131n inhibitorudur. M\u0259d\u0259-ba\u011f\u0131rsaq sisteminin m\u00fcxt\u0259lif x\u0259st\u0259likl\u0259rinin m\u00fcalic\u0259sind\u0259 istifad\u0259 olunur.\nLanzipar\u00ae - h\u0259kim t\u0259r\u0259find\u0259n t\u0259yin olunmal\u0131d\u0131r, istifad\u0259d\u0259n \u0259vv\u0259l <a href=\"https:\/\/parlapharma.com\/az\/ins-lanzipar\/\" target=\"_self\">t\u0259limatla<\/a> tan\u0131\u015f olun.<\/p>\t\t\t\t\t\t\t\t<\/div>\n\t\t\t\t<\/div>\n\t\t\t\t<\/div>\n\t\t\t\t\t<\/div>\n\t\t\t\t<\/div>\n\t\t\t\t<\/div>","protected":false},"excerpt":{"rendered":"<p>Gastroenteritis Product Gastroenteritis Lanzipar\u00ae INN: Lansoprazole Lanzipar\u00ae is proton pump inhibitors. Use to treatment of various diseases of the gastrointestinal system. Lanzipar\u00ae must be prescribed by a doctor, read the&nbsp;instructions&nbsp;before use.<\/p>","protected":false},"author":1,"featured_media":0,"parent":0,"menu_order":0,"comment_status":"closed","ping_status":"closed","template":"","meta":{"site-sidebar-layout":"no-sidebar","site-content-layout":"page-builder","ast-site-content-layout":"full-width-container","site-content-style":"default","site-sidebar-style":"default","ast-global-header-display":"","ast-banner-title-visibility":"","ast-main-header-display":"","ast-hfb-above-header-display":"","ast-hfb-below-header-display":"","ast-hfb-mobile-header-display":"","site-post-title":"disabled","ast-breadcrumbs-content":"","ast-featured-img":"disabled","footer-sml-layout":"","ast-disable-related-posts":"","theme-transparent-header-meta":"","adv-header-id-meta":"","stick-header-meta":"","header-above-stick-meta":"","header-main-stick-meta":"","header-below-stick-meta":"","astra-migrate-meta-layouts":"set","ast-page-background-enabled":"default","ast-page-background-meta":{"desktop":{"background-color":"","background-image":"","background-repeat":"repeat","background-position":"center center","background-size":"auto","background-attachment":"scroll","background-type":"","background-media":"","overlay-type":"","overlay-color":"","overlay-opacity":"","overlay-gradient":""},"tablet":{"background-color":"","background-image":"","background-repeat":"repeat","background-position":"center center","background-size":"auto","background-attachment":"scroll","background-type":"","background-media":"","overlay-type":"","overlay-color":"","overlay-opacity":"","overlay-gradient":""},"mobile":{"background-color":"","background-image":"","background-repeat":"repeat","background-position":"center center","background-size":"auto","background-attachment":"scroll","background-type":"","background-media":"","overlay-type":"","overlay-color":"","overlay-opacity":"","overlay-gradient":""}},"ast-content-background-meta":{"desktop":{"background-color":"var(--ast-global-color-5)","background-image":"","background-repeat":"repeat","background-position":"center center","background-size":"auto","background-attachment":"scroll","background-type":"","background-media":"","overlay-type":"","overlay-color":"","overlay-opacity":"","overlay-gradient":""},"tablet":{"background-color":"var(--ast-global-color-5)","background-image":"","background-repeat":"repeat","background-position":"center center","background-size":"auto","background-attachment":"scroll","background-type":"","background-media":"","overlay-type":"","overlay-color":"","overlay-opacity":"","overlay-gradient":""},"mobile":{"background-color":"var(--ast-global-color-5)","background-image":"","background-repeat":"repeat","background-position":"center center","background-size":"auto","background-attachment":"scroll","background-type":"","background-media":"","overlay-type":"","overlay-color":"","overlay-opacity":"","overlay-gradient":""}},"footnotes":""},"class_list":["post-4556","page","type-page","status-publish","hentry"],"yoast_head":"<!-- This site is optimized with the Yoast SEO plugin v26.5 - https:\/\/yoast.com\/wordpress\/plugins\/seo\/ -->\n<title>Proton pump inhibitors - Parlapharmaceuticals<\/title>\n<meta name=\"robots\" content=\"index, follow, max-snippet:-1, max-image-preview:large, max-video-preview:-1\" \/>\n<link rel=\"canonical\" href=\"https:\/\/parlapharma.com\/az\/proton-pump-inhibitors\/\" \/>\n<meta property=\"og:locale\" content=\"az_AZ\" \/>\n<meta property=\"og:type\" content=\"article\" \/>\n<meta property=\"og:title\" content=\"Proton pump inhibitors - Parlapharmaceuticals\" \/>\n<meta property=\"og:description\" content=\"Gastroenteritis Product Gastroenteritis Lanzipar\u00ae INN: Lansoprazole Lanzipar\u00ae is proton pump inhibitors. Use to treatment of various diseases of the gastrointestinal system. Lanzipar\u00ae must be prescribed by a doctor, read the&nbsp;instructions&nbsp;before use.\" \/>\n<meta property=\"og:url\" content=\"https:\/\/parlapharma.com\/az\/proton-pump-inhibitors\/\" \/>\n<meta property=\"og:site_name\" content=\"Parlapharmaceuticals\" \/>\n<meta property=\"article:publisher\" content=\"https:\/\/www.facebook.com\/parlapharma\/\" \/>\n<meta property=\"article:modified_time\" content=\"2023-11-03T07:45:39+00:00\" \/>\n<meta property=\"og:image\" content=\"https:\/\/parlapharma.com\/wp-content\/uploads\/2023\/08\/DSCF5664-12-1024x683.png\" \/>\n<meta name=\"twitter:card\" content=\"summary_large_image\" \/>\n<meta name=\"twitter:label1\" content=\"Est. reading time\" \/>\n\t<meta name=\"twitter:data1\" content=\"1 minute\" \/>\n<script type=\"application\/ld+json\" class=\"yoast-schema-graph\">{\"@context\":\"https:\/\/schema.org\",\"@graph\":[{\"@type\":\"WebPage\",\"@id\":\"https:\/\/parlapharma.com\/proton-pump-inhibitors\/\",\"url\":\"https:\/\/parlapharma.com\/proton-pump-inhibitors\/\",\"name\":\"Proton pump inhibitors - Parlapharmaceuticals\",\"isPartOf\":{\"@id\":\"https:\/\/parlapharma.com\/#website\"},\"primaryImageOfPage\":{\"@id\":\"https:\/\/parlapharma.com\/proton-pump-inhibitors\/#primaryimage\"},\"image\":{\"@id\":\"https:\/\/parlapharma.com\/proton-pump-inhibitors\/#primaryimage\"},\"thumbnailUrl\":\"https:\/\/parlapharma.com\/wp-content\/uploads\/2023\/08\/DSCF5664-12-1024x683.png\",\"datePublished\":\"2023-09-14T12:35:07+00:00\",\"dateModified\":\"2023-11-03T07:45:39+00:00\",\"breadcrumb\":{\"@id\":\"https:\/\/parlapharma.com\/proton-pump-inhibitors\/#breadcrumb\"},\"inLanguage\":\"az\",\"potentialAction\":[{\"@type\":\"ReadAction\",\"target\":[\"https:\/\/parlapharma.com\/proton-pump-inhibitors\/\"]}]},{\"@type\":\"ImageObject\",\"inLanguage\":\"az\",\"@id\":\"https:\/\/parlapharma.com\/proton-pump-inhibitors\/#primaryimage\",\"url\":\"https:\/\/parlapharma.com\/wp-content\/uploads\/2023\/08\/DSCF5664-12-1024x683.png\",\"contentUrl\":\"https:\/\/parlapharma.com\/wp-content\/uploads\/2023\/08\/DSCF5664-12-1024x683.png\"},{\"@type\":\"BreadcrumbList\",\"@id\":\"https:\/\/parlapharma.com\/proton-pump-inhibitors\/#breadcrumb\",\"itemListElement\":[{\"@type\":\"ListItem\",\"position\":1,\"name\":\"Home\",\"item\":\"https:\/\/parlapharma.com\/\"},{\"@type\":\"ListItem\",\"position\":2,\"name\":\"Proton pump inhibitors\"}]},{\"@type\":\"WebSite\",\"@id\":\"https:\/\/parlapharma.com\/#website\",\"url\":\"https:\/\/parlapharma.com\/\",\"name\":\"Parlapharmaceuticals\",\"description\":\"Pharmaceuticals site\",\"publisher\":{\"@id\":\"https:\/\/parlapharma.com\/#organization\"},\"potentialAction\":[{\"@type\":\"SearchAction\",\"target\":{\"@type\":\"EntryPoint\",\"urlTemplate\":\"https:\/\/parlapharma.com\/?s={search_term_string}\"},\"query-input\":{\"@type\":\"PropertyValueSpecification\",\"valueRequired\":true,\"valueName\":\"search_term_string\"}}],\"inLanguage\":\"az\"},{\"@type\":\"Organization\",\"@id\":\"https:\/\/parlapharma.com\/#organization\",\"name\":\"Parlapharmaceuticlas\",\"url\":\"https:\/\/parlapharma.com\/\",\"logo\":{\"@type\":\"ImageObject\",\"inLanguage\":\"az\",\"@id\":\"https:\/\/parlapharma.com\/#\/schema\/logo\/image\/\",\"url\":\"https:\/\/parlapharma.com\/wp-content\/uploads\/2022\/07\/LOGO-Big-1.png\",\"contentUrl\":\"https:\/\/parlapharma.com\/wp-content\/uploads\/2022\/07\/LOGO-Big-1.png\",\"width\":6890,\"height\":3776,\"caption\":\"Parlapharmaceuticlas\"},\"image\":{\"@id\":\"https:\/\/parlapharma.com\/#\/schema\/logo\/image\/\"},\"sameAs\":[\"https:\/\/www.facebook.com\/parlapharma\/\",\"https:\/\/www.instagram.com\/parlapharma\/\",\"https:\/\/www.youtube.com\/channel\/UCeGsUOlyz-DgZFruHcz39gQ\"]}]}<\/script>\n<!-- \/ Yoast SEO plugin. -->","yoast_head_json":{"title":"Proton pump inhibitors - Parlapharmaceuticals","robots":{"index":"index","follow":"follow","max-snippet":"max-snippet:-1","max-image-preview":"max-image-preview:large","max-video-preview":"max-video-preview:-1"},"canonical":"https:\/\/parlapharma.com\/az\/proton-pump-inhibitors\/","og_locale":"az_AZ","og_type":"article","og_title":"Proton pump inhibitors - Parlapharmaceuticals","og_description":"Gastroenteritis Product Gastroenteritis Lanzipar\u00ae INN: Lansoprazole Lanzipar\u00ae is proton pump inhibitors. Use to treatment of various diseases of the gastrointestinal system. Lanzipar\u00ae must be prescribed by a doctor, read the&nbsp;instructions&nbsp;before use.","og_url":"https:\/\/parlapharma.com\/az\/proton-pump-inhibitors\/","og_site_name":"Parlapharmaceuticals","article_publisher":"https:\/\/www.facebook.com\/parlapharma\/","article_modified_time":"2023-11-03T07:45:39+00:00","og_image":[{"url":"https:\/\/parlapharma.com\/wp-content\/uploads\/2023\/08\/DSCF5664-12-1024x683.png","type":"","width":"","height":""}],"twitter_card":"summary_large_image","twitter_misc":{"Est. reading time":"1 minute"},"schema":{"@context":"https:\/\/schema.org","@graph":[{"@type":"WebPage","@id":"https:\/\/parlapharma.com\/proton-pump-inhibitors\/","url":"https:\/\/parlapharma.com\/proton-pump-inhibitors\/","name":"Proton pump inhibitors - Parlapharmaceuticals","isPartOf":{"@id":"https:\/\/parlapharma.com\/#website"},"primaryImageOfPage":{"@id":"https:\/\/parlapharma.com\/proton-pump-inhibitors\/#primaryimage"},"image":{"@id":"https:\/\/parlapharma.com\/proton-pump-inhibitors\/#primaryimage"},"thumbnailUrl":"https:\/\/parlapharma.com\/wp-content\/uploads\/2023\/08\/DSCF5664-12-1024x683.png","datePublished":"2023-09-14T12:35:07+00:00","dateModified":"2023-11-03T07:45:39+00:00","breadcrumb":{"@id":"https:\/\/parlapharma.com\/proton-pump-inhibitors\/#breadcrumb"},"inLanguage":"az","potentialAction":[{"@type":"ReadAction","target":["https:\/\/parlapharma.com\/proton-pump-inhibitors\/"]}]},{"@type":"ImageObject","inLanguage":"az","@id":"https:\/\/parlapharma.com\/proton-pump-inhibitors\/#primaryimage","url":"https:\/\/parlapharma.com\/wp-content\/uploads\/2023\/08\/DSCF5664-12-1024x683.png","contentUrl":"https:\/\/parlapharma.com\/wp-content\/uploads\/2023\/08\/DSCF5664-12-1024x683.png"},{"@type":"BreadcrumbList","@id":"https:\/\/parlapharma.com\/proton-pump-inhibitors\/#breadcrumb","itemListElement":[{"@type":"ListItem","position":1,"name":"Home","item":"https:\/\/parlapharma.com\/"},{"@type":"ListItem","position":2,"name":"Proton pump inhibitors"}]},{"@type":"WebSite","@id":"https:\/\/parlapharma.com\/#website","url":"https:\/\/parlapharma.com\/","name":"Parlapharmaceuticals","description":"Pharmaceuticals site","publisher":{"@id":"https:\/\/parlapharma.com\/#organization"},"potentialAction":[{"@type":"SearchAction","target":{"@type":"EntryPoint","urlTemplate":"https:\/\/parlapharma.com\/?s={search_term_string}"},"query-input":{"@type":"PropertyValueSpecification","valueRequired":true,"valueName":"search_term_string"}}],"inLanguage":"az"},{"@type":"Organization","@id":"https:\/\/parlapharma.com\/#organization","name":"Parlapharmaceuticlas","url":"https:\/\/parlapharma.com\/","logo":{"@type":"ImageObject","inLanguage":"az","@id":"https:\/\/parlapharma.com\/#\/schema\/logo\/image\/","url":"https:\/\/parlapharma.com\/wp-content\/uploads\/2022\/07\/LOGO-Big-1.png","contentUrl":"https:\/\/parlapharma.com\/wp-content\/uploads\/2022\/07\/LOGO-Big-1.png","width":6890,"height":3776,"caption":"Parlapharmaceuticlas"},"image":{"@id":"https:\/\/parlapharma.com\/#\/schema\/logo\/image\/"},"sameAs":["https:\/\/www.facebook.com\/parlapharma\/","https:\/\/www.instagram.com\/parlapharma\/","https:\/\/www.youtube.com\/channel\/UCeGsUOlyz-DgZFruHcz39gQ"]}]}},"jetpack_sharing_enabled":true,"_links":{"self":[{"href":"https:\/\/parlapharma.com\/az\/wp-json\/wp\/v2\/pages\/4556","targetHints":{"allow":["GET"]}}],"collection":[{"href":"https:\/\/parlapharma.com\/az\/wp-json\/wp\/v2\/pages"}],"about":[{"href":"https:\/\/parlapharma.com\/az\/wp-json\/wp\/v2\/types\/page"}],"author":[{"embeddable":true,"href":"https:\/\/parlapharma.com\/az\/wp-json\/wp\/v2\/users\/1"}],"replies":[{"embeddable":true,"href":"https:\/\/parlapharma.com\/az\/wp-json\/wp\/v2\/comments?post=4556"}],"version-history":[{"count":23,"href":"https:\/\/parlapharma.com\/az\/wp-json\/wp\/v2\/pages\/4556\/revisions"}],"predecessor-version":[{"id":5160,"href":"https:\/\/parlapharma.com\/az\/wp-json\/wp\/v2\/pages\/4556\/revisions\/5160"}],"wp:attachment":[{"href":"https:\/\/parlapharma.com\/az\/wp-json\/wp\/v2\/media?parent=4556"}],"curies":[{"name":"wp","href":"https:\/\/api.w.org\/{rel}","templated":true}]}}