{"id":4754,"date":"2023-10-09T17:20:00","date_gmt":"2023-10-09T13:20:00","guid":{"rendered":"https:\/\/parlapharma.com\/?page_id=4754"},"modified":"2024-04-18T02:48:23","modified_gmt":"2024-04-17T22:48:23","slug":"diabet","status":"publish","type":"page","link":"https:\/\/parlapharma.com\/az\/diabet\/","title":{"rendered":"Diabet"},"content":{"rendered":"<div data-elementor-type=\"wp-page\" data-elementor-id=\"4754\" class=\"elementor elementor-4754\" data-elementor-post-type=\"page\">\n\t\t\t\t\t\t<section class=\"elementor-section elementor-top-section elementor-element elementor-element-fabfc05 elementor-section-boxed elementor-section-height-default elementor-section-height-default\" data-id=\"fabfc05\" data-element_type=\"section\" data-settings=\"{&quot;background_background&quot;:&quot;classic&quot;}\">\n\t\t\t\t\t\t\t<div class=\"elementor-background-overlay\"><\/div>\n\t\t\t\t\t\t\t<div class=\"elementor-container elementor-column-gap-default\">\n\t\t\t\t\t<div class=\"elementor-column elementor-col-100 elementor-top-column elementor-element elementor-element-78e1b48\" data-id=\"78e1b48\" data-element_type=\"column\">\n\t\t\t<div class=\"elementor-widget-wrap elementor-element-populated\">\n\t\t\t\t\t\t<div class=\"elementor-element elementor-element-00fdd30 elementor-icon-list--layout-inline elementor-align-center elementor-mobile-align-center elementor-list-item-link-full_width elementor-widget elementor-widget-icon-list\" data-id=\"00fdd30\" data-element_type=\"widget\" data-widget_type=\"icon-list.default\">\n\t\t\t\t<div class=\"elementor-widget-container\">\n\t\t\t\t\t\t\t<ul class=\"elementor-icon-list-items elementor-inline-items\">\n\t\t\t\t\t\t\t<li class=\"elementor-icon-list-item elementor-inline-item\">\n\t\t\t\t\t\t\t\t\t\t\t<a href=\"https:\/\/parlapharma.com\/az\/products\/\">\n\n\t\t\t\t\t\t\t\t\t\t\t<span class=\"elementor-icon-list-text\">M\u0259hsullar<\/span>\n\t\t\t\t\t\t\t\t\t\t\t<\/a>\n\t\t\t\t\t\t\t\t\t<\/li>\n\t\t\t\t\t\t\t\t<li class=\"elementor-icon-list-item elementor-inline-item\">\n\t\t\t\t\t\t\t\t\t\t\t<a href=\"https:\/\/parlapharma.com\/az\/diabetes\/\">\n\n\t\t\t\t\t\t\t\t\t\t\t\t<span class=\"elementor-icon-list-icon\">\n\t\t\t\t\t\t\t<svg aria-hidden=\"true\" class=\"e-font-icon-svg e-fas-chevron-right\" viewbox=\"0 0 320 512\" xmlns=\"http:\/\/www.w3.org\/2000\/svg\"><path d=\"M285.476 272.971L91.132 467.314c-9.373 9.373-24.569 9.373-33.941 0l-22.667-22.667c-9.357-9.357-9.375-24.522-.04-33.901L188.505 256 34.484 101.255c-9.335-9.379-9.317-24.544.04-33.901l22.667-22.667c9.373-9.373 24.569-9.373 33.941 0L285.475 239.03c9.373 9.372 9.373 24.568.001 33.941z\"><\/path><\/svg>\t\t\t\t\t\t<\/span>\n\t\t\t\t\t\t\t\t\t\t<span class=\"elementor-icon-list-text\">\u015e\u0259k\u0259rli diabet<\/span>\n\t\t\t\t\t\t\t\t\t\t\t<\/a>\n\t\t\t\t\t\t\t\t\t<\/li>\n\t\t\t\t\t\t<\/ul>\n\t\t\t\t\t\t<\/div>\n\t\t\t\t<\/div>\n\t\t\t\t\t<\/div>\n\t\t<\/div>\n\t\t\t\t\t<\/div>\n\t\t<\/section>\n\t\t<div class=\"elementor-element elementor-element-a52f724 e-flex e-con-boxed e-con e-parent\" data-id=\"a52f724\" data-element_type=\"container\">\n\t\t\t\t\t<div class=\"e-con-inner\">\n\t\t<div class=\"elementor-element elementor-element-8cc56e7 e-con-full e-flex e-con e-child\" data-id=\"8cc56e7\" data-element_type=\"container\" data-settings=\"{&quot;background_background&quot;:&quot;classic&quot;}\">\n\t\t\t\t<div class=\"elementor-element elementor-element-b451cf3 elementor-widget__width-initial elementor-widget elementor-widget-image\" data-id=\"b451cf3\" data-element_type=\"widget\" data-widget_type=\"image.default\">\n\t\t\t\t<div class=\"elementor-widget-container\">\n\t\t\t\t\t\t\t\t\t\t\t\t\t\t\t<img fetchpriority=\"high\" decoding=\"async\" width=\"1024\" height=\"683\" src=\"https:\/\/parlapharma.com\/wp-content\/uploads\/2023\/08\/DSCF5664-10-1024x683.png\" class=\"attachment-large size-large wp-image-3616\" alt=\"\" srcset=\"https:\/\/parlapharma.com\/wp-content\/uploads\/2023\/08\/DSCF5664-10-1024x683.png 1024w, https:\/\/parlapharma.com\/wp-content\/uploads\/2023\/08\/DSCF5664-10-300x200.png 300w, https:\/\/parlapharma.com\/wp-content\/uploads\/2023\/08\/DSCF5664-10-768x512.png 768w, https:\/\/parlapharma.com\/wp-content\/uploads\/2023\/08\/DSCF5664-10-1536x1024.png 1536w, https:\/\/parlapharma.com\/wp-content\/uploads\/2023\/08\/DSCF5664-10-2048x1365.png 2048w, https:\/\/parlapharma.com\/wp-content\/uploads\/2023\/08\/DSCF5664-10-18x12.png 18w\" sizes=\"(max-width: 1024px) 100vw, 1024px\" \/>\t\t\t\t\t\t\t\t\t\t\t\t\t\t\t<\/div>\n\t\t\t\t<\/div>\n\t\t\t\t<\/div>\n\t\t<div class=\"elementor-element elementor-element-70a6769 e-con-full e-flex e-con e-child\" data-id=\"70a6769\" data-element_type=\"container\">\n\t\t\t\t<div class=\"elementor-element elementor-element-e3222a4 elementor-widget elementor-widget-text-editor\" data-id=\"e3222a4\" data-element_type=\"widget\" data-widget_type=\"text-editor.default\">\n\t\t\t\t<div class=\"elementor-widget-container\">\n\t\t\t\t\t\t\t\t\t<h2><span style=\"color: #0c4465;\"><strong>Diasmet\u00ae<\/strong><\/span><\/h2><h5 style=\"text-align: left;\" class=\"translation-block\"><span style=\"color: #0c4465\"><strong>T\u0259rkib: Metformin\n<\/strong><br>Diasmet<sup>\u00ae\ufe0f<\/sup>\u00a0 2-ci tip \u015f\u0259k\u0259rli diabetd\u0259n \u0259ziyy\u0259t \u00e7\u0259k\u0259n pasiyentl\u0259rin m\u00fcalic\u0259sind\u0259, p\u0259hrizl\u0259 t\u0259nziml\u0259m\u0259 v\u0259 sad\u0259c\u0259 fiziki h\u0259r\u0259k\u0259tl\u0259rl\u0259 qandak\u0131 ql\u00fckozan\u0131n n\u0259zar\u0259t alt\u0131na al\u0131nmas\u0131 m\u00fcmk\u00fcn olmad\u0131\u011f\u0131 t\u0259qdird\u0259 istifad\u0259 olunur. X\u00fcsusil\u0259 art\u0131q b\u0259d\u0259n k\u00fctl\u0259li pasiyentl\u0259rd\u0259 istifad\u0259 olunur. Diasmet\u00ae\ufe0f h\u0259kim t\u0259r\u0259find\u0259n t\u0259yin olunmal\u0131d\u0131r, istifad\u0259d\u0259n \u0259vv\u0259l<\/sup>\u00a0<a href=\"https:\/\/parlapharma.com\/az\/diasmet-ins\/\" target=\"_self\">t\u0259limatla<\/a> tan\u0131\u015f olun.<\/h5>\t\t\t\t\t\t\t\t<\/div>\n\t\t\t\t<\/div>\n\t\t\t\t<\/div>\n\t\t\t\t\t<\/div>\n\t\t\t\t<\/div>\n\t\t<div class=\"elementor-element elementor-element-fc1f040 e-flex e-con-boxed e-con e-parent\" data-id=\"fc1f040\" data-element_type=\"container\">\n\t\t\t\t\t<div class=\"e-con-inner\">\n\t\t<div class=\"elementor-element elementor-element-81bfa81 e-con-full e-flex e-con e-child\" data-id=\"81bfa81\" data-element_type=\"container\" data-settings=\"{&quot;background_background&quot;:&quot;classic&quot;}\">\n\t\t\t\t<div class=\"elementor-element elementor-element-537d854 elementor-widget__width-initial elementor-widget elementor-widget-image\" data-id=\"537d854\" data-element_type=\"widget\" data-widget_type=\"image.default\">\n\t\t\t\t<div class=\"elementor-widget-container\">\n\t\t\t\t\t\t\t\t\t\t\t\t\t\t\t<img decoding=\"async\" width=\"1024\" height=\"791\" src=\"https:\/\/parlapharma.com\/wp-content\/uploads\/2024\/04\/diasmet-500-1024x791.png\" class=\"attachment-large size-large wp-image-5434\" alt=\"\" srcset=\"https:\/\/parlapharma.com\/wp-content\/uploads\/2024\/04\/diasmet-500-1024x791.png 1024w, https:\/\/parlapharma.com\/wp-content\/uploads\/2024\/04\/diasmet-500-300x232.png 300w, https:\/\/parlapharma.com\/wp-content\/uploads\/2024\/04\/diasmet-500-768x593.png 768w, https:\/\/parlapharma.com\/wp-content\/uploads\/2024\/04\/diasmet-500-1536x1186.png 1536w, https:\/\/parlapharma.com\/wp-content\/uploads\/2024\/04\/diasmet-500-2048x1582.png 2048w, https:\/\/parlapharma.com\/wp-content\/uploads\/2024\/04\/diasmet-500-16x12.png 16w\" sizes=\"(max-width: 1024px) 100vw, 1024px\" \/>\t\t\t\t\t\t\t\t\t\t\t\t\t\t\t<\/div>\n\t\t\t\t<\/div>\n\t\t\t\t<\/div>\n\t\t<div class=\"elementor-element elementor-element-442f490 e-con-full e-flex e-con e-child\" data-id=\"442f490\" data-element_type=\"container\">\n\t\t\t\t<div class=\"elementor-element elementor-element-876db70 elementor-widget elementor-widget-text-editor\" data-id=\"876db70\" data-element_type=\"widget\" data-widget_type=\"text-editor.default\">\n\t\t\t\t<div class=\"elementor-widget-container\">\n\t\t\t\t\t\t\t\t\t<h2><span style=\"color: #0c4465;\"><strong>Diasmet\u00aeER<\/strong><\/span><\/h2>\n<h5 style=\"text-align: left;\" class=\"translation-block\"><span style=\"color: #0c4465\"><strong>T\u0259rkibi: metformin hidroxlorid.<\/strong><br>D\u0130ASMET\u00ae\ufe0f ER (t\u0259siredici madd\u0259si t\u0259dric\u0259n azad olunan tabletl\u0259r). D\u0130ASMET\u00ae\ufe0f ER 2-ci tip \u015f\u0259k\u0259rli diabetin m\u00fcalic\u0259si \u00fc\u00e7\u00fcn, x\u00fcsusil\u0259 art\u0131q b\u0259d\u0259n k\u00fctl\u0259sin\u0259 malik olan pasiyentl\u0259rd\u0259 yaln\u0131z p\u0259hriz v\u0259 fiziki m\u0259\u015fql\u0259rl\u0259 qlikemiyaya kifay\u0259t q\u0259d\u0259r n\u0259zar\u0259ti t\u0259min etm\u0259k m\u00fcmk\u00fcn olmad\u0131\u011f\u0131 halda istifad\u0259 olunur. T\u0259dric\u0259n azad olunan metformin monoterapiya kimi v\u0259 ya dig\u0259r daxil\u0259 q\u0259bul olunan diabet \u0259leyhin\u0259 d\u0259rmanlarla v\u0259 ya insulinl\u0259 kombinasiyada istifad\u0259 oluna bil\u0259r. Sad\u0259 metformin il\u0259 m\u00fcqais\u0259d\u0259 2 tip \u015f\u0259k\u0259rli diabet\u0259 daha yax\u015f\u0131 n\u0259zar\u0259t t\u0259min edir. G\u00fcnd\u0259 1 d\u0259f\u0259 g\u0259bul etm\u0259kl\u0259 g\u00fcn \u0259rzind\u0259 qanda ql\u00fckoza s\u0259viyy\u0259sin\u0259 effektiv n\u0259zar\u0259t edir. D\u0130ASMET\u00ae\ufe0f ER h\u0259kim t\u0259r\u0259find\u0259n t\u0259yin olunmal\u0131d\u0131r, istifad\u0259d\u0259n \u0259vv\u0259l<\/span><a href=\"https:\/\/parlapharma.com\/az\/diasmet-er-ins\/\" target=\"_blank\"> t\u0259limatla<\/a><span style=\"color: #0c4465;font-size: 1.125rem;font-style: inherit\"> tan\u0131\u015f olun.<\/h5>\t\t\t\t\t\t\t\t<\/div>\n\t\t\t\t<\/div>\n\t\t\t\t<\/div>\n\t\t\t\t\t<\/div>\n\t\t\t\t<\/div>\n\t\t<div class=\"elementor-element elementor-element-5a4ed63 e-flex e-con-boxed e-con e-parent\" data-id=\"5a4ed63\" data-element_type=\"container\">\n\t\t\t\t\t<div class=\"e-con-inner\">\n\t\t<div class=\"elementor-element elementor-element-527b81c e-con-full e-flex e-con e-child\" data-id=\"527b81c\" data-element_type=\"container\">\n\t\t\t\t<div class=\"elementor-element elementor-element-1e10fe2 elementor-widget__width-initial elementor-widget elementor-widget-text-editor\" data-id=\"1e10fe2\" data-element_type=\"widget\" data-widget_type=\"text-editor.default\">\n\t\t\t\t<div class=\"elementor-widget-container\">\n\t\t\t\t\t\t\t\t\t<h2><a href=\"http:\/\/laraglan.com\/\" target=\"_blank\" rel=\"noopener\">Laraglan\u00ae<\/a><\/h2><h5 style=\"text-align: left;\" class=\"translation-block\"><span style=\"color: #0c4465\"><strong>T\u0259rkib:\u00a0Liraqlutid<\/strong><br>\n2 tip \u015f\u0259k\u0259rli diabet x\u0259st\u0259liyind\u0259 istifad\u0259 olunan d\u0259rman vasit\u0259sidir.\n\u0130nsan Ql\u00fckaqonab\u0259nz\u0259r peptid-1-in (QBP-1) analoqudur.\nLiraqlutide 24 saatl\u0131q t\u0259sir\u0259 malikdir v\u0259 2 tip \u015f\u0259k\u0259rli diabet x\u0259st\u0259l\u0259rd\u0259 acl\u0131q v\u0259 yem\u0259kd\u0259n sonra qanda ql\u00fckoza s\u0259viyy\u0259sini a\u015fa\u011f\u0131 salmaqla qlikemik n\u0259zar\u0259ti yax\u015f\u0131la\u015fd\u0131r\u0131r. Inyeksiya \u00fc\u00e7\u00fcn \u0259vv\u0259lc\u0259d\u0259n doldurulmu\u015f q\u0259l\u0259mdir 3 ml\/18 mq.<br><\/span><\/h5><h5 style=\"text-align: left;\" class=\"translation-block\"><a href=\"http:\/\/laraglan.com\/\" target=\"_blank\" rel=\"noopener\">Laraglan\u00ae\ufe0f\u00a0<\/a><span style=\"color: #0c4465\">\nh\u0259kim t\u0259r\u0259find\u0259n t\u0259yin olunmal\u0131d\u0131r, istifad\u0259d\u0259n \u0259vv\u0259l <a href=\"https:\/\/parlapharma.com\/az\/laraglan-ins\/\" target=\"_blank\" rel=\"noopener\">t\u0259limatla<\/a> tan\u0131\u015f olun.<\/h5>\t\t\t\t\t\t\t\t<\/div>\n\t\t\t\t<\/div>\n\t\t\t\t<\/div>\n\t\t<div class=\"elementor-element elementor-element-d0c4ba6 e-con-full e-flex e-con e-child\" data-id=\"d0c4ba6\" data-element_type=\"container\" data-settings=\"{&quot;background_background&quot;:&quot;classic&quot;}\">\n\t\t\t\t<div class=\"elementor-element elementor-element-1e4666e elementor-widget elementor-widget-image\" data-id=\"1e4666e\" data-element_type=\"widget\" data-widget_type=\"image.default\">\n\t\t\t\t<div class=\"elementor-widget-container\">\n\t\t\t\t\t\t\t\t\t\t\t\t\t\t\t<img decoding=\"async\" width=\"1024\" height=\"468\" src=\"https:\/\/parlapharma.com\/wp-content\/uploads\/2023\/08\/laraglan-qutu-1024x468.png\" class=\"attachment-large size-large wp-image-3937\" alt=\"\" srcset=\"https:\/\/parlapharma.com\/wp-content\/uploads\/2023\/08\/laraglan-qutu-1024x468.png 1024w, https:\/\/parlapharma.com\/wp-content\/uploads\/2023\/08\/laraglan-qutu-300x137.png 300w, https:\/\/parlapharma.com\/wp-content\/uploads\/2023\/08\/laraglan-qutu-768x351.png 768w, https:\/\/parlapharma.com\/wp-content\/uploads\/2023\/08\/laraglan-qutu-1536x702.png 1536w, https:\/\/parlapharma.com\/wp-content\/uploads\/2023\/08\/laraglan-qutu-2048x936.png 2048w, https:\/\/parlapharma.com\/wp-content\/uploads\/2023\/08\/laraglan-qutu-18x8.png 18w\" sizes=\"(max-width: 1024px) 100vw, 1024px\" \/>\t\t\t\t\t\t\t\t\t\t\t\t\t\t\t<\/div>\n\t\t\t\t<\/div>\n\t\t\t\t<\/div>\n\t\t\t\t\t<\/div>\n\t\t\t\t<\/div>\n\t\t\t\t<\/div>","protected":false},"excerpt":{"rendered":"<p>Products Diabetes Diasmet\u00ae INN:\u00a0MetforminDiasmet\u00ae\ufe0f\u00a0&#8211; treatment of type 2 diabetes mellitus,\u00a0particularly in over weight patients, when dietary management and exercise alone does not result in adequate glycaemic control. Diasmet\u00ae\ufe0f\u00a0should be prescribed by a doctor, read the\u00a0instructions\u00a0before use. Diasmet\u00aeER INN:&nbsp;Metformin HydrochlorideDiasmet\u00ae\ufe0fER- treatment of type 2 diabetes mellitus,&nbsp;particularly in over weight patients, when dietary management and exercise alone [&hellip;]<\/p>","protected":false},"author":1,"featured_media":0,"parent":0,"menu_order":0,"comment_status":"closed","ping_status":"closed","template":"","meta":{"site-sidebar-layout":"no-sidebar","site-content-layout":"page-builder","ast-site-content-layout":"full-width-container","site-content-style":"default","site-sidebar-style":"default","ast-global-header-display":"","ast-banner-title-visibility":"","ast-main-header-display":"","ast-hfb-above-header-display":"","ast-hfb-below-header-display":"","ast-hfb-mobile-header-display":"","site-post-title":"disabled","ast-breadcrumbs-content":"","ast-featured-img":"disabled","footer-sml-layout":"","ast-disable-related-posts":"","theme-transparent-header-meta":"","adv-header-id-meta":"","stick-header-meta":"","header-above-stick-meta":"","header-main-stick-meta":"","header-below-stick-meta":"","astra-migrate-meta-layouts":"set","ast-page-background-enabled":"default","ast-page-background-meta":{"desktop":{"background-color":"","background-image":"","background-repeat":"repeat","background-position":"center center","background-size":"auto","background-attachment":"scroll","background-type":"","background-media":"","overlay-type":"","overlay-color":"","overlay-opacity":"","overlay-gradient":""},"tablet":{"background-color":"","background-image":"","background-repeat":"repeat","background-position":"center center","background-size":"auto","background-attachment":"scroll","background-type":"","background-media":"","overlay-type":"","overlay-color":"","overlay-opacity":"","overlay-gradient":""},"mobile":{"background-color":"","background-image":"","background-repeat":"repeat","background-position":"center center","background-size":"auto","background-attachment":"scroll","background-type":"","background-media":"","overlay-type":"","overlay-color":"","overlay-opacity":"","overlay-gradient":""}},"ast-content-background-meta":{"desktop":{"background-color":"var(--ast-global-color-5)","background-image":"","background-repeat":"repeat","background-position":"center center","background-size":"auto","background-attachment":"scroll","background-type":"","background-media":"","overlay-type":"","overlay-color":"","overlay-opacity":"","overlay-gradient":""},"tablet":{"background-color":"var(--ast-global-color-5)","background-image":"","background-repeat":"repeat","background-position":"center center","background-size":"auto","background-attachment":"scroll","background-type":"","background-media":"","overlay-type":"","overlay-color":"","overlay-opacity":"","overlay-gradient":""},"mobile":{"background-color":"var(--ast-global-color-5)","background-image":"","background-repeat":"repeat","background-position":"center center","background-size":"auto","background-attachment":"scroll","background-type":"","background-media":"","overlay-type":"","overlay-color":"","overlay-opacity":"","overlay-gradient":""}},"footnotes":""},"class_list":["post-4754","page","type-page","status-publish","hentry"],"yoast_head":"<!-- This site is optimized with the Yoast SEO plugin v26.5 - https:\/\/yoast.com\/wordpress\/plugins\/seo\/ -->\n<title>Diabet - Parlapharmaceuticals<\/title>\n<meta name=\"robots\" content=\"index, follow, max-snippet:-1, max-image-preview:large, max-video-preview:-1\" \/>\n<link rel=\"canonical\" href=\"https:\/\/parlapharma.com\/az\/diabet\/\" \/>\n<meta property=\"og:locale\" content=\"az_AZ\" \/>\n<meta property=\"og:type\" content=\"article\" \/>\n<meta property=\"og:title\" content=\"Diabet - Parlapharmaceuticals\" \/>\n<meta property=\"og:description\" content=\"Products Diabetes Diasmet\u00ae INN:\u00a0MetforminDiasmet\u00ae\ufe0f\u00a0&#8211; treatment of type 2 diabetes mellitus,\u00a0particularly in over weight patients, when dietary management and exercise alone does not result in adequate glycaemic control. Diasmet\u00ae\ufe0f\u00a0should be prescribed by a doctor, read the\u00a0instructions\u00a0before use. Diasmet\u00aeER INN:&nbsp;Metformin HydrochlorideDiasmet\u00ae\ufe0fER- treatment of type 2 diabetes mellitus,&nbsp;particularly in over weight patients, when dietary management and exercise alone [&hellip;]\" \/>\n<meta property=\"og:url\" content=\"https:\/\/parlapharma.com\/az\/diabet\/\" \/>\n<meta property=\"og:site_name\" content=\"Parlapharmaceuticals\" \/>\n<meta property=\"article:publisher\" content=\"https:\/\/www.facebook.com\/parlapharma\/\" \/>\n<meta property=\"article:modified_time\" content=\"2024-04-17T22:48:23+00:00\" \/>\n<meta property=\"og:image\" content=\"https:\/\/parlapharma.com\/wp-content\/uploads\/2023\/08\/DSCF5664-10-1024x683.png\" \/>\n<meta name=\"twitter:card\" content=\"summary_large_image\" \/>\n<meta name=\"twitter:label1\" content=\"Est. reading time\" \/>\n\t<meta name=\"twitter:data1\" content=\"2 minutes\" \/>\n<script type=\"application\/ld+json\" class=\"yoast-schema-graph\">{\"@context\":\"https:\/\/schema.org\",\"@graph\":[{\"@type\":\"WebPage\",\"@id\":\"https:\/\/parlapharma.com\/diabet\/\",\"url\":\"https:\/\/parlapharma.com\/diabet\/\",\"name\":\"Diabet - Parlapharmaceuticals\",\"isPartOf\":{\"@id\":\"https:\/\/parlapharma.com\/#website\"},\"primaryImageOfPage\":{\"@id\":\"https:\/\/parlapharma.com\/diabet\/#primaryimage\"},\"image\":{\"@id\":\"https:\/\/parlapharma.com\/diabet\/#primaryimage\"},\"thumbnailUrl\":\"https:\/\/parlapharma.com\/wp-content\/uploads\/2023\/08\/DSCF5664-10-1024x683.png\",\"datePublished\":\"2023-10-09T13:20:00+00:00\",\"dateModified\":\"2024-04-17T22:48:23+00:00\",\"breadcrumb\":{\"@id\":\"https:\/\/parlapharma.com\/diabet\/#breadcrumb\"},\"inLanguage\":\"az\",\"potentialAction\":[{\"@type\":\"ReadAction\",\"target\":[\"https:\/\/parlapharma.com\/diabet\/\"]}]},{\"@type\":\"ImageObject\",\"inLanguage\":\"az\",\"@id\":\"https:\/\/parlapharma.com\/diabet\/#primaryimage\",\"url\":\"https:\/\/parlapharma.com\/wp-content\/uploads\/2023\/08\/DSCF5664-10-1024x683.png\",\"contentUrl\":\"https:\/\/parlapharma.com\/wp-content\/uploads\/2023\/08\/DSCF5664-10-1024x683.png\"},{\"@type\":\"BreadcrumbList\",\"@id\":\"https:\/\/parlapharma.com\/diabet\/#breadcrumb\",\"itemListElement\":[{\"@type\":\"ListItem\",\"position\":1,\"name\":\"Home\",\"item\":\"https:\/\/parlapharma.com\/\"},{\"@type\":\"ListItem\",\"position\":2,\"name\":\"Diabet\"}]},{\"@type\":\"WebSite\",\"@id\":\"https:\/\/parlapharma.com\/#website\",\"url\":\"https:\/\/parlapharma.com\/\",\"name\":\"Parlapharmaceuticals\",\"description\":\"Pharmaceuticals site\",\"publisher\":{\"@id\":\"https:\/\/parlapharma.com\/#organization\"},\"potentialAction\":[{\"@type\":\"SearchAction\",\"target\":{\"@type\":\"EntryPoint\",\"urlTemplate\":\"https:\/\/parlapharma.com\/?s={search_term_string}\"},\"query-input\":{\"@type\":\"PropertyValueSpecification\",\"valueRequired\":true,\"valueName\":\"search_term_string\"}}],\"inLanguage\":\"az\"},{\"@type\":\"Organization\",\"@id\":\"https:\/\/parlapharma.com\/#organization\",\"name\":\"Parlapharmaceuticlas\",\"url\":\"https:\/\/parlapharma.com\/\",\"logo\":{\"@type\":\"ImageObject\",\"inLanguage\":\"az\",\"@id\":\"https:\/\/parlapharma.com\/#\/schema\/logo\/image\/\",\"url\":\"https:\/\/parlapharma.com\/wp-content\/uploads\/2022\/07\/LOGO-Big-1.png\",\"contentUrl\":\"https:\/\/parlapharma.com\/wp-content\/uploads\/2022\/07\/LOGO-Big-1.png\",\"width\":6890,\"height\":3776,\"caption\":\"Parlapharmaceuticlas\"},\"image\":{\"@id\":\"https:\/\/parlapharma.com\/#\/schema\/logo\/image\/\"},\"sameAs\":[\"https:\/\/www.facebook.com\/parlapharma\/\",\"https:\/\/www.instagram.com\/parlapharma\/\",\"https:\/\/www.youtube.com\/channel\/UCeGsUOlyz-DgZFruHcz39gQ\"]}]}<\/script>\n<!-- \/ Yoast SEO plugin. -->","yoast_head_json":{"title":"Diabet - Parlapharmaceuticals","robots":{"index":"index","follow":"follow","max-snippet":"max-snippet:-1","max-image-preview":"max-image-preview:large","max-video-preview":"max-video-preview:-1"},"canonical":"https:\/\/parlapharma.com\/az\/diabet\/","og_locale":"az_AZ","og_type":"article","og_title":"Diabet - Parlapharmaceuticals","og_description":"Products Diabetes Diasmet\u00ae INN:\u00a0MetforminDiasmet\u00ae\ufe0f\u00a0&#8211; treatment of type 2 diabetes mellitus,\u00a0particularly in over weight patients, when dietary management and exercise alone does not result in adequate glycaemic control. Diasmet\u00ae\ufe0f\u00a0should be prescribed by a doctor, read the\u00a0instructions\u00a0before use. Diasmet\u00aeER INN:&nbsp;Metformin HydrochlorideDiasmet\u00ae\ufe0fER- treatment of type 2 diabetes mellitus,&nbsp;particularly in over weight patients, when dietary management and exercise alone [&hellip;]","og_url":"https:\/\/parlapharma.com\/az\/diabet\/","og_site_name":"Parlapharmaceuticals","article_publisher":"https:\/\/www.facebook.com\/parlapharma\/","article_modified_time":"2024-04-17T22:48:23+00:00","og_image":[{"url":"https:\/\/parlapharma.com\/wp-content\/uploads\/2023\/08\/DSCF5664-10-1024x683.png","type":"","width":"","height":""}],"twitter_card":"summary_large_image","twitter_misc":{"Est. reading time":"2 minutes"},"schema":{"@context":"https:\/\/schema.org","@graph":[{"@type":"WebPage","@id":"https:\/\/parlapharma.com\/diabet\/","url":"https:\/\/parlapharma.com\/diabet\/","name":"Diabet - Parlapharmaceuticals","isPartOf":{"@id":"https:\/\/parlapharma.com\/#website"},"primaryImageOfPage":{"@id":"https:\/\/parlapharma.com\/diabet\/#primaryimage"},"image":{"@id":"https:\/\/parlapharma.com\/diabet\/#primaryimage"},"thumbnailUrl":"https:\/\/parlapharma.com\/wp-content\/uploads\/2023\/08\/DSCF5664-10-1024x683.png","datePublished":"2023-10-09T13:20:00+00:00","dateModified":"2024-04-17T22:48:23+00:00","breadcrumb":{"@id":"https:\/\/parlapharma.com\/diabet\/#breadcrumb"},"inLanguage":"az","potentialAction":[{"@type":"ReadAction","target":["https:\/\/parlapharma.com\/diabet\/"]}]},{"@type":"ImageObject","inLanguage":"az","@id":"https:\/\/parlapharma.com\/diabet\/#primaryimage","url":"https:\/\/parlapharma.com\/wp-content\/uploads\/2023\/08\/DSCF5664-10-1024x683.png","contentUrl":"https:\/\/parlapharma.com\/wp-content\/uploads\/2023\/08\/DSCF5664-10-1024x683.png"},{"@type":"BreadcrumbList","@id":"https:\/\/parlapharma.com\/diabet\/#breadcrumb","itemListElement":[{"@type":"ListItem","position":1,"name":"Home","item":"https:\/\/parlapharma.com\/"},{"@type":"ListItem","position":2,"name":"Diabet"}]},{"@type":"WebSite","@id":"https:\/\/parlapharma.com\/#website","url":"https:\/\/parlapharma.com\/","name":"Parlapharmaceuticals","description":"Pharmaceuticals site","publisher":{"@id":"https:\/\/parlapharma.com\/#organization"},"potentialAction":[{"@type":"SearchAction","target":{"@type":"EntryPoint","urlTemplate":"https:\/\/parlapharma.com\/?s={search_term_string}"},"query-input":{"@type":"PropertyValueSpecification","valueRequired":true,"valueName":"search_term_string"}}],"inLanguage":"az"},{"@type":"Organization","@id":"https:\/\/parlapharma.com\/#organization","name":"Parlapharmaceuticlas","url":"https:\/\/parlapharma.com\/","logo":{"@type":"ImageObject","inLanguage":"az","@id":"https:\/\/parlapharma.com\/#\/schema\/logo\/image\/","url":"https:\/\/parlapharma.com\/wp-content\/uploads\/2022\/07\/LOGO-Big-1.png","contentUrl":"https:\/\/parlapharma.com\/wp-content\/uploads\/2022\/07\/LOGO-Big-1.png","width":6890,"height":3776,"caption":"Parlapharmaceuticlas"},"image":{"@id":"https:\/\/parlapharma.com\/#\/schema\/logo\/image\/"},"sameAs":["https:\/\/www.facebook.com\/parlapharma\/","https:\/\/www.instagram.com\/parlapharma\/","https:\/\/www.youtube.com\/channel\/UCeGsUOlyz-DgZFruHcz39gQ"]}]}},"jetpack_sharing_enabled":true,"_links":{"self":[{"href":"https:\/\/parlapharma.com\/az\/wp-json\/wp\/v2\/pages\/4754","targetHints":{"allow":["GET"]}}],"collection":[{"href":"https:\/\/parlapharma.com\/az\/wp-json\/wp\/v2\/pages"}],"about":[{"href":"https:\/\/parlapharma.com\/az\/wp-json\/wp\/v2\/types\/page"}],"author":[{"embeddable":true,"href":"https:\/\/parlapharma.com\/az\/wp-json\/wp\/v2\/users\/1"}],"replies":[{"embeddable":true,"href":"https:\/\/parlapharma.com\/az\/wp-json\/wp\/v2\/comments?post=4754"}],"version-history":[{"count":20,"href":"https:\/\/parlapharma.com\/az\/wp-json\/wp\/v2\/pages\/4754\/revisions"}],"predecessor-version":[{"id":5455,"href":"https:\/\/parlapharma.com\/az\/wp-json\/wp\/v2\/pages\/4754\/revisions\/5455"}],"wp:attachment":[{"href":"https:\/\/parlapharma.com\/az\/wp-json\/wp\/v2\/media?parent=4754"}],"curies":[{"name":"wp","href":"https:\/\/api.w.org\/{rel}","templated":true}]}}