{"id":5357,"date":"2024-02-14T15:45:51","date_gmt":"2024-02-14T11:45:51","guid":{"rendered":"https:\/\/parlapharma.com\/?page_id=5357"},"modified":"2024-02-15T10:06:18","modified_gmt":"2024-02-15T06:06:18","slug":"first-patient-samples-meeting-of-the-azerbaijan-society-of-endocrinologists","status":"publish","type":"page","link":"https:\/\/parlapharma.com\/az\/first-patient-samples-meeting-of-the-azerbaijan-society-of-endocrinologists\/","title":{"rendered":"first &#8220;Patient Samples&#8221; meeting of the Azerbaijan Society of Endocrinologists"},"content":{"rendered":"<div data-elementor-type=\"wp-page\" data-elementor-id=\"5357\" class=\"elementor elementor-5357\" data-elementor-post-type=\"page\">\n\t\t\t\t\t\t<section class=\"elementor-section elementor-top-section elementor-element elementor-element-e46bbfd elementor-section-boxed elementor-section-height-default elementor-section-height-default\" data-id=\"e46bbfd\" data-element_type=\"section\" data-settings=\"{&quot;background_background&quot;:&quot;classic&quot;}\">\n\t\t\t\t\t\t\t<div class=\"elementor-background-overlay\"><\/div>\n\t\t\t\t\t\t\t<div class=\"elementor-container elementor-column-gap-default\">\n\t\t\t\t\t<div class=\"elementor-column elementor-col-100 elementor-top-column elementor-element elementor-element-a2a35e0\" data-id=\"a2a35e0\" data-element_type=\"column\">\n\t\t\t<div class=\"elementor-widget-wrap elementor-element-populated\">\n\t\t\t\t\t\t<div class=\"elementor-element elementor-element-9c1563 elementor-widget__width-auto elementor-view-default elementor-widget elementor-widget-icon\" data-id=\"9c1563\" data-element_type=\"widget\" data-widget_type=\"icon.default\">\n\t\t\t\t<div class=\"elementor-widget-container\">\n\t\t\t\t\t\t\t<div class=\"elementor-icon-wrapper\">\n\t\t\t<div class=\"elementor-icon\">\n\t\t\t<i aria-hidden=\"true\" class=\"jki jki-user-light\"><\/i>\t\t\t<\/div>\n\t\t<\/div>\n\t\t\t\t\t\t<\/div>\n\t\t\t\t<\/div>\n\t\t\t\t<div class=\"elementor-element elementor-element-471489a7 elementor-widget__width-auto elementor-view-default elementor-widget elementor-widget-icon\" data-id=\"471489a7\" data-element_type=\"widget\" data-widget_type=\"icon.default\">\n\t\t\t\t<div class=\"elementor-widget-container\">\n\t\t\t\t\t\t\t<div class=\"elementor-icon-wrapper\">\n\t\t\t<div class=\"elementor-icon\">\n\t\t\t<i aria-hidden=\"true\" class=\"jki jki-clock2-light\"><\/i>\t\t\t<\/div>\n\t\t<\/div>\n\t\t\t\t\t\t<\/div>\n\t\t\t\t<\/div>\n\t\t\t\t\t<\/div>\n\t\t<\/div>\n\t\t\t\t\t<\/div>\n\t\t<\/section>\n\t\t<div class=\"elementor-element elementor-element-2254875 e-flex e-con-boxed e-con e-parent\" data-id=\"2254875\" data-element_type=\"container\">\n\t\t\t\t\t<div class=\"e-con-inner\">\n\t\t\t\t<div class=\"elementor-element elementor-element-22db089 elementor-widget elementor-widget-text-editor\" data-id=\"22db089\" data-element_type=\"widget\" data-widget_type=\"text-editor.default\">\n\t\t\t\t<div class=\"elementor-widget-container\">\n\t\t\t\t\t\t\t\t\t<p><span style=\"font-style: inherit; font-weight: inherit; color: var( --e-global-color-text ); font-family: var( --e-global-typography-primary-font-family ), Sans-serif; text-align: var(--text-align);\">\u00a0<\/span><\/p><p><span style=\"font-style: inherit; font-weight: inherit; color: var( --e-global-color-text ); font-family: var( --e-global-typography-primary-font-family ), Sans-serif; text-align: var(--text-align);\">9 fevral 2024-c\u00fc il tarixind\u0259 \"Parla Pharmaceuticals\" \u015firk\u0259ti Az\u0259rbaycan Endokrinoloqlar C\u0259miyy\u0259tinin ilk \u201cX\u0259st\u0259 N\u00fcmun\u0259l\u0259ri\u201d adl\u0131 toplant\u0131s\u0131nda i\u015ftirak etdi.<\/span><\/p><p class=\"translation-block\">T\u0259dbird\u0259 3 x\u0259st\u0259nin \u0259trafl\u0131 t\u0259hlili v\u0259 birg\u0259 fikir m\u00fcbadil\u0259si apar\u0131ld\u0131, \u0259trafl\u0131 sual-cavab sessiyas\u0131 ba\u015f tutdu. Az\u0259rbaycan Endokrinoloqlar C\u0259miyy\u0259ti x\u0259st\u0259l\u0259r n\u00fcm\u00fcn\u0259l\u0259ri \u00fcz\u0259rind\u0259 apar\u0131lan toplant\u0131lar\u0131 m\u00fcnt\u0259z\u0259m ke\u00e7irm\u0259yi planla\u015fd\u0131r\u0131r.  \nParla olaraq, Az\u0259rbaycan Endokrinoloqlar C\u0259miyy\u0259tin\u0259 f\u0259aliyy\u0259tind\u0259 b\u00f6y\u00fck u\u011furlar\u00a0arzu\u00a0edirik.<\/p>\t\t\t\t\t\t\t\t<\/div>\n\t\t\t\t<\/div>\n\t\t\t\t\t<\/div>\n\t\t\t\t<\/div>\n\t\t<div class=\"elementor-element elementor-element-dd9710b e-flex e-con-boxed e-con e-parent\" data-id=\"dd9710b\" data-element_type=\"container\">\n\t\t\t\t\t<div class=\"e-con-inner\">\n\t\t\t\t<div class=\"elementor-element elementor-element-2d317eb elementor-widget elementor-widget-video\" data-id=\"2d317eb\" data-element_type=\"widget\" data-settings=\"{&quot;video_type&quot;:&quot;hosted&quot;,&quot;controls&quot;:&quot;yes&quot;}\" data-widget_type=\"video.default\">\n\t\t\t\t<div class=\"elementor-widget-container\">\n\t\t\t\t\t\t\t<div class=\"e-hosted-video elementor-wrapper elementor-open-inline\">\n\t\t\t\t\t<video class=\"elementor-video\" src=\"https:\/\/parlapharma.com\/wp-content\/uploads\/2024\/02\/Parla-9fevral-1.1_2.mp4\" controls=\"\" preload=\"metadata\" controlslist=\"nodownload\"><\/video>\n\t\t\t\t<\/div>\n\t\t\t\t\t\t<\/div>\n\t\t\t\t<\/div>\n\t\t\t\t\t<\/div>\n\t\t\t\t<\/div>\n\t\t\t\t<\/div>","protected":false},"excerpt":{"rendered":"<p>\u00a0 On February 9, 2024, &#8220;Parla Pharmaceuticals&#8221; company participated in the first &#8220;Patient Samples&#8221; meeting of the Azerbaijan Society of Endocrinologists. At the event, a detailed analysis of 3 patients and a joint exchange of ideas were carried out, and a detailed question-and-answer session took place. Azerbaijan Society of Endocrinologists plans to hold regular meetings [&hellip;]<\/p>","protected":false},"author":1,"featured_media":0,"parent":0,"menu_order":0,"comment_status":"closed","ping_status":"closed","template":"","meta":{"site-sidebar-layout":"no-sidebar","site-content-layout":"page-builder","ast-site-content-layout":"full-width-container","site-content-style":"default","site-sidebar-style":"default","ast-global-header-display":"","ast-banner-title-visibility":"","ast-main-header-display":"","ast-hfb-above-header-display":"","ast-hfb-below-header-display":"","ast-hfb-mobile-header-display":"","site-post-title":"disabled","ast-breadcrumbs-content":"","ast-featured-img":"disabled","footer-sml-layout":"","ast-disable-related-posts":"","theme-transparent-header-meta":"","adv-header-id-meta":"","stick-header-meta":"","header-above-stick-meta":"","header-main-stick-meta":"","header-below-stick-meta":"","astra-migrate-meta-layouts":"set","ast-page-background-enabled":"default","ast-page-background-meta":{"desktop":{"background-color":"","background-image":"","background-repeat":"repeat","background-position":"center center","background-size":"auto","background-attachment":"scroll","background-type":"","background-media":"","overlay-type":"","overlay-color":"","overlay-opacity":"","overlay-gradient":""},"tablet":{"background-color":"","background-image":"","background-repeat":"repeat","background-position":"center center","background-size":"auto","background-attachment":"scroll","background-type":"","background-media":"","overlay-type":"","overlay-color":"","overlay-opacity":"","overlay-gradient":""},"mobile":{"background-color":"","background-image":"","background-repeat":"repeat","background-position":"center center","background-size":"auto","background-attachment":"scroll","background-type":"","background-media":"","overlay-type":"","overlay-color":"","overlay-opacity":"","overlay-gradient":""}},"ast-content-background-meta":{"desktop":{"background-color":"var(--ast-global-color-5)","background-image":"","background-repeat":"repeat","background-position":"center center","background-size":"auto","background-attachment":"scroll","background-type":"","background-media":"","overlay-type":"","overlay-color":"","overlay-opacity":"","overlay-gradient":""},"tablet":{"background-color":"var(--ast-global-color-5)","background-image":"","background-repeat":"repeat","background-position":"center center","background-size":"auto","background-attachment":"scroll","background-type":"","background-media":"","overlay-type":"","overlay-color":"","overlay-opacity":"","overlay-gradient":""},"mobile":{"background-color":"var(--ast-global-color-5)","background-image":"","background-repeat":"repeat","background-position":"center center","background-size":"auto","background-attachment":"scroll","background-type":"","background-media":"","overlay-type":"","overlay-color":"","overlay-opacity":"","overlay-gradient":""}},"footnotes":""},"class_list":["post-5357","page","type-page","status-publish","hentry"],"yoast_head":"<!-- This site is optimized with the Yoast SEO plugin v26.5 - https:\/\/yoast.com\/wordpress\/plugins\/seo\/ -->\n<title>first &quot;Patient Samples&quot; meeting of the Azerbaijan Society of Endocrinologists - Parlapharmaceuticals<\/title>\n<meta name=\"robots\" content=\"index, follow, max-snippet:-1, max-image-preview:large, max-video-preview:-1\" \/>\n<link rel=\"canonical\" href=\"https:\/\/parlapharma.com\/az\/first-patient-samples-meeting-of-the-azerbaijan-society-of-endocrinologists\/\" \/>\n<meta property=\"og:locale\" content=\"az_AZ\" \/>\n<meta property=\"og:type\" content=\"article\" \/>\n<meta property=\"og:title\" content=\"first &quot;Patient Samples&quot; meeting of the Azerbaijan Society of Endocrinologists - Parlapharmaceuticals\" \/>\n<meta property=\"og:description\" content=\"\u00a0 On February 9, 2024, &#8220;Parla Pharmaceuticals&#8221; company participated in the first &#8220;Patient Samples&#8221; meeting of the Azerbaijan Society of Endocrinologists. At the event, a detailed analysis of 3 patients and a joint exchange of ideas were carried out, and a detailed question-and-answer session took place. Azerbaijan Society of Endocrinologists plans to hold regular meetings [&hellip;]\" \/>\n<meta property=\"og:url\" content=\"https:\/\/parlapharma.com\/az\/first-patient-samples-meeting-of-the-azerbaijan-society-of-endocrinologists\/\" \/>\n<meta property=\"og:site_name\" content=\"Parlapharmaceuticals\" \/>\n<meta property=\"article:publisher\" content=\"https:\/\/www.facebook.com\/parlapharma\/\" \/>\n<meta property=\"article:modified_time\" content=\"2024-02-15T06:06:18+00:00\" \/>\n<meta name=\"twitter:card\" content=\"summary_large_image\" \/>\n<meta name=\"twitter:label1\" content=\"Est. reading time\" \/>\n\t<meta name=\"twitter:data1\" content=\"1 minute\" \/>\n<script type=\"application\/ld+json\" class=\"yoast-schema-graph\">{\"@context\":\"https:\/\/schema.org\",\"@graph\":[{\"@type\":\"WebPage\",\"@id\":\"https:\/\/parlapharma.com\/first-patient-samples-meeting-of-the-azerbaijan-society-of-endocrinologists\/\",\"url\":\"https:\/\/parlapharma.com\/first-patient-samples-meeting-of-the-azerbaijan-society-of-endocrinologists\/\",\"name\":\"first \\\"Patient Samples\\\" meeting of the Azerbaijan Society of Endocrinologists - Parlapharmaceuticals\",\"isPartOf\":{\"@id\":\"https:\/\/parlapharma.com\/#website\"},\"datePublished\":\"2024-02-14T11:45:51+00:00\",\"dateModified\":\"2024-02-15T06:06:18+00:00\",\"breadcrumb\":{\"@id\":\"https:\/\/parlapharma.com\/first-patient-samples-meeting-of-the-azerbaijan-society-of-endocrinologists\/#breadcrumb\"},\"inLanguage\":\"az\",\"potentialAction\":[{\"@type\":\"ReadAction\",\"target\":[\"https:\/\/parlapharma.com\/first-patient-samples-meeting-of-the-azerbaijan-society-of-endocrinologists\/\"]}]},{\"@type\":\"BreadcrumbList\",\"@id\":\"https:\/\/parlapharma.com\/first-patient-samples-meeting-of-the-azerbaijan-society-of-endocrinologists\/#breadcrumb\",\"itemListElement\":[{\"@type\":\"ListItem\",\"position\":1,\"name\":\"Home\",\"item\":\"https:\/\/parlapharma.com\/\"},{\"@type\":\"ListItem\",\"position\":2,\"name\":\"first &#8220;Patient Samples&#8221; meeting of the Azerbaijan Society of Endocrinologists\"}]},{\"@type\":\"WebSite\",\"@id\":\"https:\/\/parlapharma.com\/#website\",\"url\":\"https:\/\/parlapharma.com\/\",\"name\":\"Parlapharmaceuticals\",\"description\":\"Pharmaceuticals site\",\"publisher\":{\"@id\":\"https:\/\/parlapharma.com\/#organization\"},\"potentialAction\":[{\"@type\":\"SearchAction\",\"target\":{\"@type\":\"EntryPoint\",\"urlTemplate\":\"https:\/\/parlapharma.com\/?s={search_term_string}\"},\"query-input\":{\"@type\":\"PropertyValueSpecification\",\"valueRequired\":true,\"valueName\":\"search_term_string\"}}],\"inLanguage\":\"az\"},{\"@type\":\"Organization\",\"@id\":\"https:\/\/parlapharma.com\/#organization\",\"name\":\"Parlapharmaceuticlas\",\"url\":\"https:\/\/parlapharma.com\/\",\"logo\":{\"@type\":\"ImageObject\",\"inLanguage\":\"az\",\"@id\":\"https:\/\/parlapharma.com\/#\/schema\/logo\/image\/\",\"url\":\"https:\/\/parlapharma.com\/wp-content\/uploads\/2022\/07\/LOGO-Big-1.png\",\"contentUrl\":\"https:\/\/parlapharma.com\/wp-content\/uploads\/2022\/07\/LOGO-Big-1.png\",\"width\":6890,\"height\":3776,\"caption\":\"Parlapharmaceuticlas\"},\"image\":{\"@id\":\"https:\/\/parlapharma.com\/#\/schema\/logo\/image\/\"},\"sameAs\":[\"https:\/\/www.facebook.com\/parlapharma\/\",\"https:\/\/www.instagram.com\/parlapharma\/\",\"https:\/\/www.youtube.com\/channel\/UCeGsUOlyz-DgZFruHcz39gQ\"]}]}<\/script>\n<!-- \/ Yoast SEO plugin. -->","yoast_head_json":{"title":"first \"Patient Samples\" meeting of the Azerbaijan Society of Endocrinologists - Parlapharmaceuticals","robots":{"index":"index","follow":"follow","max-snippet":"max-snippet:-1","max-image-preview":"max-image-preview:large","max-video-preview":"max-video-preview:-1"},"canonical":"https:\/\/parlapharma.com\/az\/first-patient-samples-meeting-of-the-azerbaijan-society-of-endocrinologists\/","og_locale":"az_AZ","og_type":"article","og_title":"first \"Patient Samples\" meeting of the Azerbaijan Society of Endocrinologists - Parlapharmaceuticals","og_description":"\u00a0 On February 9, 2024, &#8220;Parla Pharmaceuticals&#8221; company participated in the first &#8220;Patient Samples&#8221; meeting of the Azerbaijan Society of Endocrinologists. At the event, a detailed analysis of 3 patients and a joint exchange of ideas were carried out, and a detailed question-and-answer session took place. Azerbaijan Society of Endocrinologists plans to hold regular meetings [&hellip;]","og_url":"https:\/\/parlapharma.com\/az\/first-patient-samples-meeting-of-the-azerbaijan-society-of-endocrinologists\/","og_site_name":"Parlapharmaceuticals","article_publisher":"https:\/\/www.facebook.com\/parlapharma\/","article_modified_time":"2024-02-15T06:06:18+00:00","twitter_card":"summary_large_image","twitter_misc":{"Est. reading time":"1 minute"},"schema":{"@context":"https:\/\/schema.org","@graph":[{"@type":"WebPage","@id":"https:\/\/parlapharma.com\/first-patient-samples-meeting-of-the-azerbaijan-society-of-endocrinologists\/","url":"https:\/\/parlapharma.com\/first-patient-samples-meeting-of-the-azerbaijan-society-of-endocrinologists\/","name":"first \"Patient Samples\" meeting of the Azerbaijan Society of Endocrinologists - Parlapharmaceuticals","isPartOf":{"@id":"https:\/\/parlapharma.com\/#website"},"datePublished":"2024-02-14T11:45:51+00:00","dateModified":"2024-02-15T06:06:18+00:00","breadcrumb":{"@id":"https:\/\/parlapharma.com\/first-patient-samples-meeting-of-the-azerbaijan-society-of-endocrinologists\/#breadcrumb"},"inLanguage":"az","potentialAction":[{"@type":"ReadAction","target":["https:\/\/parlapharma.com\/first-patient-samples-meeting-of-the-azerbaijan-society-of-endocrinologists\/"]}]},{"@type":"BreadcrumbList","@id":"https:\/\/parlapharma.com\/first-patient-samples-meeting-of-the-azerbaijan-society-of-endocrinologists\/#breadcrumb","itemListElement":[{"@type":"ListItem","position":1,"name":"Home","item":"https:\/\/parlapharma.com\/"},{"@type":"ListItem","position":2,"name":"first &#8220;Patient Samples&#8221; meeting of the Azerbaijan Society of Endocrinologists"}]},{"@type":"WebSite","@id":"https:\/\/parlapharma.com\/#website","url":"https:\/\/parlapharma.com\/","name":"Parlapharmaceuticals","description":"Pharmaceuticals site","publisher":{"@id":"https:\/\/parlapharma.com\/#organization"},"potentialAction":[{"@type":"SearchAction","target":{"@type":"EntryPoint","urlTemplate":"https:\/\/parlapharma.com\/?s={search_term_string}"},"query-input":{"@type":"PropertyValueSpecification","valueRequired":true,"valueName":"search_term_string"}}],"inLanguage":"az"},{"@type":"Organization","@id":"https:\/\/parlapharma.com\/#organization","name":"Parlapharmaceuticlas","url":"https:\/\/parlapharma.com\/","logo":{"@type":"ImageObject","inLanguage":"az","@id":"https:\/\/parlapharma.com\/#\/schema\/logo\/image\/","url":"https:\/\/parlapharma.com\/wp-content\/uploads\/2022\/07\/LOGO-Big-1.png","contentUrl":"https:\/\/parlapharma.com\/wp-content\/uploads\/2022\/07\/LOGO-Big-1.png","width":6890,"height":3776,"caption":"Parlapharmaceuticlas"},"image":{"@id":"https:\/\/parlapharma.com\/#\/schema\/logo\/image\/"},"sameAs":["https:\/\/www.facebook.com\/parlapharma\/","https:\/\/www.instagram.com\/parlapharma\/","https:\/\/www.youtube.com\/channel\/UCeGsUOlyz-DgZFruHcz39gQ"]}]}},"jetpack_sharing_enabled":true,"_links":{"self":[{"href":"https:\/\/parlapharma.com\/az\/wp-json\/wp\/v2\/pages\/5357","targetHints":{"allow":["GET"]}}],"collection":[{"href":"https:\/\/parlapharma.com\/az\/wp-json\/wp\/v2\/pages"}],"about":[{"href":"https:\/\/parlapharma.com\/az\/wp-json\/wp\/v2\/types\/page"}],"author":[{"embeddable":true,"href":"https:\/\/parlapharma.com\/az\/wp-json\/wp\/v2\/users\/1"}],"replies":[{"embeddable":true,"href":"https:\/\/parlapharma.com\/az\/wp-json\/wp\/v2\/comments?post=5357"}],"version-history":[{"count":17,"href":"https:\/\/parlapharma.com\/az\/wp-json\/wp\/v2\/pages\/5357\/revisions"}],"predecessor-version":[{"id":5397,"href":"https:\/\/parlapharma.com\/az\/wp-json\/wp\/v2\/pages\/5357\/revisions\/5397"}],"wp:attachment":[{"href":"https:\/\/parlapharma.com\/az\/wp-json\/wp\/v2\/media?parent=5357"}],"curies":[{"name":"wp","href":"https:\/\/api.w.org\/{rel}","templated":true}]}}