{"id":540,"date":"2018-11-26T12:45:27","date_gmt":"2018-11-26T12:45:27","guid":{"rendered":"http:\/\/localhost\/valeh1\/home\/"},"modified":"2026-01-26T12:51:36","modified_gmt":"2026-01-26T08:51:36","slug":"parlapharmaceuticals","status":"publish","type":"page","link":"https:\/\/parlapharma.com\/az\/","title":{"rendered":"\u018fsas s\u0259hif\u0259"},"content":{"rendered":"<h2><b>Sa\u011flaml\u0131q \u00fc\u00e7\u00fcn parlayaq<\/b><\/h2>\n<p style=\"text-align: center;\"><strong>Biz daha sa\u011flam g\u0259l\u0259c\u0259k namin\u0259 \u00e7al\u0131\u015f\u0131r\u0131q.<\/strong><br \/>\n<strong>Bizim m\u0259qs\u0259dimiz s\u0259hiyy\u0259 xidm\u0259tl\u0259rinin daha \u0259l\u00e7atan olmas\u0131na nail olmaq v\u0259 insanlar\u0131n h\u0259yat keyfiyy\u0259tini yax\u015f\u0131la\u015fd\u0131rmaqd\u0131r.<\/strong><br \/>\n<strong>Missiyam\u0131z, d\u0259y\u0259rl\u0259rimiz v\u0259 korporativ m\u0259d\u0259niyy\u0259timiz\u0259 sadiq qalaraq, pasiyentl\u0259rimiz, c\u0259miyy\u0259timiz v\u0259 \u0259traf m\u00fchit\u0259 \u00f6z t\u00f6hf\u0259mizi verm\u0259k \u00fc\u00e7\u00fcn dayanmadan \u00e7al\u0131\u015f\u0131r\u0131q.<\/strong><\/p>\n<p><img fetchpriority=\"high\" decoding=\"async\" class=\"aligncenter\" src=\"https:\/\/parlapharma.com\/wp-content\/uploads\/2022\/07\/parla-sin-FINAL-1024x337.png\" sizes=\"(max-width: 1024px) 100vw, 1024px\" srcset=\"https:\/\/parlapharma.com\/wp-content\/uploads\/2022\/07\/parla-sin-FINAL-1024x337.png 1024w, https:\/\/parlapharma.com\/wp-content\/uploads\/2022\/07\/parla-sin-FINAL-300x99.png 300w, https:\/\/parlapharma.com\/wp-content\/uploads\/2022\/07\/parla-sin-FINAL-768x252.png 768w, https:\/\/parlapharma.com\/wp-content\/uploads\/2022\/07\/parla-sin-FINAL-1536x505.png 1536w, https:\/\/parlapharma.com\/wp-content\/uploads\/2022\/07\/parla-sin-FINAL-2048x673.png 2048w\" alt=\"parlas\u0131n Az\u0259rbaycan\" width=\"1024\" height=\"337\" \/><br \/>\n<img decoding=\"async\" class=\"aligncenter\" src=\"https:\/\/parlapharma.com\/wp-content\/uploads\/2023\/05\/Kresitan-10-mg-1024x576.png\" sizes=\"(max-width: 1024px) 100vw, 1024px\" srcset=\"https:\/\/parlapharma.com\/wp-content\/uploads\/2023\/05\/Kresitan-10-mg-1024x576.png 1024w, https:\/\/parlapharma.com\/wp-content\/uploads\/2023\/05\/Kresitan-10-mg-300x169.png 300w, https:\/\/parlapharma.com\/wp-content\/uploads\/2023\/05\/Kresitan-10-mg-768x432.png 768w, https:\/\/parlapharma.com\/wp-content\/uploads\/2023\/05\/Kresitan-10-mg-18x10.png 18w, https:\/\/parlapharma.com\/wp-content\/uploads\/2023\/05\/Kresitan-10-mg.png 1200w\" alt=\"Kresitan 10\" width=\"576\" height=\"324\" \/><br \/>\n<img decoding=\"async\" class=\"aligncenter\" src=\"https:\/\/parlapharma.com\/wp-content\/uploads\/2023\/05\/Kresitan-5mg-1024x576.png\" sizes=\"(max-width: 1024px) 100vw, 1024px\" srcset=\"https:\/\/parlapharma.com\/wp-content\/uploads\/2023\/05\/Kresitan-5mg-1024x576.png 1024w, https:\/\/parlapharma.com\/wp-content\/uploads\/2023\/05\/Kresitan-5mg-300x169.png 300w, https:\/\/parlapharma.com\/wp-content\/uploads\/2023\/05\/Kresitan-5mg-768x432.png 768w, https:\/\/parlapharma.com\/wp-content\/uploads\/2023\/05\/Kresitan-5mg-18x10.png 18w, https:\/\/parlapharma.com\/wp-content\/uploads\/2023\/05\/Kresitan-5mg.png 1200w\" alt=\"\" width=\"736\" height=\"414\" \/><br \/>\n<img loading=\"lazy\" decoding=\"async\" class=\"aligncenter\" src=\"https:\/\/parlapharma.com\/wp-content\/uploads\/2023\/08\/DSCF5664-10-1024x683.png\" sizes=\"(max-width: 1024px) 100vw, 1024px\" srcset=\"https:\/\/parlapharma.com\/wp-content\/uploads\/2023\/08\/DSCF5664-10-1024x683.png 1024w, https:\/\/parlapharma.com\/wp-content\/uploads\/2023\/08\/DSCF5664-10-300x200.png 300w, https:\/\/parlapharma.com\/wp-content\/uploads\/2023\/08\/DSCF5664-10-768x512.png 768w, https:\/\/parlapharma.com\/wp-content\/uploads\/2023\/08\/DSCF5664-10-1536x1024.png 1536w, https:\/\/parlapharma.com\/wp-content\/uploads\/2023\/08\/DSCF5664-10-2048x1365.png 2048w, https:\/\/parlapharma.com\/wp-content\/uploads\/2023\/08\/DSCF5664-10-18x12.png 18w\" alt=\"\" width=\"852\" height=\"568\" \/><br \/>\n<img loading=\"lazy\" decoding=\"async\" class=\"aligncenter\" src=\"https:\/\/parlapharma.com\/wp-content\/uploads\/2023\/08\/DSCF5664-4-1024x683.png\" sizes=\"(max-width: 1024px) 100vw, 1024px\" srcset=\"https:\/\/parlapharma.com\/wp-content\/uploads\/2023\/08\/DSCF5664-4-1024x683.png 1024w, https:\/\/parlapharma.com\/wp-content\/uploads\/2023\/08\/DSCF5664-4-300x200.png 300w, https:\/\/parlapharma.com\/wp-content\/uploads\/2023\/08\/DSCF5664-4-768x512.png 768w, https:\/\/parlapharma.com\/wp-content\/uploads\/2023\/08\/DSCF5664-4-1536x1024.png 1536w, https:\/\/parlapharma.com\/wp-content\/uploads\/2023\/08\/DSCF5664-4-2048x1365.png 2048w, https:\/\/parlapharma.com\/wp-content\/uploads\/2023\/08\/DSCF5664-4-18x12.png 18w, https:\/\/parlapharma.com\/wp-content\/uploads\/2023\/08\/elementor\/thumbs\/DSCF5664-4-qaqq1lvaj03rcww4qxggdav6yn1z9nn809phnonops.png 1800w\" alt=\"\" width=\"760\" height=\"507\" \/><br \/>\n<img loading=\"lazy\" decoding=\"async\" class=\"aligncenter\" src=\"https:\/\/parlapharma.com\/wp-content\/uploads\/2023\/08\/DSCF5664-2-1024x683.png\" sizes=\"(max-width: 1024px) 100vw, 1024px\" srcset=\"https:\/\/parlapharma.com\/wp-content\/uploads\/2023\/08\/DSCF5664-2-1024x683.png 1024w, https:\/\/parlapharma.com\/wp-content\/uploads\/2023\/08\/DSCF5664-2-300x200.png 300w, https:\/\/parlapharma.com\/wp-content\/uploads\/2023\/08\/DSCF5664-2-768x512.png 768w, https:\/\/parlapharma.com\/wp-content\/uploads\/2023\/08\/DSCF5664-2-1536x1024.png 1536w, https:\/\/parlapharma.com\/wp-content\/uploads\/2023\/08\/DSCF5664-2-2048x1365.png 2048w, https:\/\/parlapharma.com\/wp-content\/uploads\/2023\/08\/DSCF5664-2-18x12.png 18w\" alt=\"Parelan Extera\" width=\"942\" height=\"628\" \/><br \/>\n<img loading=\"lazy\" decoding=\"async\" class=\"aligncenter\" src=\"https:\/\/parlapharma.com\/wp-content\/uploads\/2023\/08\/DSCF5664-6-1024x683.png\" sizes=\"(max-width: 1024px) 100vw, 1024px\" srcset=\"https:\/\/parlapharma.com\/wp-content\/uploads\/2023\/08\/DSCF5664-6-1024x683.png 1024w, https:\/\/parlapharma.com\/wp-content\/uploads\/2023\/08\/DSCF5664-6-300x200.png 300w, https:\/\/parlapharma.com\/wp-content\/uploads\/2023\/08\/DSCF5664-6-768x512.png 768w, https:\/\/parlapharma.com\/wp-content\/uploads\/2023\/08\/DSCF5664-6-1536x1024.png 1536w, https:\/\/parlapharma.com\/wp-content\/uploads\/2023\/08\/DSCF5664-6-2048x1365.png 2048w, https:\/\/parlapharma.com\/wp-content\/uploads\/2023\/08\/DSCF5664-6-18x12.png 18w\" alt=\"\" width=\"922\" height=\"615\" \/><\/p>\n<h3 style=\"text-align: center;\"><strong>Parla Pharmaceuticals y\u00fcks\u0259k texnologiyal\u0131 d\u0259rmanlar\u0131n tam istehsal\u0131na y\u00f6n\u0259lmi\u015f Az\u0259rbaycanda ilk elmi \u0259sasl\u0131 \u0259cza\u00e7\u0131l\u0131q \u015firk\u0259tidir.<\/strong><\/h3>\n<h2>\u0130nnovasiya v\u0259 y\u00fcks\u0259k texnologiya \u0259sas\u0131nda keyfiyy\u0259tli d\u0259rman m\u0259hsullar\u0131 t\u0259min edirik<\/h2>\n<p>Az\u0259rbaycan\u0131n ilk elmi \u0259sasl\u0131 \u0259cza\u00e7\u0131l\u0131q \u015firk\u0259ti olaraq, y\u00fcks\u0259k texnologiyal\u0131 d\u0259rmanlar\u0131n istehsal\u0131n\u0131 h\u0259yata ke\u00e7irm\u0259y\u0259 y\u00f6n\u0259lmi\u015fik. M\u0259hsul portfelimiz\u0259,h\u0259m\u00e7inin, biotexnoloji v\u0259 nanotexnoloji d\u0259rmanlar da daxildir. Y\u00fcks\u0259k keyfiyy\u0259tli \u0259cza\u00e7\u0131l\u0131q m\u0259hsullar\u0131 y\u00fcks\u0259k GMP standartlar\u0131na cavab verir.<\/p>\n<p>Biz c\u0259miyy\u0259t v\u0259 \u0259traf m\u00fchit qar\u015f\u0131s\u0131ndak\u0131 m\u0259suliyy\u0259tl\u0259rimizi d\u0259rk edirik<\/p>\n<p>Biznesin dayan\u0131ql\u0131l\u0131\u011f\u0131na nail olmaq \u00fc\u00e7\u00fcn Parla \u00f6z qar\u015f\u0131s\u0131na c\u0259miyy\u0259t v\u0259 \u0259traf m\u00fchitl\u0259 ba\u011fl\u0131 m\u0259suliyy\u0259tl\u0259r qoyub. Biz b\u00fct\u00fcn f\u0259aliyy\u0259timizd\u0259 bu korporative sosial m\u0259suliyy\u0259t \u00f6hd\u0259likl\u0259rini q\u0259bul edir v\u0259 bu istiqam\u0259td\u0259 m\u00fcvafiq t\u0259r\u0259fl\u0259rl\u0259 \u0259m\u0259kda\u015fl\u0131q ed\u0259r\u0259k Korporativ Sosial M\u0259suliyy\u0259t (KSM) layih\u0259l\u0259ri h\u0259yata ke\u00e7iririk.<\/p>\n<h2>Pasiyentl\u0259r bizim \u00fc\u00e7\u00fcn \u00f6n\u0259mlidir<\/h2>\n<p>Parla\u00ae-\u0131n \u0259sas maraqlar\u0131ndan biri pasiyentl\u0259rin h\u0259yat keyfiyy\u0259tinin yax\u015f\u0131la\u015fd\u0131r\u0131lmas\u0131d\u0131r. Bu, bizim ald\u0131\u011f\u0131m\u0131z b\u00fct\u00fcn q\u0259rarlar\u0131n v\u0259 f\u0259aliyy\u0259timizin \u0259sas\u0131nda dayan\u0131r.<\/p>\n<h2>X\u0259b\u0259rl\u0259r<\/h2>\n<p><img loading=\"lazy\" decoding=\"async\" class=\"aligncenter\" src=\"https:\/\/parlapharma.com\/wp-content\/uploads\/2024\/06\/WhatsApp-Image-2024-06-20-at-16.19.01_416af431.jpg\" sizes=\"(max-width: 1050px) 100vw, 1050px\" srcset=\"https:\/\/parlapharma.com\/wp-content\/uploads\/2024\/06\/WhatsApp-Image-2024-06-20-at-16.19.01_416af431.jpg 1050w, https:\/\/parlapharma.com\/wp-content\/uploads\/2024\/06\/WhatsApp-Image-2024-06-20-at-16.19.01_416af431-300x103.jpg 300w, https:\/\/parlapharma.com\/wp-content\/uploads\/2024\/06\/WhatsApp-Image-2024-06-20-at-16.19.01_416af431-1024x351.jpg 1024w, https:\/\/parlapharma.com\/wp-content\/uploads\/2024\/06\/WhatsApp-Image-2024-06-20-at-16.19.01_416af431-768x263.jpg 768w, https:\/\/parlapharma.com\/wp-content\/uploads\/2024\/06\/WhatsApp-Image-2024-06-20-at-16.19.01_416af431-18x6.jpg 18w\" alt=\"\" width=\"671\" height=\"230\" \/><\/p>\n<h3><a href=\"https:\/\/parlapharma.com\/az\/first-patient-samples-meeting-of-the-azerbaijan-society-of-endocrinologists\/\">\u201cParlayan istedadlar\u201d Parla\u00ae Pharmaceuticals \u015firk\u0259tinin layih\u0259si<\/a><\/h3>\n<p><a href=\"https:\/\/parlapharma.com\/az\/parlayan-istedadlar-parla\/\"><br \/>\nDaha \u0259trafl\u0131<br \/>\n<\/a><\/p>\n<h3><b>Introducing Diasmet\u00aeER<\/b><\/h3>\n<h5><a href=\"https:\/\/parlapharma.com\/az\/diabet\/\">In April 2024, our new drug DIASMET\u00ae\ufe0f ER entered the Azerbaijani market. DIASMET\u00ae\ufe0f ER is Extended Release metformin. D\u0130ASMET\u00ae\ufe0f ER &#8211; treatment of type 2 diabetes mellitus in adults, particularly in overweight patients, when dietary management and exercise alone does not result in adequate glycaemic control. D\u0130ASMET\u00ae\ufe0f ER is effectively controls blood glucose levels throughout the day by taking it once a day.<\/a><\/h5>\n<p><img loading=\"lazy\" decoding=\"async\" class=\"aligncenter\" src=\"https:\/\/parlapharma.com\/wp-content\/uploads\/2024\/04\/diasmet-500-1024x791.png\" sizes=\"(max-width: 1024px) 100vw, 1024px\" srcset=\"https:\/\/parlapharma.com\/wp-content\/uploads\/2024\/04\/diasmet-500-1024x791.png 1024w, https:\/\/parlapharma.com\/wp-content\/uploads\/2024\/04\/diasmet-500-300x232.png 300w, https:\/\/parlapharma.com\/wp-content\/uploads\/2024\/04\/diasmet-500-768x593.png 768w, https:\/\/parlapharma.com\/wp-content\/uploads\/2024\/04\/diasmet-500-1536x1186.png 1536w, https:\/\/parlapharma.com\/wp-content\/uploads\/2024\/04\/diasmet-500-2048x1582.png 2048w, https:\/\/parlapharma.com\/wp-content\/uploads\/2024\/04\/diasmet-500-16x12.png 16w\" alt=\"\" width=\"484\" height=\"374\" \/><\/p>","protected":false},"excerpt":{"rendered":"<p>Shine for health We promise a healthier tomorrow for our patients. Our aim is to improve healthcare access and quality of life. We focus on contributing to benefit our patients, society and environment. We are the first science-based pharmaceutical company in Azerbaijan, focusing on the full production of high-technology medicines. We use innovation and advance [&hellip;]<\/p>","protected":false},"author":1,"featured_media":0,"parent":0,"menu_order":0,"comment_status":"closed","ping_status":"closed","template":"","meta":{"site-sidebar-layout":"no-sidebar","site-content-layout":"page-builder","ast-site-content-layout":"full-width-container","site-content-style":"unboxed","site-sidebar-style":"unboxed","ast-global-header-display":"","ast-banner-title-visibility":"","ast-main-header-display":"","ast-hfb-above-header-display":"","ast-hfb-below-header-display":"","ast-hfb-mobile-header-display":"","site-post-title":"disabled","ast-breadcrumbs-content":"","ast-featured-img":"disabled","footer-sml-layout":"","ast-disable-related-posts":"","theme-transparent-header-meta":"enabled","adv-header-id-meta":"","stick-header-meta":"","header-above-stick-meta":"","header-main-stick-meta":"","header-below-stick-meta":"","astra-migrate-meta-layouts":"set","ast-page-background-enabled":"default","ast-page-background-meta":{"desktop":{"background-color":"","background-image":"","background-repeat":"repeat","background-position":"center center","background-size":"auto","background-attachment":"scroll","background-type":"","background-media":"","overlay-type":"","overlay-color":"","overlay-opacity":"","overlay-gradient":""},"tablet":{"background-color":"","background-image":"","background-repeat":"repeat","background-position":"center center","background-size":"auto","background-attachment":"scroll","background-type":"","background-media":"","overlay-type":"","overlay-color":"","overlay-opacity":"","overlay-gradient":""},"mobile":{"background-color":"","background-image":"","background-repeat":"repeat","background-position":"center center","background-size":"auto","background-attachment":"scroll","background-type":"","background-media":"","overlay-type":"","overlay-color":"","overlay-opacity":"","overlay-gradient":""}},"ast-content-background-meta":{"desktop":{"background-color":"var(--ast-global-color-5)","background-image":"","background-repeat":"repeat","background-position":"center center","background-size":"auto","background-attachment":"scroll","background-type":"","background-media":"","overlay-type":"","overlay-color":"","overlay-opacity":"","overlay-gradient":""},"tablet":{"background-color":"var(--ast-global-color-5)","background-image":"","background-repeat":"repeat","background-position":"center center","background-size":"auto","background-attachment":"scroll","background-type":"","background-media":"","overlay-type":"","overlay-color":"","overlay-opacity":"","overlay-gradient":""},"mobile":{"background-color":"var(--ast-global-color-5)","background-image":"","background-repeat":"repeat","background-position":"center center","background-size":"auto","background-attachment":"scroll","background-type":"","background-media":"","overlay-type":"","overlay-color":"","overlay-opacity":"","overlay-gradient":""}},"footnotes":""},"class_list":["post-540","page","type-page","status-publish","hentry"],"yoast_head":"<!-- This site is optimized with the Yoast SEO plugin v26.5 - https:\/\/yoast.com\/wordpress\/plugins\/seo\/ -->\n<title>Home - Parlapharmaceuticals<\/title>\n<meta name=\"description\" content=\"We are the first science-based pharmaceutical company in Azerbaijan, focusing on the full production of high-technology medicines.\" \/>\n<meta name=\"robots\" content=\"index, follow, max-snippet:-1, max-image-preview:large, max-video-preview:-1\" \/>\n<link rel=\"canonical\" href=\"https:\/\/parlapharma.com\/az\/\" \/>\n<meta property=\"og:locale\" content=\"az_AZ\" \/>\n<meta property=\"og:type\" content=\"article\" \/>\n<meta property=\"og:title\" content=\"Home - Parlapharmaceuticals\" \/>\n<meta property=\"og:description\" content=\"We are the first science-based pharmaceutical company in Azerbaijan, focusing on the full production of high-technology medicines.\" \/>\n<meta property=\"og:url\" content=\"https:\/\/parlapharma.com\/az\/\" \/>\n<meta property=\"og:site_name\" content=\"Parlapharmaceuticals\" \/>\n<meta property=\"article:publisher\" content=\"https:\/\/www.facebook.com\/parlapharma\/\" \/>\n<meta property=\"article:modified_time\" content=\"2026-01-26T08:51:36+00:00\" \/>\n<meta property=\"og:image\" content=\"https:\/\/parlapharma.com\/wp-content\/uploads\/2022\/07\/parla-sin-FINAL-1024x337.png\" \/>\n<meta name=\"twitter:card\" content=\"summary_large_image\" \/>\n<meta name=\"twitter:label1\" content=\"Est. reading time\" \/>\n\t<meta name=\"twitter:data1\" content=\"3 minutes\" \/>\n<script type=\"application\/ld+json\" class=\"yoast-schema-graph\">{\"@context\":\"https:\/\/schema.org\",\"@graph\":[{\"@type\":\"WebPage\",\"@id\":\"https:\/\/parlapharma.com\/\",\"url\":\"https:\/\/parlapharma.com\/\",\"name\":\"Home - Parlapharmaceuticals\",\"isPartOf\":{\"@id\":\"https:\/\/parlapharma.com\/#website\"},\"primaryImageOfPage\":{\"@id\":\"https:\/\/parlapharma.com\/#primaryimage\"},\"image\":{\"@id\":\"https:\/\/parlapharma.com\/#primaryimage\"},\"thumbnailUrl\":\"https:\/\/parlapharma.com\/wp-content\/uploads\/2022\/07\/parla-sin-FINAL-1024x337.png\",\"datePublished\":\"2018-11-26T12:45:27+00:00\",\"dateModified\":\"2026-01-26T08:51:36+00:00\",\"description\":\"We are the first science-based pharmaceutical company in Azerbaijan, focusing on the full production of high-technology medicines.\",\"breadcrumb\":{\"@id\":\"https:\/\/parlapharma.com\/#breadcrumb\"},\"inLanguage\":\"az\",\"potentialAction\":[{\"@type\":\"ReadAction\",\"target\":[\"https:\/\/parlapharma.com\/\"]}]},{\"@type\":\"ImageObject\",\"inLanguage\":\"az\",\"@id\":\"https:\/\/parlapharma.com\/#primaryimage\",\"url\":\"https:\/\/parlapharma.com\/wp-content\/uploads\/2022\/07\/parla-sin-FINAL-1024x337.png\",\"contentUrl\":\"https:\/\/parlapharma.com\/wp-content\/uploads\/2022\/07\/parla-sin-FINAL-1024x337.png\"},{\"@type\":\"BreadcrumbList\",\"@id\":\"https:\/\/parlapharma.com\/#breadcrumb\",\"itemListElement\":[{\"@type\":\"ListItem\",\"position\":1,\"name\":\"Home\",\"item\":\"https:\/\/parlapharma.com\/\"},{\"@type\":\"ListItem\",\"position\":2,\"name\":\"Home\"}]},{\"@type\":\"WebSite\",\"@id\":\"https:\/\/parlapharma.com\/#website\",\"url\":\"https:\/\/parlapharma.com\/\",\"name\":\"Parlapharmaceuticals\",\"description\":\"Pharmaceuticals site\",\"publisher\":{\"@id\":\"https:\/\/parlapharma.com\/#organization\"},\"potentialAction\":[{\"@type\":\"SearchAction\",\"target\":{\"@type\":\"EntryPoint\",\"urlTemplate\":\"https:\/\/parlapharma.com\/?s={search_term_string}\"},\"query-input\":{\"@type\":\"PropertyValueSpecification\",\"valueRequired\":true,\"valueName\":\"search_term_string\"}}],\"inLanguage\":\"az\"},{\"@type\":\"Organization\",\"@id\":\"https:\/\/parlapharma.com\/#organization\",\"name\":\"Parlapharmaceuticlas\",\"url\":\"https:\/\/parlapharma.com\/\",\"logo\":{\"@type\":\"ImageObject\",\"inLanguage\":\"az\",\"@id\":\"https:\/\/parlapharma.com\/#\/schema\/logo\/image\/\",\"url\":\"https:\/\/parlapharma.com\/wp-content\/uploads\/2022\/07\/LOGO-Big-1.png\",\"contentUrl\":\"https:\/\/parlapharma.com\/wp-content\/uploads\/2022\/07\/LOGO-Big-1.png\",\"width\":6890,\"height\":3776,\"caption\":\"Parlapharmaceuticlas\"},\"image\":{\"@id\":\"https:\/\/parlapharma.com\/#\/schema\/logo\/image\/\"},\"sameAs\":[\"https:\/\/www.facebook.com\/parlapharma\/\",\"https:\/\/www.instagram.com\/parlapharma\/\",\"https:\/\/www.youtube.com\/channel\/UCeGsUOlyz-DgZFruHcz39gQ\"]}]}<\/script>\n<!-- \/ Yoast SEO plugin. -->","yoast_head_json":{"title":"Home - Parlapharmaceuticals","description":"Parla Pharmaceuticals y\u00fcks\u0259k texnologiyal\u0131 d\u0259rmanlar\u0131n tam istehsal\u0131na y\u00f6n\u0259lmi\u015f Az\u0259rbaycanda ilk elmi \u0259sasl\u0131 \u0259cza\u00e7\u0131l\u0131q \u015firk\u0259tidir.","robots":{"index":"index","follow":"follow","max-snippet":"max-snippet:-1","max-image-preview":"max-image-preview:large","max-video-preview":"max-video-preview:-1"},"canonical":"https:\/\/parlapharma.com\/az\/","og_locale":"az_AZ","og_type":"article","og_title":"Home - Parlapharmaceuticals","og_description":"We are the first science-based pharmaceutical company in Azerbaijan, focusing on the full production of high-technology medicines.","og_url":"https:\/\/parlapharma.com\/az\/","og_site_name":"Parlapharmaceuticals","article_publisher":"https:\/\/www.facebook.com\/parlapharma\/","article_modified_time":"2026-01-26T08:51:36+00:00","og_image":[{"url":"https:\/\/parlapharma.com\/wp-content\/uploads\/2022\/07\/parla-sin-FINAL-1024x337.png","type":"","width":"","height":""}],"twitter_card":"summary_large_image","twitter_misc":{"Est. reading time":"3 minutes"},"schema":{"@context":"https:\/\/schema.org","@graph":[{"@type":"WebPage","@id":"https:\/\/parlapharma.com\/","url":"https:\/\/parlapharma.com\/","name":"Home - Parlapharmaceuticals","isPartOf":{"@id":"https:\/\/parlapharma.com\/#website"},"primaryImageOfPage":{"@id":"https:\/\/parlapharma.com\/#primaryimage"},"image":{"@id":"https:\/\/parlapharma.com\/#primaryimage"},"thumbnailUrl":"https:\/\/parlapharma.com\/wp-content\/uploads\/2022\/07\/parla-sin-FINAL-1024x337.png","datePublished":"2018-11-26T12:45:27+00:00","dateModified":"2026-01-26T08:51:36+00:00","description":"Parla Pharmaceuticals y\u00fcks\u0259k texnologiyal\u0131 d\u0259rmanlar\u0131n tam istehsal\u0131na y\u00f6n\u0259lmi\u015f Az\u0259rbaycanda ilk elmi \u0259sasl\u0131 \u0259cza\u00e7\u0131l\u0131q \u015firk\u0259tidir.","breadcrumb":{"@id":"https:\/\/parlapharma.com\/#breadcrumb"},"inLanguage":"az","potentialAction":[{"@type":"ReadAction","target":["https:\/\/parlapharma.com\/"]}]},{"@type":"ImageObject","inLanguage":"az","@id":"https:\/\/parlapharma.com\/#primaryimage","url":"https:\/\/parlapharma.com\/wp-content\/uploads\/2022\/07\/parla-sin-FINAL-1024x337.png","contentUrl":"https:\/\/parlapharma.com\/wp-content\/uploads\/2022\/07\/parla-sin-FINAL-1024x337.png"},{"@type":"BreadcrumbList","@id":"https:\/\/parlapharma.com\/#breadcrumb","itemListElement":[{"@type":"ListItem","position":1,"name":"Home","item":"https:\/\/parlapharma.com\/"},{"@type":"ListItem","position":2,"name":"Home"}]},{"@type":"WebSite","@id":"https:\/\/parlapharma.com\/#website","url":"https:\/\/parlapharma.com\/","name":"Parlapharmaceuticals","description":"Pharmaceuticals site","publisher":{"@id":"https:\/\/parlapharma.com\/#organization"},"potentialAction":[{"@type":"SearchAction","target":{"@type":"EntryPoint","urlTemplate":"https:\/\/parlapharma.com\/?s={search_term_string}"},"query-input":{"@type":"PropertyValueSpecification","valueRequired":true,"valueName":"search_term_string"}}],"inLanguage":"az"},{"@type":"Organization","@id":"https:\/\/parlapharma.com\/#organization","name":"Parlapharmaceuticlas","url":"https:\/\/parlapharma.com\/","logo":{"@type":"ImageObject","inLanguage":"az","@id":"https:\/\/parlapharma.com\/#\/schema\/logo\/image\/","url":"https:\/\/parlapharma.com\/wp-content\/uploads\/2022\/07\/LOGO-Big-1.png","contentUrl":"https:\/\/parlapharma.com\/wp-content\/uploads\/2022\/07\/LOGO-Big-1.png","width":6890,"height":3776,"caption":"Parlapharmaceuticlas"},"image":{"@id":"https:\/\/parlapharma.com\/#\/schema\/logo\/image\/"},"sameAs":["https:\/\/www.facebook.com\/parlapharma\/","https:\/\/www.instagram.com\/parlapharma\/","https:\/\/www.youtube.com\/channel\/UCeGsUOlyz-DgZFruHcz39gQ"]}]}},"jetpack_sharing_enabled":true,"_links":{"self":[{"href":"https:\/\/parlapharma.com\/az\/wp-json\/wp\/v2\/pages\/540","targetHints":{"allow":["GET"]}}],"collection":[{"href":"https:\/\/parlapharma.com\/az\/wp-json\/wp\/v2\/pages"}],"about":[{"href":"https:\/\/parlapharma.com\/az\/wp-json\/wp\/v2\/types\/page"}],"author":[{"embeddable":true,"href":"https:\/\/parlapharma.com\/az\/wp-json\/wp\/v2\/users\/1"}],"replies":[{"embeddable":true,"href":"https:\/\/parlapharma.com\/az\/wp-json\/wp\/v2\/comments?post=540"}],"version-history":[{"count":637,"href":"https:\/\/parlapharma.com\/az\/wp-json\/wp\/v2\/pages\/540\/revisions"}],"predecessor-version":[{"id":5624,"href":"https:\/\/parlapharma.com\/az\/wp-json\/wp\/v2\/pages\/540\/revisions\/5624"}],"wp:attachment":[{"href":"https:\/\/parlapharma.com\/az\/wp-json\/wp\/v2\/media?parent=540"}],"curies":[{"name":"wp","href":"https:\/\/api.w.org\/{rel}","templated":true}]}}