{"id":5478,"date":"2024-06-26T03:31:34","date_gmt":"2024-06-25T23:31:34","guid":{"rendered":"https:\/\/parlapharma.com\/?page_id=5478"},"modified":"2024-06-26T04:03:02","modified_gmt":"2024-06-26T00:03:02","slug":"parlayan-istedadlar-parla","status":"publish","type":"page","link":"https:\/\/parlapharma.com\/az\/parlayan-istedadlar-parla\/","title":{"rendered":"\u201cParlayan istedadlar\u201d Parla\u00ae"},"content":{"rendered":"<div data-elementor-type=\"wp-page\" data-elementor-id=\"5478\" class=\"elementor elementor-5478\" data-elementor-post-type=\"page\">\n\t\t\t\t\t\t<section class=\"elementor-section elementor-top-section elementor-element elementor-element-25a53250 elementor-section-boxed elementor-section-height-default elementor-section-height-default\" data-id=\"25a53250\" data-element_type=\"section\" data-settings=\"{&quot;background_background&quot;:&quot;classic&quot;}\">\n\t\t\t\t\t\t\t<div class=\"elementor-background-overlay\"><\/div>\n\t\t\t\t\t\t\t<div class=\"elementor-container elementor-column-gap-default\">\n\t\t\t\t\t<div class=\"elementor-column elementor-col-100 elementor-top-column elementor-element elementor-element-4883296d\" data-id=\"4883296d\" data-element_type=\"column\">\n\t\t\t<div class=\"elementor-widget-wrap elementor-element-populated\">\n\t\t\t\t\t\t\t<\/div>\n\t\t<\/div>\n\t\t\t\t\t<\/div>\n\t\t<\/section>\n\t\t\t\t<section class=\"elementor-section elementor-top-section elementor-element elementor-element-667b3414 elementor-section-content-middle elementor-section-boxed elementor-section-height-default elementor-section-height-default\" data-id=\"667b3414\" data-element_type=\"section\">\n\t\t\t\t\t\t<div class=\"elementor-container elementor-column-gap-default\">\n\t\t\t\t\t<div class=\"elementor-column elementor-col-100 elementor-top-column elementor-element elementor-element-1db18136\" data-id=\"1db18136\" data-element_type=\"column\">\n\t\t\t<div class=\"elementor-widget-wrap elementor-element-populated\">\n\t\t\t\t\t\t<div class=\"elementor-element elementor-element-1917ecf2 elementor-widget__width-initial elementor-widget elementor-widget-heading\" data-id=\"1917ecf2\" data-element_type=\"widget\" data-widget_type=\"heading.default\">\n\t\t\t\t<div class=\"elementor-widget-container\">\n\t\t\t\t\t<h2 class=\"elementor-heading-title elementor-size-default\">\u201cParlayan istedadlar\u201d Parla\u00ae Pharmaceuticals \u015firk\u0259tinin layih\u0259si<\/h2>\t\t\t\t<\/div>\n\t\t\t\t<\/div>\n\t\t\t\t<div class=\"elementor-element elementor-element-5b0b992f elementor-widget__width-initial elementor-widget elementor-widget-text-editor\" data-id=\"5b0b992f\" data-element_type=\"widget\" data-widget_type=\"text-editor.default\">\n\t\t\t\t<div class=\"elementor-widget-container\">\n\t\t\t\t\t\t\t\t\t<p><span style=\"color: #0c4465;\">\u201cParlayan istedadlar\u201d Parla\u00ae Pharmaceuticals \u015firk\u0259tinin pe\u015f\u0259kar, y\u00fcks\u0259k ixtisas bilikl\u0259rin\u0259 sahib olan h\u0259kiml\u0259rin m\u00fcxt\u0259lif bacar\u0131qlar\u0131n inki\u015faf\u0131na y\u00f6n\u0259lmi\u015f layih\u0259dir.<\/span><br \/><span style=\"color: #0c4465;\">Layih\u0259nin m\u0259qs\u0259di se\u00e7ilmi\u015f h\u0259kiml\u0259rin x\u0259st\u0259l\u0259r, h\u0259mkarlar v\u0259 ictimaiyy\u0259tl\u0259 \u00fcnsiyy\u0259tin keyfiyy\u0259tini daha da y\u00fcks\u0259ltm\u0259k, h\u0259m\u00e7inin \u00f6lk\u0259mizd\u0259 v\u0259 xaricd\u0259 ke\u00e7iril\u0259n maarifl\u0259ndirici \u00e7\u0131x\u0131\u015flar\u0131n daha u\u011furla ke\u00e7irilm\u0259sidir.<\/span><br \/><span style=\"color: #0c4465;\">Beyn\u0259lxalq standartlara uy\u011fun m\u00fcxt\u0259lif t\u0259liml\u0259rd\u0259n ke\u00e7mi\u015f h\u0259kiml\u0259r \u00f6z klinik t\u0259cr\u00fcb\u0259l\u0259rinin n\u0259tic\u0259l\u0259rini yerli v\u0259 beyn\u0259lxalq konfranslarda s\u0259m\u0259r\u0259li \u015f\u0259kild\u0259 t\u0259qdim ed\u0259 bilsinl\u0259r ki, bu da yeni bilikl\u0259rin yay\u0131lmas\u0131na v\u0259 elmi \u0259laq\u0259l\u0259rin m\u00f6hk\u0259ml\u0259nm\u0259sin\u0259 \u00f6z t\u00f6hf\u0259sini versin.<\/span><br \/><span style=\"color: #0c4465;\">Parla\u00ae Pharmaceuticals \u015firk\u0259ti h\u0259kiml\u0259r\u0259 onlar\u0131n inki\u015faf\u0131nda daim d\u0259st\u0259k verm\u0259y\u0259\u00a0haz\u0131rd\u0131r.<\/span><\/p>\t\t\t\t\t\t\t\t<\/div>\n\t\t\t\t<\/div>\n\t\t\t\t<div class=\"elementor-element elementor-element-c2b95c3 elementor-widget__width-auto elementor-view-default elementor-widget elementor-widget-icon\" data-id=\"c2b95c3\" data-element_type=\"widget\" data-widget_type=\"icon.default\">\n\t\t\t\t<div class=\"elementor-widget-container\">\n\t\t\t\t\t\t\t<div class=\"elementor-icon-wrapper\">\n\t\t\t<div class=\"elementor-icon\">\n\t\t\t<i aria-hidden=\"true\" class=\"jki jki-share-1-light\"><\/i>\t\t\t<\/div>\n\t\t<\/div>\n\t\t\t\t\t\t<\/div>\n\t\t\t\t<\/div>\n\t\t\t\t\t<\/div>\n\t\t<\/div>\n\t\t\t\t\t<\/div>\n\t\t<\/section>\n\t\t\t\t<\/div>","protected":false},"excerpt":{"rendered":"<p>\u201cParlayan istedadlar\u201d project of Parla\u00ae Pharmaceuticals \u201cParlayan istedadlar\u201d is a project of Parla\u00ae Pharmaceuticals aimed at developing various skills of doctors with professional, highly specialized knowledge.The goal of the project is to further improve the quality of communication of selected doctors with patients, colleagues and the public, as well as more successful educational presentations held [&hellip;]<\/p>","protected":false},"author":1,"featured_media":0,"parent":0,"menu_order":0,"comment_status":"closed","ping_status":"closed","template":"","meta":{"site-sidebar-layout":"no-sidebar","site-content-layout":"page-builder","ast-site-content-layout":"full-width-container","site-content-style":"default","site-sidebar-style":"default","ast-global-header-display":"","ast-banner-title-visibility":"","ast-main-header-display":"","ast-hfb-above-header-display":"","ast-hfb-below-header-display":"","ast-hfb-mobile-header-display":"","site-post-title":"disabled","ast-breadcrumbs-content":"","ast-featured-img":"disabled","footer-sml-layout":"","ast-disable-related-posts":"","theme-transparent-header-meta":"","adv-header-id-meta":"","stick-header-meta":"","header-above-stick-meta":"","header-main-stick-meta":"","header-below-stick-meta":"","astra-migrate-meta-layouts":"set","ast-page-background-enabled":"default","ast-page-background-meta":{"desktop":{"background-color":"","background-image":"","background-repeat":"repeat","background-position":"center center","background-size":"auto","background-attachment":"scroll","background-type":"","background-media":"","overlay-type":"","overlay-color":"","overlay-opacity":"","overlay-gradient":""},"tablet":{"background-color":"","background-image":"","background-repeat":"repeat","background-position":"center center","background-size":"auto","background-attachment":"scroll","background-type":"","background-media":"","overlay-type":"","overlay-color":"","overlay-opacity":"","overlay-gradient":""},"mobile":{"background-color":"","background-image":"","background-repeat":"repeat","background-position":"center center","background-size":"auto","background-attachment":"scroll","background-type":"","background-media":"","overlay-type":"","overlay-color":"","overlay-opacity":"","overlay-gradient":""}},"ast-content-background-meta":{"desktop":{"background-color":"var(--ast-global-color-5)","background-image":"","background-repeat":"repeat","background-position":"center center","background-size":"auto","background-attachment":"scroll","background-type":"","background-media":"","overlay-type":"","overlay-color":"","overlay-opacity":"","overlay-gradient":""},"tablet":{"background-color":"var(--ast-global-color-5)","background-image":"","background-repeat":"repeat","background-position":"center center","background-size":"auto","background-attachment":"scroll","background-type":"","background-media":"","overlay-type":"","overlay-color":"","overlay-opacity":"","overlay-gradient":""},"mobile":{"background-color":"var(--ast-global-color-5)","background-image":"","background-repeat":"repeat","background-position":"center center","background-size":"auto","background-attachment":"scroll","background-type":"","background-media":"","overlay-type":"","overlay-color":"","overlay-opacity":"","overlay-gradient":""}},"footnotes":""},"class_list":["post-5478","page","type-page","status-publish","hentry"],"yoast_head":"<!-- This site is optimized with the Yoast SEO plugin v26.5 - https:\/\/yoast.com\/wordpress\/plugins\/seo\/ -->\n<title>\u201cParlayan istedadlar\u201d Parla\u00ae - Parlapharmaceuticals<\/title>\n<meta name=\"robots\" content=\"index, follow, max-snippet:-1, max-image-preview:large, max-video-preview:-1\" \/>\n<link rel=\"canonical\" href=\"https:\/\/parlapharma.com\/az\/parlayan-istedadlar-parla\/\" \/>\n<meta property=\"og:locale\" content=\"az_AZ\" \/>\n<meta property=\"og:type\" content=\"article\" \/>\n<meta property=\"og:title\" content=\"\u201cParlayan istedadlar\u201d Parla\u00ae - Parlapharmaceuticals\" \/>\n<meta property=\"og:description\" content=\"\u201cParlayan istedadlar\u201d project of Parla\u00ae Pharmaceuticals \u201cParlayan istedadlar\u201d is a project of Parla\u00ae Pharmaceuticals aimed at developing various skills of doctors with professional, highly specialized knowledge.The goal of the project is to further improve the quality of communication of selected doctors with patients, colleagues and the public, as well as more successful educational presentations held [&hellip;]\" \/>\n<meta property=\"og:url\" content=\"https:\/\/parlapharma.com\/az\/parlayan-istedadlar-parla\/\" \/>\n<meta property=\"og:site_name\" content=\"Parlapharmaceuticals\" \/>\n<meta property=\"article:publisher\" content=\"https:\/\/www.facebook.com\/parlapharma\/\" \/>\n<meta property=\"article:modified_time\" content=\"2024-06-26T00:03:02+00:00\" \/>\n<meta name=\"twitter:card\" content=\"summary_large_image\" \/>\n<meta name=\"twitter:label1\" content=\"Est. reading time\" \/>\n\t<meta name=\"twitter:data1\" content=\"1 minute\" \/>\n<script type=\"application\/ld+json\" class=\"yoast-schema-graph\">{\"@context\":\"https:\/\/schema.org\",\"@graph\":[{\"@type\":\"WebPage\",\"@id\":\"https:\/\/parlapharma.com\/parlayan-istedadlar-parla\/\",\"url\":\"https:\/\/parlapharma.com\/parlayan-istedadlar-parla\/\",\"name\":\"\u201cParlayan istedadlar\u201d Parla\u00ae - Parlapharmaceuticals\",\"isPartOf\":{\"@id\":\"https:\/\/parlapharma.com\/#website\"},\"datePublished\":\"2024-06-25T23:31:34+00:00\",\"dateModified\":\"2024-06-26T00:03:02+00:00\",\"breadcrumb\":{\"@id\":\"https:\/\/parlapharma.com\/parlayan-istedadlar-parla\/#breadcrumb\"},\"inLanguage\":\"az\",\"potentialAction\":[{\"@type\":\"ReadAction\",\"target\":[\"https:\/\/parlapharma.com\/parlayan-istedadlar-parla\/\"]}]},{\"@type\":\"BreadcrumbList\",\"@id\":\"https:\/\/parlapharma.com\/parlayan-istedadlar-parla\/#breadcrumb\",\"itemListElement\":[{\"@type\":\"ListItem\",\"position\":1,\"name\":\"Home\",\"item\":\"https:\/\/parlapharma.com\/\"},{\"@type\":\"ListItem\",\"position\":2,\"name\":\"\u201cParlayan istedadlar\u201d Parla\u00ae\"}]},{\"@type\":\"WebSite\",\"@id\":\"https:\/\/parlapharma.com\/#website\",\"url\":\"https:\/\/parlapharma.com\/\",\"name\":\"Parlapharmaceuticals\",\"description\":\"Pharmaceuticals site\",\"publisher\":{\"@id\":\"https:\/\/parlapharma.com\/#organization\"},\"potentialAction\":[{\"@type\":\"SearchAction\",\"target\":{\"@type\":\"EntryPoint\",\"urlTemplate\":\"https:\/\/parlapharma.com\/?s={search_term_string}\"},\"query-input\":{\"@type\":\"PropertyValueSpecification\",\"valueRequired\":true,\"valueName\":\"search_term_string\"}}],\"inLanguage\":\"az\"},{\"@type\":\"Organization\",\"@id\":\"https:\/\/parlapharma.com\/#organization\",\"name\":\"Parlapharmaceuticlas\",\"url\":\"https:\/\/parlapharma.com\/\",\"logo\":{\"@type\":\"ImageObject\",\"inLanguage\":\"az\",\"@id\":\"https:\/\/parlapharma.com\/#\/schema\/logo\/image\/\",\"url\":\"https:\/\/parlapharma.com\/wp-content\/uploads\/2022\/07\/LOGO-Big-1.png\",\"contentUrl\":\"https:\/\/parlapharma.com\/wp-content\/uploads\/2022\/07\/LOGO-Big-1.png\",\"width\":6890,\"height\":3776,\"caption\":\"Parlapharmaceuticlas\"},\"image\":{\"@id\":\"https:\/\/parlapharma.com\/#\/schema\/logo\/image\/\"},\"sameAs\":[\"https:\/\/www.facebook.com\/parlapharma\/\",\"https:\/\/www.instagram.com\/parlapharma\/\",\"https:\/\/www.youtube.com\/channel\/UCeGsUOlyz-DgZFruHcz39gQ\"]}]}<\/script>\n<!-- \/ Yoast SEO plugin. -->","yoast_head_json":{"title":"\u201cParlayan istedadlar\u201d Parla\u00ae - Parlapharmaceuticals","robots":{"index":"index","follow":"follow","max-snippet":"max-snippet:-1","max-image-preview":"max-image-preview:large","max-video-preview":"max-video-preview:-1"},"canonical":"https:\/\/parlapharma.com\/az\/parlayan-istedadlar-parla\/","og_locale":"az_AZ","og_type":"article","og_title":"\u201cParlayan istedadlar\u201d Parla\u00ae - Parlapharmaceuticals","og_description":"\u201cParlayan istedadlar\u201d project of Parla\u00ae Pharmaceuticals \u201cParlayan istedadlar\u201d is a project of Parla\u00ae Pharmaceuticals aimed at developing various skills of doctors with professional, highly specialized knowledge.The goal of the project is to further improve the quality of communication of selected doctors with patients, colleagues and the public, as well as more successful educational presentations held [&hellip;]","og_url":"https:\/\/parlapharma.com\/az\/parlayan-istedadlar-parla\/","og_site_name":"Parlapharmaceuticals","article_publisher":"https:\/\/www.facebook.com\/parlapharma\/","article_modified_time":"2024-06-26T00:03:02+00:00","twitter_card":"summary_large_image","twitter_misc":{"Est. reading time":"1 minute"},"schema":{"@context":"https:\/\/schema.org","@graph":[{"@type":"WebPage","@id":"https:\/\/parlapharma.com\/parlayan-istedadlar-parla\/","url":"https:\/\/parlapharma.com\/parlayan-istedadlar-parla\/","name":"\u201cParlayan istedadlar\u201d Parla\u00ae - Parlapharmaceuticals","isPartOf":{"@id":"https:\/\/parlapharma.com\/#website"},"datePublished":"2024-06-25T23:31:34+00:00","dateModified":"2024-06-26T00:03:02+00:00","breadcrumb":{"@id":"https:\/\/parlapharma.com\/parlayan-istedadlar-parla\/#breadcrumb"},"inLanguage":"az","potentialAction":[{"@type":"ReadAction","target":["https:\/\/parlapharma.com\/parlayan-istedadlar-parla\/"]}]},{"@type":"BreadcrumbList","@id":"https:\/\/parlapharma.com\/parlayan-istedadlar-parla\/#breadcrumb","itemListElement":[{"@type":"ListItem","position":1,"name":"Home","item":"https:\/\/parlapharma.com\/"},{"@type":"ListItem","position":2,"name":"\u201cParlayan istedadlar\u201d Parla\u00ae"}]},{"@type":"WebSite","@id":"https:\/\/parlapharma.com\/#website","url":"https:\/\/parlapharma.com\/","name":"Parlapharmaceuticals","description":"Pharmaceuticals site","publisher":{"@id":"https:\/\/parlapharma.com\/#organization"},"potentialAction":[{"@type":"SearchAction","target":{"@type":"EntryPoint","urlTemplate":"https:\/\/parlapharma.com\/?s={search_term_string}"},"query-input":{"@type":"PropertyValueSpecification","valueRequired":true,"valueName":"search_term_string"}}],"inLanguage":"az"},{"@type":"Organization","@id":"https:\/\/parlapharma.com\/#organization","name":"Parlapharmaceuticlas","url":"https:\/\/parlapharma.com\/","logo":{"@type":"ImageObject","inLanguage":"az","@id":"https:\/\/parlapharma.com\/#\/schema\/logo\/image\/","url":"https:\/\/parlapharma.com\/wp-content\/uploads\/2022\/07\/LOGO-Big-1.png","contentUrl":"https:\/\/parlapharma.com\/wp-content\/uploads\/2022\/07\/LOGO-Big-1.png","width":6890,"height":3776,"caption":"Parlapharmaceuticlas"},"image":{"@id":"https:\/\/parlapharma.com\/#\/schema\/logo\/image\/"},"sameAs":["https:\/\/www.facebook.com\/parlapharma\/","https:\/\/www.instagram.com\/parlapharma\/","https:\/\/www.youtube.com\/channel\/UCeGsUOlyz-DgZFruHcz39gQ"]}]}},"jetpack_sharing_enabled":true,"_links":{"self":[{"href":"https:\/\/parlapharma.com\/az\/wp-json\/wp\/v2\/pages\/5478","targetHints":{"allow":["GET"]}}],"collection":[{"href":"https:\/\/parlapharma.com\/az\/wp-json\/wp\/v2\/pages"}],"about":[{"href":"https:\/\/parlapharma.com\/az\/wp-json\/wp\/v2\/types\/page"}],"author":[{"embeddable":true,"href":"https:\/\/parlapharma.com\/az\/wp-json\/wp\/v2\/users\/1"}],"replies":[{"embeddable":true,"href":"https:\/\/parlapharma.com\/az\/wp-json\/wp\/v2\/comments?post=5478"}],"version-history":[{"count":10,"href":"https:\/\/parlapharma.com\/az\/wp-json\/wp\/v2\/pages\/5478\/revisions"}],"predecessor-version":[{"id":5509,"href":"https:\/\/parlapharma.com\/az\/wp-json\/wp\/v2\/pages\/5478\/revisions\/5509"}],"wp:attachment":[{"href":"https:\/\/parlapharma.com\/az\/wp-json\/wp\/v2\/media?parent=5478"}],"curies":[{"name":"wp","href":"https:\/\/api.w.org\/{rel}","templated":true}]}}