{"id":928,"date":"2022-07-07T17:05:52","date_gmt":"2022-07-07T13:05:52","guid":{"rendered":"https:\/\/parlapharma.com\/?page_id=928"},"modified":"2023-10-06T16:38:14","modified_gmt":"2023-10-06T12:38:14","slug":"argentina-embassy","status":"publish","type":"page","link":"https:\/\/parlapharma.com\/az\/argentina-embassy\/","title":{"rendered":"Argentina embassy"},"content":{"rendered":"<div data-elementor-type=\"wp-page\" data-elementor-id=\"928\" class=\"elementor elementor-928\" data-elementor-post-type=\"page\">\n\t\t\t\t\t\t<section class=\"elementor-section elementor-top-section elementor-element elementor-element-38f9d98e elementor-section-boxed elementor-section-height-default elementor-section-height-default\" data-id=\"38f9d98e\" data-element_type=\"section\" data-settings=\"{&quot;background_background&quot;:&quot;classic&quot;}\">\n\t\t\t\t\t\t\t<div class=\"elementor-background-overlay\"><\/div>\n\t\t\t\t\t\t\t<div class=\"elementor-container elementor-column-gap-default\">\n\t\t\t\t\t<div class=\"elementor-column elementor-col-100 elementor-top-column elementor-element elementor-element-74ccc93\" data-id=\"74ccc93\" data-element_type=\"column\">\n\t\t\t<div class=\"elementor-widget-wrap elementor-element-populated\">\n\t\t\t\t\t\t<div class=\"elementor-element elementor-element-6ae80be elementor-icon-list--layout-inline elementor-align-center elementor-mobile-align-center elementor-list-item-link-full_width elementor-widget elementor-widget-icon-list\" data-id=\"6ae80be\" data-element_type=\"widget\" data-widget_type=\"icon-list.default\">\n\t\t\t\t<div class=\"elementor-widget-container\">\n\t\t\t\t\t\t\t<ul class=\"elementor-icon-list-items elementor-inline-items\">\n\t\t\t\t\t\t\t<li class=\"elementor-icon-list-item elementor-inline-item\">\n\t\t\t\t\t\t\t\t\t\t\t<a href=\"https:\/\/parlapharma.com\/az\/\">\n\n\t\t\t\t\t\t\t\t\t\t\t<span class=\"elementor-icon-list-text\">\u018fsas s\u0259hif\u0259<\/span>\n\t\t\t\t\t\t\t\t\t\t\t<\/a>\n\t\t\t\t\t\t\t\t\t<\/li>\n\t\t\t\t\t\t\t\t<li class=\"elementor-icon-list-item elementor-inline-item\">\n\t\t\t\t\t\t\t\t\t\t\t<a href=\"https:\/\/parlapharma.com\/az\/news-events\/\">\n\n\t\t\t\t\t\t\t\t\t\t\t\t<span class=\"elementor-icon-list-icon\">\n\t\t\t\t\t\t\t<svg aria-hidden=\"true\" class=\"e-font-icon-svg e-fas-chevron-right\" viewbox=\"0 0 320 512\" xmlns=\"http:\/\/www.w3.org\/2000\/svg\"><path d=\"M285.476 272.971L91.132 467.314c-9.373 9.373-24.569 9.373-33.941 0l-22.667-22.667c-9.357-9.357-9.375-24.522-.04-33.901L188.505 256 34.484 101.255c-9.335-9.379-9.317-24.544.04-33.901l22.667-22.667c9.373-9.373 24.569-9.373 33.941 0L285.475 239.03c9.373 9.372 9.373 24.568.001 33.941z\"><\/path><\/svg>\t\t\t\t\t\t<\/span>\n\t\t\t\t\t\t\t\t\t\t<span class=\"elementor-icon-list-text\">X\u0259b\u0259rl\u0259r<\/span>\n\t\t\t\t\t\t\t\t\t\t\t<\/a>\n\t\t\t\t\t\t\t\t\t<\/li>\n\t\t\t\t\t\t<\/ul>\n\t\t\t\t\t\t<\/div>\n\t\t\t\t<\/div>\n\t\t\t\t\t<\/div>\n\t\t<\/div>\n\t\t\t\t\t<\/div>\n\t\t<\/section>\n\t\t\t\t<section class=\"elementor-section elementor-top-section elementor-element elementor-element-5edf0da0 elementor-section-content-middle elementor-section-boxed elementor-section-height-default elementor-section-height-default\" data-id=\"5edf0da0\" data-element_type=\"section\">\n\t\t\t\t\t\t<div class=\"elementor-container elementor-column-gap-default\">\n\t\t\t\t\t<div class=\"elementor-column elementor-col-100 elementor-top-column elementor-element elementor-element-4a1eb2d4\" data-id=\"4a1eb2d4\" data-element_type=\"column\">\n\t\t\t<div class=\"elementor-widget-wrap elementor-element-populated\">\n\t\t\t\t\t\t<div class=\"elementor-element elementor-element-589a05a1 elementor-widget elementor-widget-text-editor\" data-id=\"589a05a1\" data-element_type=\"widget\" data-widget_type=\"text-editor.default\">\n\t\t\t\t<div class=\"elementor-widget-container\">\n\t\t\t\t\t\t\t\t\t<p><strong>2 iyul tarixind\u0259 Parla Pharmaceuticals \u015firk\u0259ti Argentina s\u0259firliyi il\u0259 g\u00f6r\u00fc\u015f ke\u00e7irib. G\u00f6r\u00fc\u015fd\u0259 Argentinan\u0131n Az\u0259rbaycandak\u0131 s\u0259firi c\u0259nab Sergio Perez Gunella v\u0259 Missiya R\u0259hb\u0259rinin M\u00fcavini, xan\u0131m Corina Beatriz Lehmann i\u015ftirak edib. H\u0259r iki \u00f6lk\u0259nin \u0259cza\u00e7\u0131l\u0131q sah\u0259sind\u0259 \u00f6z\u0259l sektorunun \u0259laq\u0259l\u0259ndirilm\u0259si v\u0259 m\u00fcmk\u00fcn \u0259m\u0259kda\u015fl\u0131q imkanlar\u0131 m\u00fczakir\u0259 olunub. H\u0259m\u00e7inin, r\u0259smil\u0259r Az\u0259rbaycan\u0131n ilk elmi \u0259sasl\u0131 \u0259cza\u00e7\u0131l\u0131q \u015firk\u0259ti olan Parla Pharmaceuticals-\u0131n f\u0259aliyy\u0259t istiqam\u0259ti il\u0259 yax\u0131ndan tan\u0131\u015f olublar. T\u0259r\u0259fl\u0259r yerli istehsal\u0131n \u0259h\u0259miyy\u0259ti, m\u00fcmk\u00fcn qar\u015f\u0131l\u0131ql\u0131 ixrac imkanlar\u0131 v\u0259 texnologiya m\u00fcbadil\u0259si m\u00f6vzusunda da dan\u0131\u015f\u0131qlar apar\u0131blar, \u0259cza\u00e7\u0131l\u0131q v\u0259 s\u0259hiyy\u0259 sektorunun \u0259h\u0259miyy\u0259tin\u0259, yerli \u0259cza\u00e7\u0131l\u0131q sektorunun inki\u015faf\u0131n\u0131n \u00f6n\u0259min\u0259 diqq\u0259t \u00e7\u0259kibl\u0259r.<\/strong><\/p>\t\t\t\t\t\t\t\t<\/div>\n\t\t\t\t<\/div>\n\t\t\t\t<div class=\"elementor-element elementor-element-1fb54dd6 elementor-widget__width-auto elementor-view-default elementor-widget elementor-widget-icon\" data-id=\"1fb54dd6\" data-element_type=\"widget\" data-widget_type=\"icon.default\">\n\t\t\t\t<div class=\"elementor-widget-container\">\n\t\t\t\t\t\t\t<div class=\"elementor-icon-wrapper\">\n\t\t\t<div class=\"elementor-icon\">\n\t\t\t<i aria-hidden=\"true\" class=\"jki jki-share-1-light\"><\/i>\t\t\t<\/div>\n\t\t<\/div>\n\t\t\t\t\t\t<\/div>\n\t\t\t\t<\/div>\n\t\t\t\t\t<\/div>\n\t\t<\/div>\n\t\t\t\t\t<\/div>\n\t\t<\/section>\n\t\t<div class=\"elementor-element elementor-element-03fe5c1 e-flex e-con-boxed e-con e-parent\" data-id=\"03fe5c1\" data-element_type=\"container\" data-settings=\"{&quot;background_background&quot;:&quot;classic&quot;}\">\n\t\t\t\t\t<div class=\"e-con-inner\">\n\t\t\t\t\t<\/div>\n\t\t\t\t<\/div>\n\t\t<div class=\"elementor-element elementor-element-4540ff0 e-flex e-con-boxed e-con e-parent\" data-id=\"4540ff0\" data-element_type=\"container\">\n\t\t\t\t\t<div class=\"e-con-inner\">\n\t\t<div class=\"elementor-element elementor-element-d887d0e e-con-full e-flex e-con e-child\" data-id=\"d887d0e\" data-element_type=\"container\">\n\t\t\t\t<div class=\"elementor-element elementor-element-aa4e647 elementor-widget elementor-widget-image\" data-id=\"aa4e647\" data-element_type=\"widget\" data-widget_type=\"image.default\">\n\t\t\t\t<div class=\"elementor-widget-container\">\n\t\t\t\t\t\t\t\t\t\t\t\t\t\t\t<img fetchpriority=\"high\" decoding=\"async\" width=\"1920\" height=\"1600\" src=\"https:\/\/parlapharma.com\/wp-content\/uploads\/2022\/07\/Argentina-1F.jpg\" class=\"attachment-full size-full wp-image-944\" alt=\"\" srcset=\"https:\/\/parlapharma.com\/wp-content\/uploads\/2022\/07\/Argentina-1F.jpg 1920w, https:\/\/parlapharma.com\/wp-content\/uploads\/2022\/07\/Argentina-1F-300x250.jpg 300w, https:\/\/parlapharma.com\/wp-content\/uploads\/2022\/07\/Argentina-1F-1024x853.jpg 1024w, https:\/\/parlapharma.com\/wp-content\/uploads\/2022\/07\/Argentina-1F-768x640.jpg 768w, https:\/\/parlapharma.com\/wp-content\/uploads\/2022\/07\/Argentina-1F-1536x1280.jpg 1536w\" sizes=\"(max-width: 1920px) 100vw, 1920px\" \/>\t\t\t\t\t\t\t\t\t\t\t\t\t\t\t<\/div>\n\t\t\t\t<\/div>\n\t\t\t\t<\/div>\n\t\t<div class=\"elementor-element elementor-element-6c5889e e-con-full e-flex e-con e-child\" data-id=\"6c5889e\" data-element_type=\"container\">\n\t\t<div class=\"elementor-element elementor-element-4315f9e e-flex e-con-boxed e-con e-child\" data-id=\"4315f9e\" data-element_type=\"container\">\n\t\t\t\t\t<div class=\"e-con-inner\">\n\t\t\t\t<div class=\"elementor-element elementor-element-ca4d9e2 elementor-widget elementor-widget-image\" data-id=\"ca4d9e2\" data-element_type=\"widget\" data-widget_type=\"image.default\">\n\t\t\t\t<div class=\"elementor-widget-container\">\n\t\t\t\t\t\t\t\t\t\t\t\t\t\t\t<img decoding=\"async\" width=\"1024\" height=\"427\" src=\"https:\/\/parlapharma.com\/wp-content\/uploads\/2022\/07\/Argentina-2-1024x427.jpg\" class=\"attachment-large size-large wp-image-930\" alt=\"Argentina\" srcset=\"https:\/\/parlapharma.com\/wp-content\/uploads\/2022\/07\/Argentina-2-1024x427.jpg 1024w, https:\/\/parlapharma.com\/wp-content\/uploads\/2022\/07\/Argentina-2-300x125.jpg 300w, https:\/\/parlapharma.com\/wp-content\/uploads\/2022\/07\/Argentina-2-768x320.jpg 768w, https:\/\/parlapharma.com\/wp-content\/uploads\/2022\/07\/Argentina-2-1536x640.jpg 1536w, https:\/\/parlapharma.com\/wp-content\/uploads\/2022\/07\/Argentina-2.jpg 1920w\" sizes=\"(max-width: 1024px) 100vw, 1024px\" \/>\t\t\t\t\t\t\t\t\t\t\t\t\t\t\t<\/div>\n\t\t\t\t<\/div>\n\t\t\t\t\t<\/div>\n\t\t\t\t<\/div>\n\t\t<div class=\"elementor-element elementor-element-10bce47 e-flex e-con-boxed e-con e-child\" data-id=\"10bce47\" data-element_type=\"container\">\n\t\t\t\t\t<div class=\"e-con-inner\">\n\t\t\t\t<div class=\"elementor-element elementor-element-727eef6 elementor-widget elementor-widget-image\" data-id=\"727eef6\" data-element_type=\"widget\" data-widget_type=\"image.default\">\n\t\t\t\t<div class=\"elementor-widget-container\">\n\t\t\t\t\t\t\t\t\t\t\t\t\t\t\t<img decoding=\"async\" width=\"1024\" height=\"427\" src=\"https:\/\/parlapharma.com\/wp-content\/uploads\/2022\/07\/Argentina-1024x427.jpg\" class=\"attachment-large size-large wp-image-913\" alt=\"Argentina\" srcset=\"https:\/\/parlapharma.com\/wp-content\/uploads\/2022\/07\/Argentina-1024x427.jpg 1024w, https:\/\/parlapharma.com\/wp-content\/uploads\/2022\/07\/Argentina-300x125.jpg 300w, https:\/\/parlapharma.com\/wp-content\/uploads\/2022\/07\/Argentina-768x320.jpg 768w, https:\/\/parlapharma.com\/wp-content\/uploads\/2022\/07\/Argentina-1536x640.jpg 1536w, https:\/\/parlapharma.com\/wp-content\/uploads\/2022\/07\/Argentina.jpg 1920w\" sizes=\"(max-width: 1024px) 100vw, 1024px\" \/>\t\t\t\t\t\t\t\t\t\t\t\t\t\t\t<\/div>\n\t\t\t\t<\/div>\n\t\t\t\t\t<\/div>\n\t\t\t\t<\/div>\n\t\t\t\t<\/div>\n\t\t\t\t\t<\/div>\n\t\t\t\t<\/div>\n\t\t\t\t<\/div>","protected":false},"excerpt":{"rendered":"<p>Home News On July 2, Parla Pharmaceuticals received a visit from Sergio Perez Gunella, Argentina\u2019s Ambassador to the Republic of Azerbaijan and Ms. Corina Beatriz Lehmann, Deputy Head of Mission for a roundtable discussion. The parties concentrated their attention on the possible mutual collaboration of the private sectors of both countries in pharmaceutical sector. Officials [&hellip;]<\/p>","protected":false},"author":1,"featured_media":0,"parent":0,"menu_order":0,"comment_status":"closed","ping_status":"closed","template":"","meta":{"site-sidebar-layout":"no-sidebar","site-content-layout":"page-builder","ast-site-content-layout":"default","site-content-style":"default","site-sidebar-style":"default","ast-global-header-display":"","ast-banner-title-visibility":"","ast-main-header-display":"","ast-hfb-above-header-display":"","ast-hfb-below-header-display":"","ast-hfb-mobile-header-display":"","site-post-title":"disabled","ast-breadcrumbs-content":"","ast-featured-img":"disabled","footer-sml-layout":"","ast-disable-related-posts":"","theme-transparent-header-meta":"","adv-header-id-meta":"","stick-header-meta":"","header-above-stick-meta":"","header-main-stick-meta":"","header-below-stick-meta":"","astra-migrate-meta-layouts":"default","ast-page-background-enabled":"default","ast-page-background-meta":{"desktop":{"background-color":"","background-image":"","background-repeat":"repeat","background-position":"center center","background-size":"auto","background-attachment":"scroll","background-type":"","background-media":"","overlay-type":"","overlay-color":"","overlay-opacity":"","overlay-gradient":""},"tablet":{"background-color":"","background-image":"","background-repeat":"repeat","background-position":"center center","background-size":"auto","background-attachment":"scroll","background-type":"","background-media":"","overlay-type":"","overlay-color":"","overlay-opacity":"","overlay-gradient":""},"mobile":{"background-color":"","background-image":"","background-repeat":"repeat","background-position":"center center","background-size":"auto","background-attachment":"scroll","background-type":"","background-media":"","overlay-type":"","overlay-color":"","overlay-opacity":"","overlay-gradient":""}},"ast-content-background-meta":{"desktop":{"background-color":"var(--ast-global-color-5)","background-image":"","background-repeat":"repeat","background-position":"center center","background-size":"auto","background-attachment":"scroll","background-type":"","background-media":"","overlay-type":"","overlay-color":"","overlay-opacity":"","overlay-gradient":""},"tablet":{"background-color":"var(--ast-global-color-5)","background-image":"","background-repeat":"repeat","background-position":"center center","background-size":"auto","background-attachment":"scroll","background-type":"","background-media":"","overlay-type":"","overlay-color":"","overlay-opacity":"","overlay-gradient":""},"mobile":{"background-color":"var(--ast-global-color-5)","background-image":"","background-repeat":"repeat","background-position":"center center","background-size":"auto","background-attachment":"scroll","background-type":"","background-media":"","overlay-type":"","overlay-color":"","overlay-opacity":"","overlay-gradient":""}},"footnotes":""},"class_list":["post-928","page","type-page","status-publish","hentry"],"yoast_head":"<!-- This site is optimized with the Yoast SEO plugin v26.5 - https:\/\/yoast.com\/wordpress\/plugins\/seo\/ -->\n<title>Argentina embassy - Parlapharmaceuticals<\/title>\n<meta name=\"description\" content=\"Parlapharmaceuticals Argentina embassy Argentina embassy Parlapharmaceuticals made in Azerbaijan medicine export- derman ixraci-parlapharmaceuticals yerli derman\" \/>\n<meta name=\"robots\" content=\"index, follow, max-snippet:-1, max-image-preview:large, max-video-preview:-1\" \/>\n<link rel=\"canonical\" href=\"https:\/\/parlapharma.com\/az\/argentina-embassy\/\" \/>\n<meta property=\"og:locale\" content=\"az_AZ\" \/>\n<meta property=\"og:type\" content=\"article\" \/>\n<meta property=\"og:title\" content=\"Argentina embassy - Parlapharmaceuticals\" \/>\n<meta property=\"og:description\" content=\"Parlapharmaceuticals Argentina embassy Argentina embassy Parlapharmaceuticals made in Azerbaijan medicine export- derman ixraci-parlapharmaceuticals yerli derman\" \/>\n<meta property=\"og:url\" content=\"https:\/\/parlapharma.com\/az\/argentina-embassy\/\" \/>\n<meta property=\"og:site_name\" content=\"Parlapharmaceuticals\" \/>\n<meta property=\"article:publisher\" content=\"https:\/\/www.facebook.com\/parlapharma\/\" \/>\n<meta property=\"article:modified_time\" content=\"2023-10-06T12:38:14+00:00\" \/>\n<meta property=\"og:image\" content=\"https:\/\/parlapharma.com\/wp-content\/uploads\/2022\/07\/Argentina-1F.jpg\" \/>\n<meta name=\"twitter:card\" content=\"summary_large_image\" \/>\n<meta name=\"twitter:label1\" content=\"Est. reading time\" \/>\n\t<meta name=\"twitter:data1\" content=\"2 minutes\" \/>\n<script type=\"application\/ld+json\" class=\"yoast-schema-graph\">{\"@context\":\"https:\/\/schema.org\",\"@graph\":[{\"@type\":\"WebPage\",\"@id\":\"https:\/\/parlapharma.com\/argentina-embassy\/\",\"url\":\"https:\/\/parlapharma.com\/argentina-embassy\/\",\"name\":\"Argentina embassy - Parlapharmaceuticals\",\"isPartOf\":{\"@id\":\"https:\/\/parlapharma.com\/#website\"},\"primaryImageOfPage\":{\"@id\":\"https:\/\/parlapharma.com\/argentina-embassy\/#primaryimage\"},\"image\":{\"@id\":\"https:\/\/parlapharma.com\/argentina-embassy\/#primaryimage\"},\"thumbnailUrl\":\"https:\/\/parlapharma.com\/wp-content\/uploads\/2022\/07\/Argentina-1F.jpg\",\"datePublished\":\"2022-07-07T13:05:52+00:00\",\"dateModified\":\"2023-10-06T12:38:14+00:00\",\"description\":\"Parlapharmaceuticals Argentina embassy Argentina embassy Parlapharmaceuticals made in Azerbaijan medicine export- derman ixraci-parlapharmaceuticals yerli derman\",\"breadcrumb\":{\"@id\":\"https:\/\/parlapharma.com\/argentina-embassy\/#breadcrumb\"},\"inLanguage\":\"az\",\"potentialAction\":[{\"@type\":\"ReadAction\",\"target\":[\"https:\/\/parlapharma.com\/argentina-embassy\/\"]}]},{\"@type\":\"ImageObject\",\"inLanguage\":\"az\",\"@id\":\"https:\/\/parlapharma.com\/argentina-embassy\/#primaryimage\",\"url\":\"https:\/\/parlapharma.com\/wp-content\/uploads\/2022\/07\/Argentina-1F.jpg\",\"contentUrl\":\"https:\/\/parlapharma.com\/wp-content\/uploads\/2022\/07\/Argentina-1F.jpg\"},{\"@type\":\"BreadcrumbList\",\"@id\":\"https:\/\/parlapharma.com\/argentina-embassy\/#breadcrumb\",\"itemListElement\":[{\"@type\":\"ListItem\",\"position\":1,\"name\":\"Home\",\"item\":\"https:\/\/parlapharma.com\/\"},{\"@type\":\"ListItem\",\"position\":2,\"name\":\"Argentina embassy\"}]},{\"@type\":\"WebSite\",\"@id\":\"https:\/\/parlapharma.com\/#website\",\"url\":\"https:\/\/parlapharma.com\/\",\"name\":\"Parlapharmaceuticals\",\"description\":\"Pharmaceuticals site\",\"publisher\":{\"@id\":\"https:\/\/parlapharma.com\/#organization\"},\"potentialAction\":[{\"@type\":\"SearchAction\",\"target\":{\"@type\":\"EntryPoint\",\"urlTemplate\":\"https:\/\/parlapharma.com\/?s={search_term_string}\"},\"query-input\":{\"@type\":\"PropertyValueSpecification\",\"valueRequired\":true,\"valueName\":\"search_term_string\"}}],\"inLanguage\":\"az\"},{\"@type\":\"Organization\",\"@id\":\"https:\/\/parlapharma.com\/#organization\",\"name\":\"Parlapharmaceuticlas\",\"url\":\"https:\/\/parlapharma.com\/\",\"logo\":{\"@type\":\"ImageObject\",\"inLanguage\":\"az\",\"@id\":\"https:\/\/parlapharma.com\/#\/schema\/logo\/image\/\",\"url\":\"https:\/\/parlapharma.com\/wp-content\/uploads\/2022\/07\/LOGO-Big-1.png\",\"contentUrl\":\"https:\/\/parlapharma.com\/wp-content\/uploads\/2022\/07\/LOGO-Big-1.png\",\"width\":6890,\"height\":3776,\"caption\":\"Parlapharmaceuticlas\"},\"image\":{\"@id\":\"https:\/\/parlapharma.com\/#\/schema\/logo\/image\/\"},\"sameAs\":[\"https:\/\/www.facebook.com\/parlapharma\/\",\"https:\/\/www.instagram.com\/parlapharma\/\",\"https:\/\/www.youtube.com\/channel\/UCeGsUOlyz-DgZFruHcz39gQ\"]}]}<\/script>\n<!-- \/ Yoast SEO plugin. -->","yoast_head_json":{"title":"Argentina embassy - Parlapharmaceuticals","description":"Parlapharmaceuticals Argentina embassy Argentina embassy Parlapharmaceuticals made in Azerbaijan medicine export- derman ixraci-parlapharmaceuticals yerli derman","robots":{"index":"index","follow":"follow","max-snippet":"max-snippet:-1","max-image-preview":"max-image-preview:large","max-video-preview":"max-video-preview:-1"},"canonical":"https:\/\/parlapharma.com\/az\/argentina-embassy\/","og_locale":"az_AZ","og_type":"article","og_title":"Argentina embassy - Parlapharmaceuticals","og_description":"Parlapharmaceuticals Argentina embassy Argentina embassy Parlapharmaceuticals made in Azerbaijan medicine export- derman ixraci-parlapharmaceuticals yerli derman","og_url":"https:\/\/parlapharma.com\/az\/argentina-embassy\/","og_site_name":"Parlapharmaceuticals","article_publisher":"https:\/\/www.facebook.com\/parlapharma\/","article_modified_time":"2023-10-06T12:38:14+00:00","og_image":[{"url":"https:\/\/parlapharma.com\/wp-content\/uploads\/2022\/07\/Argentina-1F.jpg","type":"","width":"","height":""}],"twitter_card":"summary_large_image","twitter_misc":{"Est. reading time":"2 minutes"},"schema":{"@context":"https:\/\/schema.org","@graph":[{"@type":"WebPage","@id":"https:\/\/parlapharma.com\/argentina-embassy\/","url":"https:\/\/parlapharma.com\/argentina-embassy\/","name":"Argentina embassy - Parlapharmaceuticals","isPartOf":{"@id":"https:\/\/parlapharma.com\/#website"},"primaryImageOfPage":{"@id":"https:\/\/parlapharma.com\/argentina-embassy\/#primaryimage"},"image":{"@id":"https:\/\/parlapharma.com\/argentina-embassy\/#primaryimage"},"thumbnailUrl":"https:\/\/parlapharma.com\/wp-content\/uploads\/2022\/07\/Argentina-1F.jpg","datePublished":"2022-07-07T13:05:52+00:00","dateModified":"2023-10-06T12:38:14+00:00","description":"Parlapharmaceuticals Argentina embassy Argentina embassy Parlapharmaceuticals made in Azerbaijan medicine export- derman ixraci-parlapharmaceuticals yerli derman","breadcrumb":{"@id":"https:\/\/parlapharma.com\/argentina-embassy\/#breadcrumb"},"inLanguage":"az","potentialAction":[{"@type":"ReadAction","target":["https:\/\/parlapharma.com\/argentina-embassy\/"]}]},{"@type":"ImageObject","inLanguage":"az","@id":"https:\/\/parlapharma.com\/argentina-embassy\/#primaryimage","url":"https:\/\/parlapharma.com\/wp-content\/uploads\/2022\/07\/Argentina-1F.jpg","contentUrl":"https:\/\/parlapharma.com\/wp-content\/uploads\/2022\/07\/Argentina-1F.jpg"},{"@type":"BreadcrumbList","@id":"https:\/\/parlapharma.com\/argentina-embassy\/#breadcrumb","itemListElement":[{"@type":"ListItem","position":1,"name":"Home","item":"https:\/\/parlapharma.com\/"},{"@type":"ListItem","position":2,"name":"Argentina embassy"}]},{"@type":"WebSite","@id":"https:\/\/parlapharma.com\/#website","url":"https:\/\/parlapharma.com\/","name":"Parlapharmaceuticals","description":"Pharmaceuticals site","publisher":{"@id":"https:\/\/parlapharma.com\/#organization"},"potentialAction":[{"@type":"SearchAction","target":{"@type":"EntryPoint","urlTemplate":"https:\/\/parlapharma.com\/?s={search_term_string}"},"query-input":{"@type":"PropertyValueSpecification","valueRequired":true,"valueName":"search_term_string"}}],"inLanguage":"az"},{"@type":"Organization","@id":"https:\/\/parlapharma.com\/#organization","name":"Parlapharmaceuticlas","url":"https:\/\/parlapharma.com\/","logo":{"@type":"ImageObject","inLanguage":"az","@id":"https:\/\/parlapharma.com\/#\/schema\/logo\/image\/","url":"https:\/\/parlapharma.com\/wp-content\/uploads\/2022\/07\/LOGO-Big-1.png","contentUrl":"https:\/\/parlapharma.com\/wp-content\/uploads\/2022\/07\/LOGO-Big-1.png","width":6890,"height":3776,"caption":"Parlapharmaceuticlas"},"image":{"@id":"https:\/\/parlapharma.com\/#\/schema\/logo\/image\/"},"sameAs":["https:\/\/www.facebook.com\/parlapharma\/","https:\/\/www.instagram.com\/parlapharma\/","https:\/\/www.youtube.com\/channel\/UCeGsUOlyz-DgZFruHcz39gQ"]}]}},"jetpack_sharing_enabled":true,"_links":{"self":[{"href":"https:\/\/parlapharma.com\/az\/wp-json\/wp\/v2\/pages\/928","targetHints":{"allow":["GET"]}}],"collection":[{"href":"https:\/\/parlapharma.com\/az\/wp-json\/wp\/v2\/pages"}],"about":[{"href":"https:\/\/parlapharma.com\/az\/wp-json\/wp\/v2\/types\/page"}],"author":[{"embeddable":true,"href":"https:\/\/parlapharma.com\/az\/wp-json\/wp\/v2\/users\/1"}],"replies":[{"embeddable":true,"href":"https:\/\/parlapharma.com\/az\/wp-json\/wp\/v2\/comments?post=928"}],"version-history":[{"count":29,"href":"https:\/\/parlapharma.com\/az\/wp-json\/wp\/v2\/pages\/928\/revisions"}],"predecessor-version":[{"id":4699,"href":"https:\/\/parlapharma.com\/az\/wp-json\/wp\/v2\/pages\/928\/revisions\/4699"}],"wp:attachment":[{"href":"https:\/\/parlapharma.com\/az\/wp-json\/wp\/v2\/media?parent=928"}],"curies":[{"name":"wp","href":"https:\/\/api.w.org\/{rel}","templated":true}]}}